{"id":2569,"date":"2025-09-09T02:57:47","date_gmt":"2025-09-09T02:57:47","guid":{"rendered":"https:\/\/xjyco.com\/?post_type=product&#038;p=2569"},"modified":"2026-04-26T13:31:26","modified_gmt":"2026-04-26T13:31:26","slug":"containerized-water-treatment-plant","status":"publish","type":"product","link":"https:\/\/xjyco.com\/de\/product\/containerized-water-treatment-plant\/","title":{"rendered":"Containerisierte Wasseraufbereitungsanlage"},"content":{"rendered":"<p>Die im Bild gezeigte Container-Wasseraufbereitungsanlage hat eine Produktionskapazit\u00e4t von 30 Tonnen Wasser pro Stunde. Ihre Kerntechnologie ist die <a href=\"https:\/\/xjyco.com\/de\/product\/reverse-osmosis-systems\/\">Umkehrosmose<\/a> Membrantrennverfahren. Unter dem Druck, der h\u00f6her ist als der osmotische Druck der L\u00f6sung, werden die Verunreinigungen im Wasser abgeschieden. Denn die Umkehrosmosemembran l\u00e4sst nur Wassermolek\u00fcle passieren. Dadurch wird der Zweck der Reinigung der Wasserqualit\u00e4t erreicht. Unsere Fabrik akzeptiert die Anpassung verschiedener Spezifikationen, von 250 LPH bis 100 TLPH.<\/p>\n<p>Dar\u00fcber hinaus k\u00f6nnen die in Container-Wasseraufbereitungsanlagen verwendeten Technologien Ultrafiltration, Meerwasserentsalzung usw. umfassen. Das spezifische Wasserreinigungsverfahren h\u00e4ngt von der Wasserquelle ab.<\/p>\n<p>Was den Energiesektor betrifft, so kann unser Unternehmen bei Bedarf auch die Ausr\u00fcstung f\u00fcr Solarcontainer anpassen.<\/p>\n<h2><strong><b>Wie funktionieren containerisierte Wasseraufbereitungsanlagen?<\/b><\/strong><\/h2>\n<p>Im Folgenden werde ich das Funktionsprinzip von Umkehrosmoseanlagen in Containern erkl\u00e4ren.<\/p>\n<p>Aufgrund der halbdurchl\u00e4ssigen Membraneigenschaften der RO-Membran k\u00f6nnen wir eine hocheffiziente Reinigung unter Druck durchf\u00fchren. Sie kann den Salzgehalt erheblich reduzieren und die Reinigungsrate kann 95% - 99% oder mehr erreichen. Wir verwenden die RO-Membran, um Bakterien, Viren und andere Mikroorganismen in gro\u00dfem Umfang abzufangen, um eine Verschlechterung der Wasserqualit\u00e4t zu verhindern. Nach dem Prinzip \"Gleiches l\u00f6st Gleiches\" entfernen wir die meisten organischen Stoffe, um die Wasserqualit\u00e4t zu verbessern. Die Wasserqualit\u00e4t wird mit Hilfe von Regelvorrichtungen in den Vorbehandlungs- und Nachbehandlungsstufen an die jeweiligen Bed\u00fcrfnisse angepasst.<\/p>\n<p>Die Wasseraufbereitung kann im Wesentlichen in drei Schritte unterteilt werden.<\/p>\n<h3>1. die Vorbehandlung<\/h3>\n<p>Das Rohwasser durchl\u00e4uft zun\u00e4chst den Rohwassertank und die Rohwasserpumpe. Dann durchl\u00e4uft es den Multi-Media-Filter (Entfernung von Schwebstoffen usw.), den Aktivkohlefilter (Entfernung von organischen Stoffen usw. und Begrenzung des Restchlors). Wenn das Rohwasser einen hohen H\u00e4rtegrad aufweist, muss es auch durch den Enth\u00e4rter (der Kalzium- und Magnesiumionen adsorbiert) geleitet werden.<\/p>\n<h3>2. die Behandlung durch Umkehrosmose<\/h3>\n<p>Zweitens filtert der Sicherheitsfilter das vorbehandelte Wasser fein, um Verunreinigungen mit unterschiedlicher Genauigkeit zu entfernen und die Wasserqualit\u00e4t zu gew\u00e4hrleisten. Die Hochdruckpumpe wird durch mehrere Faktoren gesteuert, um die Umkehrosmose-Membran mit Druck zu versorgen und so eine Stofftrennung zu erreichen. Die Umkehrosmose-Membrananordnung erm\u00f6glicht es, einen Teil des Wassers zu reinigen und unter hohem Druck zu produzieren, wobei Verunreinigungen abgefangen werden, und die Entsalzungsrate \u00fcbersteigt 98%.<\/p>\n<h3>3. die Nachbehandlung und Lagerung<\/h3>\n<p>Schlie\u00dflich kann das saubere Wasser nach der Umkehrosmoseaufbereitung R\u00fcckst\u00e4nde von Mikroorganismen enthalten. Dann m\u00fcssen wir Ultraviolettlampen, Ozonsterilisatoren usw. zur Desinfektion einsetzen. Das desinfizierte Wasser wird im Reinwassertank gespeichert und mit der Reinwasserpumpe zur Wasserentnahmestelle bef\u00f6rdert, um den Bedarf zu decken.<\/p>\n<p><img fetchpriority=\"high\" decoding=\"async\" class=\"wp-image-6016 size-full aligncenter\" src=\"https:\/\/xjyco.com\/wp-content\/uploads\/2025\/09\/reverse-osmosis-process.jpeg\" alt=\"Umkehrosmoseverfahren\" width=\"1024\" height=\"768\" title=\"\" srcset=\"https:\/\/xjyco.com\/wp-content\/uploads\/2025\/09\/reverse-osmosis-process.jpeg 1024w, https:\/\/xjyco.com\/wp-content\/uploads\/2025\/09\/reverse-osmosis-process-300x225.jpeg 300w, https:\/\/xjyco.com\/wp-content\/uploads\/2025\/09\/reverse-osmosis-process-512x384.jpeg 512w, https:\/\/xjyco.com\/wp-content\/uploads\/2025\/09\/reverse-osmosis-process-150x113.jpeg 150w, https:\/\/xjyco.com\/wp-content\/uploads\/2025\/09\/reverse-osmosis-process-768x576.jpeg 768w\" sizes=\"(max-width: 1024px) 100vw, 1024px\" \/><\/p>\n<h2>Vorteile von <strong><b>containerisierte Wasseraufbereitungsanlage<\/b><\/strong><\/h2>\n<p><strong>1. modulare Erweiterung<\/strong><\/p>\n<p>Durch die Verwendung einer Standard-Containerstruktur kann es bequem auf der Stra\u00dfe, der Schiene und dem Seeweg transportiert werden. Die Anlage wird im Werk vollst\u00e4ndig vormontiert und in Betrieb genommen, so dass vor Ort nur noch die Wasserzu- und -ableitungen sowie das Stromnetz angeschlossen werden m\u00fcssen. Sie kann innerhalb von 1-3 Tagen in Betrieb genommen werden, was eine Effizienzsteigerung von mehr als 90% im Vergleich zum Bauzyklus herk\u00f6mmlicher Wasseraufbereitungsanlagen bedeutet, der mehrere Monate dauert.<\/p>\n<p><strong>2. starke Wasserproduktionskapazit\u00e4t<\/strong><\/p>\n<p>Die Wasserproduktion pro Stunde betr\u00e4gt bis zu 30 Tonnen, womit der Wasserbedarf in gro\u00dfem Umfang und kontinuierlich gedeckt werden kann. Ob es sich um die industrielle Gro\u00dfproduktion oder um die Wasserversorgung in dicht besiedelten Gebieten handelt, sie kann stabil ausreichende Wasserquellen liefern.<\/p>\n<p><strong>3. ausgezeichnete Wasserqualit\u00e4t<\/strong><\/p>\n<p>Die Container-Wasseraufbereitungsanlage hat eine Entsalzungsrate von \u00fcber 95%, und da die Porengr\u00f6\u00dfe der Umkehrosmosemembran nur 0,0001 Mikrometer betr\u00e4gt, kann sie fast alle Mikroorganismen abfangen und so die Sicherheit der mikrobiellen Indikatoren f\u00fcr die Wasserqualit\u00e4t gew\u00e4hrleisten. Sie kann auch den Gehalt an organischen Stoffen wie Humins\u00e4ure stark reduzieren und den CSB und BSB verringern.<\/p>\n<p><strong>4. stabiler Betrieb<\/strong><\/p>\n<p>Die Maschine verf\u00fcgt \u00fcber einen hohen Automatisierungsgrad, verwendet SPS zur Einstellung der Betriebsparameter, passt den Zustand entsprechend dem eingestellten Wert an, verf\u00fcgt \u00fcber Hoch- und Niederdruckschutz, Wassermangelschutz und andere Fehlermeldungen, kann kontinuierlich und stabil arbeiten und kontinuierlich und stabil Wasser produzieren<\/p>\n<p><strong>5. kosteng\u00fcnstig und effizient<\/strong><\/p>\n<p>Die Anlage hat den Vorteil, dass sie wenig Energie verbraucht. Die fortschrittliche Umkehrosmose-Technologie optimiert den Energieverbrauch im Betrieb, reduziert die langfristigen Kosten, hat eine hohe R\u00fcckgewinnungsrate, kann die Nutzung der Wasserressourcen verbessern und die Abfall- und Wasserkosten reduzieren.<\/p>\n<p><strong>6. weit verbreitet<\/strong><\/p>\n<p>Im industriellen Bereich eignet sich das System f\u00fcr die Elektronik-, Pharma-, Chemie-, Lebensmittel- und Getr\u00e4nkeindustrie, wo es hochreines Prozesswasser zur Gew\u00e4hrleistung der Produktqualit\u00e4t liefert. In einem anderen Lebensbereich k\u00f6nnen wir Containeranlagen in Gemeinden, Schulen, Krankenh\u00e4usern, Hotels und anderen Orten zur Versorgung mit hochwertigem Trinkwasser einsetzen.<\/p>","protected":false},"excerpt":{"rendered":"<p>Die containerbasierte Wasseraufbereitungsanlage ist eine hocheffiziente und umweltfreundliche Anlage, die fortschrittliche Wasseraufbereitungstechnologie mit einem standardisierten Containerdesign vereint. Sie integriert Vorbehandlungssystem, Haupteinheit, intelligente Steuerung, Reinigungs- und Wartungseinrichtungen sowie einen Wasserspeicher in einem 20- oder 40-Fu\u00df-Standardcontainer und realisiert so einen geschlossenen Kreislauf von der Rohwasseraufbereitung bis zum standardisierten Produktionswasser.<\/p>","protected":false},"featured_media":6794,"comment_status":"closed","ping_status":"closed","template":"","meta":{"_acf_changed":false,"site-sidebar-layout":"default","site-content-layout":"","ast-site-content-layout":"default","site-content-style":"default","site-sidebar-style":"default","ast-global-header-display":"","ast-banner-title-visibility":"","ast-main-header-display":"","ast-hfb-above-header-display":"","ast-hfb-below-header-display":"","ast-hfb-mobile-header-display":"","site-post-title":"","ast-breadcrumbs-content":"","ast-featured-img":"","footer-sml-layout":"","ast-disable-related-posts":"","theme-transparent-header-meta":"default","adv-header-id-meta":"","stick-header-meta":"default","header-above-stick-meta":"","header-main-stick-meta":"","header-below-stick-meta":"","astra-migrate-meta-layouts":"set","ast-page-background-enabled":"default","ast-page-background-meta":{"desktop":{"background-color":"var(--ast-global-color-5)","background-image":"","background-repeat":"repeat","background-position":"center center","background-size":"auto","background-attachment":"scroll","background-type":"","background-media":"","overlay-type":"","overlay-color":"","overlay-opacity":"","overlay-gradient":""},"tablet":{"background-color":"","background-image":"","background-repeat":"repeat","background-position":"center center","background-size":"auto","background-attachment":"scroll","background-type":"","background-media":"","overlay-type":"","overlay-color":"","overlay-opacity":"","overlay-gradient":""},"mobile":{"background-color":"","background-image":"","background-repeat":"repeat","background-position":"center center","background-size":"auto","background-attachment":"scroll","background-type":"","background-media":"","overlay-type":"","overlay-color":"","overlay-opacity":"","overlay-gradient":""}},"ast-content-background-meta":{"desktop":{"background-color":"var(--ast-global-color-4)","background-image":"","background-repeat":"repeat","background-position":"center center","background-size":"auto","background-attachment":"scroll","background-type":"","background-media":"","overlay-type":"","overlay-color":"","overlay-opacity":"","overlay-gradient":""},"tablet":{"background-color":"var(--ast-global-color-4)","background-image":"","background-repeat":"repeat","background-position":"center center","background-size":"auto","background-attachment":"scroll","background-type":"","background-media":"","overlay-type":"","overlay-color":"","overlay-opacity":"","overlay-gradient":""},"mobile":{"background-color":"var(--ast-global-color-4)","background-image":"","background-repeat":"repeat","background-position":"center center","background-size":"auto","background-attachment":"scroll","background-type":"","background-media":"","overlay-type":"","overlay-color":"","overlay-opacity":"","overlay-gradient":""}}},"product_brand":[145],"product_cat":[81],"product_tag":[155],"class_list":{"0":"post-2569","1":"product","2":"type-product","3":"status-publish","4":"has-post-thumbnail","6":"product_brand-xinjieyuan","7":"product_cat-water-treatment-equipment","8":"product_tag-containerized-water-treatment-plant","9":"desktop-align-center","10":"tablet-align-center","11":"mobile-align-center","13":"first","14":"instock","15":"shipping-taxable","16":"purchasable","17":"product-type-simple"},"acf":[],"_links":{"self":[{"href":"https:\/\/xjyco.com\/de\/wp-json\/wp\/v2\/product\/2569","targetHints":{"allow":["GET"]}}],"collection":[{"href":"https:\/\/xjyco.com\/de\/wp-json\/wp\/v2\/product"}],"about":[{"href":"https:\/\/xjyco.com\/de\/wp-json\/wp\/v2\/types\/product"}],"replies":[{"embeddable":true,"href":"https:\/\/xjyco.com\/de\/wp-json\/wp\/v2\/comments?post=2569"}],"wp:featuredmedia":[{"embeddable":true,"href":"https:\/\/xjyco.com\/de\/wp-json\/wp\/v2\/media\/6794"}],"wp:attachment":[{"href":"https:\/\/xjyco.com\/de\/wp-json\/wp\/v2\/media?parent=2569"}],"wp:term":[{"taxonomy":"product_brand","embeddable":true,"href":"https:\/\/xjyco.com\/de\/wp-json\/wp\/v2\/product_brand?post=2569"},{"taxonomy":"product_cat","embeddable":true,"href":"https:\/\/xjyco.com\/de\/wp-json\/wp\/v2\/product_cat?post=2569"},{"taxonomy":"product_tag","embeddable":true,"href":"https:\/\/xjyco.com\/de\/wp-json\/wp\/v2\/product_tag?post=2569"}],"curies":[{"name":"wp","href":"https:\/\/api.w.org\/{rel}","templated":true}]}}