{"id":4077,"date":"2025-09-18T07:55:30","date_gmt":"2025-09-18T07:55:30","guid":{"rendered":"https:\/\/xjyco.com\/?post_type=product&#038;p=4077"},"modified":"2026-04-26T13:34:28","modified_gmt":"2026-04-26T13:34:28","slug":"automatic-packing-machine","status":"publish","type":"product","link":"https:\/\/xjyco.com\/de\/product\/automatic-packing-machine\/","title":{"rendered":"Automatische Verpackungsmaschine"},"content":{"rendered":"<p>Die automatische Verpackungsmaschine von XinJieYuan ist der letzte Schritt in der <a href=\"https:\/\/xjyco.com\/de\/product\/water-filling-machine\/\"><span style=\"color: #0000ff;\"><strong>Wasserf\u00fcllanlage<\/strong><\/span><\/a>, die speziell f\u00fcr die Verpackung von reinen Wasserfl\u00fcssigkeiten in Beuteln entwickelt wurden.<\/p>\n<p>Es f\u00fchrt automatisch die entsprechenden Verschlie\u00dfvorg\u00e4nge f\u00fcr die g\u00e4ngigen Flaschen- oder Beutelverpackungen von Wasserprodukten durch. Wir k\u00f6nnen Wasser in Flaschen mit Schraub- oder Presskappen verschlie\u00dfen, w\u00e4hrend die Hersteller die \u00d6ffnungen von Wasser in Beuteln mit der Hei\u00dfsiegeltechnik sicher verschlie\u00dfen. Diese Versiegelungsmethode isoliert das Wasser vollst\u00e4ndig von Luft und Staub, verhindert das Auslaufen von Wasser und sekund\u00e4re Verunreinigungen und gew\u00e4hrleistet die Sauberkeit w\u00e4hrend der Lagerung und des Transports des Wassers.<\/p>\n<p>Dieses Ger\u00e4t versiegelt nicht nur effizient gereinigte und reine Wasserprodukte in Beuteln oder Flaschen nach vorherigen Reinigungs- und Abf\u00fcllprozessen. Gleichzeitig werden auch Informationen wie das Produktionsdatum und die Chargennummer aufgedruckt. Daher k\u00f6nnen wir verpacktes Wasser an Gemeinden, Superm\u00e4rkte, Flugh\u00e4fen, Gro\u00dfm\u00e4rkte und andere unterschiedliche Umgebungen verkaufen.<\/p>\n<h2><strong><b>Wie funktioniert eine automatische Verpackungsmaschine?<\/b><\/strong><strong><b>\u00a0arbeiten?<\/b><\/strong><\/h2>\n<h3>1. Materialtransport<\/h3>\n<p>Zun\u00e4chst werden die zu verpackenden Produkte \u00fcber ein F\u00f6rderband automatisch zur Wasserf\u00fcllposition transportiert.<\/p>\n<h3>2. Messen\/Abf\u00fcllen<\/h3>\n<p>Zweitens steuert die automatisierte Konstruktion genau die Menge des verwendeten Materials und f\u00fcllt es in Verpackungsbeh\u00e4lter (wie Beutel, Kartons, Flaschen usw.) ab. Daher wird es von Unternehmen h\u00e4ufig in der Getr\u00e4nke-, Molkerei-, Mineralwasser- und verpackten Wasserindustrie eingesetzt.<\/p>\n<h3>3. die Bildung von Containern\/Lieferung<\/h3>\n<p>Drittens liefert die Anlage automatisch vorgefertigte Beh\u00e4lter (wie Glasflaschen, Kunststoffflaschen, Beutel (Verbundfolienbeutel), Verpackungen).<\/p>\n<h3>4. Versiegeln<\/h3>\n<p>Schlie\u00dflich wird der Verpackungsbeh\u00e4lter durch Hei\u00dfsiegeln, Drucksiegeln, Schraubverschlie\u00dfen, Etikettieren usw. versiegelt, um ein Auslaufen, Feuchtigkeit oder eine Verschlechterung des Materials zu verhindern (z. B. der Hei\u00dfsiegelrand bei Snackbeuteln und der Schraubverschluss bei Getr\u00e4nkeflaschen).<a href=\"https:\/\/xjyco.com\/wp-content\/uploads\/2025\/09\/automatic-packing-machine-process.jpg\"><img fetchpriority=\"high\" decoding=\"async\" class=\"aligncenter wp-image-4080 size-large\" src=\"https:\/\/xjyco.com\/wp-content\/uploads\/2025\/09\/automatic-packing-machine-process-1024x1024.jpg\" alt=\"Verfahren der automatischen Verpackungsmaschine\" width=\"1024\" height=\"1024\" title=\"\" srcset=\"https:\/\/xjyco.com\/wp-content\/uploads\/2025\/09\/automatic-packing-machine-process-1024x1024.jpg 1024w, https:\/\/xjyco.com\/wp-content\/uploads\/2025\/09\/automatic-packing-machine-process-300x300.jpg 300w, https:\/\/xjyco.com\/wp-content\/uploads\/2025\/09\/automatic-packing-machine-process-100x100.jpg 100w, https:\/\/xjyco.com\/wp-content\/uploads\/2025\/09\/automatic-packing-machine-process-150x150.jpg 150w, https:\/\/xjyco.com\/wp-content\/uploads\/2025\/09\/automatic-packing-machine-process-768x768.jpg 768w, https:\/\/xjyco.com\/wp-content\/uploads\/2025\/09\/automatic-packing-machine-process-1536x1536.jpg 1536w, https:\/\/xjyco.com\/wp-content\/uploads\/2025\/09\/automatic-packing-machine-process.jpg 2000w\" sizes=\"(max-width: 1024px) 100vw, 1024px\" \/><\/a><\/p>\n<h2><strong><b>Wie werden <\/b><\/strong><strong><b>Verpackungsautomat <\/b><\/strong><strong><b>aussehen?<\/b><\/strong><\/h2>\n<p><a href=\"https:\/\/xjyco.com\/wp-content\/uploads\/2025\/09\/automatic-packing-machine.jpg\"><img decoding=\"async\" class=\"aligncenter wp-image-4079 size-large\" src=\"https:\/\/xjyco.com\/wp-content\/uploads\/2025\/09\/automatic-packing-machine-1024x1024.jpg\" alt=\"Verpackungsautomat\" width=\"1024\" height=\"1024\" title=\"\" srcset=\"https:\/\/xjyco.com\/wp-content\/uploads\/2025\/09\/automatic-packing-machine-1024x1024.jpg 1024w, https:\/\/xjyco.com\/wp-content\/uploads\/2025\/09\/automatic-packing-machine-300x300.jpg 300w, https:\/\/xjyco.com\/wp-content\/uploads\/2025\/09\/automatic-packing-machine-100x100.jpg 100w, https:\/\/xjyco.com\/wp-content\/uploads\/2025\/09\/automatic-packing-machine-150x150.jpg 150w, https:\/\/xjyco.com\/wp-content\/uploads\/2025\/09\/automatic-packing-machine-768x768.jpg 768w, https:\/\/xjyco.com\/wp-content\/uploads\/2025\/09\/automatic-packing-machine-1536x1536.jpg 1536w, https:\/\/xjyco.com\/wp-content\/uploads\/2025\/09\/automatic-packing-machine.jpg 2000w\" sizes=\"(max-width: 1024px) 100vw, 1024px\" \/><\/a><\/p>\n<h2><strong><b>Was sind die Vorteile von <\/b><\/strong><strong><b>Verpackungsautomat<\/b><\/strong><b><\/b><strong><b>?<\/b><\/strong><\/h2>\n<p><strong>1. Hoher Wirkungsgrad<\/strong><br \/>\nEr kann Dutzende bis Hunderte von Produkten pro Minute verpacken, was die manuelle Arbeit weit \u00fcbertrifft.<br \/>\n<strong>2. Akkurate Pr\u00e4zision<\/strong><br \/>\nMessfehler werden innerhalb von \u00b11% kontrolliert. So werden die Probleme des \u201c\u00dcberf\u00fcllens\u201d und \u201cUnterf\u00fcllens\u201d beseitigt, die oft mit dem manuellen Bef\u00fcllen verbunden sind.<br \/>\n<strong>3. Hygiene und Sicherheit<\/strong><br \/>\nWir fertigen produktber\u00fchrende Teile aus Edelstahl und statten sie mit einer integrierten Desinfektion aus, die das Risiko einer Kontamination durch manuellen Kontakt verringert (besonders geeignet f\u00fcr Lebensmittel und pharmazeutische Produkte).<br \/>\n<strong>4. Kostenreduzierung<\/strong><br \/>\nDurch den langfristigen Einsatz k\u00f6nnen mehrere Verpackungsmitarbeiter ersetzt werden, was die Kosten f\u00fcr Personal, Management und Schulungen senkt.<br \/>\n<strong>5. Gleichzeitige Informationskodierung<\/strong><br \/>\nDruckt automatisch das Produktionsdatum, das Verfallsdatum, die Chargennummer und den F\u00e4lschungsschutzcode auf die Verpackungsoberfl\u00e4che gem\u00e4\u00df den Anforderungen der Lebensmittel- und Getr\u00e4nkeindustrie.<br \/>\n<strong>6. Benutzerfreundlich<\/strong><br \/>\nDas Ger\u00e4t verf\u00fcgt \u00fcber eine visuelle Mensch-Maschine-Schnittstelle (Touchscreen-Bedienung mit grafischer F\u00fchrung). Mit anderen Worten: Es sind keine spezialisierten Techniker erforderlich. Gew\u00f6hnliche Arbeiter k\u00f6nnen es nach einer 1-2-st\u00fcndigen Schulung selbst\u00e4ndig bedienen.<\/p>\n<p>&nbsp;<\/p>","protected":false},"excerpt":{"rendered":"<p>Es kann automatisch mit ultravioletten Strahlen sterilisieren, automatisch Materialbeutel mit R\u00fccksiegelung bilden, quantitativ f\u00fcllen, versiegeln und auf einmal schneiden und das Z\u00e4hldatum drucken.<\/p>","protected":false},"featured_media":4082,"comment_status":"closed","ping_status":"closed","template":"","meta":{"_acf_changed":false,"site-sidebar-layout":"default","site-content-layout":"","ast-site-content-layout":"default","site-content-style":"default","site-sidebar-style":"default","ast-global-header-display":"","ast-banner-title-visibility":"","ast-main-header-display":"","ast-hfb-above-header-display":"","ast-hfb-below-header-display":"","ast-hfb-mobile-header-display":"","site-post-title":"","ast-breadcrumbs-content":"","ast-featured-img":"","footer-sml-layout":"","ast-disable-related-posts":"","theme-transparent-header-meta":"default","adv-header-id-meta":"","stick-header-meta":"default","header-above-stick-meta":"","header-main-stick-meta":"","header-below-stick-meta":"","astra-migrate-meta-layouts":"set","ast-page-background-enabled":"default","ast-page-background-meta":{"desktop":{"background-color":"var(--ast-global-color-5)","background-image":"","background-repeat":"repeat","background-position":"center center","background-size":"auto","background-attachment":"scroll","background-type":"","background-media":"","overlay-type":"","overlay-color":"","overlay-opacity":"","overlay-gradient":""},"tablet":{"background-color":"","background-image":"","background-repeat":"repeat","background-position":"center center","background-size":"auto","background-attachment":"scroll","background-type":"","background-media":"","overlay-type":"","overlay-color":"","overlay-opacity":"","overlay-gradient":""},"mobile":{"background-color":"","background-image":"","background-repeat":"repeat","background-position":"center center","background-size":"auto","background-attachment":"scroll","background-type":"","background-media":"","overlay-type":"","overlay-color":"","overlay-opacity":"","overlay-gradient":""}},"ast-content-background-meta":{"desktop":{"background-color":"var(--ast-global-color-4)","background-image":"","background-repeat":"repeat","background-position":"center center","background-size":"auto","background-attachment":"scroll","background-type":"","background-media":"","overlay-type":"","overlay-color":"","overlay-opacity":"","overlay-gradient":""},"tablet":{"background-color":"var(--ast-global-color-4)","background-image":"","background-repeat":"repeat","background-position":"center center","background-size":"auto","background-attachment":"scroll","background-type":"","background-media":"","overlay-type":"","overlay-color":"","overlay-opacity":"","overlay-gradient":""},"mobile":{"background-color":"var(--ast-global-color-4)","background-image":"","background-repeat":"repeat","background-position":"center center","background-size":"auto","background-attachment":"scroll","background-type":"","background-media":"","overlay-type":"","overlay-color":"","overlay-opacity":"","overlay-gradient":""}}},"product_brand":[145],"product_cat":[81],"product_tag":[113],"class_list":{"0":"post-4077","1":"product","2":"type-product","3":"status-publish","4":"has-post-thumbnail","6":"product_brand-xinjieyuan","7":"product_cat-water-treatment-equipment","8":"product_tag-automatic-packing-machine","9":"pa_product-pecifications-name","10":"desktop-align-center","11":"tablet-align-center","12":"mobile-align-center","14":"first","15":"instock","16":"shipping-taxable","17":"purchasable","18":"product-type-simple"},"acf":[],"_links":{"self":[{"href":"https:\/\/xjyco.com\/de\/wp-json\/wp\/v2\/product\/4077","targetHints":{"allow":["GET"]}}],"collection":[{"href":"https:\/\/xjyco.com\/de\/wp-json\/wp\/v2\/product"}],"about":[{"href":"https:\/\/xjyco.com\/de\/wp-json\/wp\/v2\/types\/product"}],"replies":[{"embeddable":true,"href":"https:\/\/xjyco.com\/de\/wp-json\/wp\/v2\/comments?post=4077"}],"wp:featuredmedia":[{"embeddable":true,"href":"https:\/\/xjyco.com\/de\/wp-json\/wp\/v2\/media\/4082"}],"wp:attachment":[{"href":"https:\/\/xjyco.com\/de\/wp-json\/wp\/v2\/media?parent=4077"}],"wp:term":[{"taxonomy":"product_brand","embeddable":true,"href":"https:\/\/xjyco.com\/de\/wp-json\/wp\/v2\/product_brand?post=4077"},{"taxonomy":"product_cat","embeddable":true,"href":"https:\/\/xjyco.com\/de\/wp-json\/wp\/v2\/product_cat?post=4077"},{"taxonomy":"product_tag","embeddable":true,"href":"https:\/\/xjyco.com\/de\/wp-json\/wp\/v2\/product_tag?post=4077"}],"curies":[{"name":"wp","href":"https:\/\/api.w.org\/{rel}","templated":true}]}}