{"id":9,"date":"2025-08-28T06:07:18","date_gmt":"2025-08-28T06:07:18","guid":{"rendered":"https:\/\/xjyco.com\/about\/"},"modified":"2026-03-22T03:34:17","modified_gmt":"2026-03-22T03:34:17","slug":"about","status":"publish","type":"page","link":"https:\/\/xjyco.com\/es\/about\/","title":{"rendered":"Acerca de"},"content":{"rendered":"<div data-elementor-type=\"wp-page\" data-elementor-id=\"9\" class=\"elementor elementor-9\" data-elementor-post-type=\"page\">\n\t\t\t\t<div class=\"elementor-element elementor-element-594e105 e-con-full e-flex e-con e-parent\" data-id=\"594e105\" data-element_type=\"container\" data-e-type=\"container\" data-settings=\"{&quot;background_background&quot;:&quot;classic&quot;}\">\n\t\t\t\t<\/div>\n\t\t<div class=\"elementor-element elementor-element-aaa2f72 e-flex e-con-boxed e-con e-parent\" data-id=\"aaa2f72\" data-element_type=\"container\" data-e-type=\"container\" data-settings=\"{&quot;background_background&quot;:&quot;classic&quot;}\">\n\t\t\t\t\t<div class=\"e-con-inner\">\n\t\t\t\t<div class=\"elementor-element elementor-element-93c60fc elementor-widget__width-initial elementor-hidden-tablet elementor-hidden-mobile elementor-widget elementor-widget-image\" data-id=\"93c60fc\" data-element_type=\"widget\" data-e-type=\"widget\" data-widget_type=\"image.default\">\n\t\t\t\t\t\t\t\t\t\t\t\t\t\t\t<img fetchpriority=\"high\" decoding=\"async\" width=\"819\" height=\"1024\" src=\"https:\/\/xjyco.com\/wp-content\/uploads\/2025\/08\/Xinjieyuan-industrial-water-treatment-services-1-819x1024.webp\" class=\"attachment-large size-large wp-image-1877\" alt=\"plantas para el tratamiento del agua\" srcset=\"https:\/\/xjyco.com\/wp-content\/uploads\/2025\/08\/Xinjieyuan-industrial-water-treatment-services-1-819x1024.webp 819w, https:\/\/xjyco.com\/wp-content\/uploads\/2025\/08\/Xinjieyuan-industrial-water-treatment-services-1-300x375.webp 300w, https:\/\/xjyco.com\/wp-content\/uploads\/2025\/08\/Xinjieyuan-industrial-water-treatment-services-1-512x640.webp 512w, https:\/\/xjyco.com\/wp-content\/uploads\/2025\/08\/Xinjieyuan-industrial-water-treatment-services-1-240x300.webp 240w, https:\/\/xjyco.com\/wp-content\/uploads\/2025\/08\/Xinjieyuan-industrial-water-treatment-services-1-768x960.webp 768w, https:\/\/xjyco.com\/wp-content\/uploads\/2025\/08\/Xinjieyuan-industrial-water-treatment-services-1.webp 1023w\" sizes=\"(max-width: 819px) 100vw, 819px\" title=\"\">\t\t\t\t\t\t\t\t\t\t\t\t\t\t\t<\/div>\n\t\t<div class=\"elementor-element elementor-element-8d61b89 e-con-full e-flex e-con e-child\" data-id=\"8d61b89\" data-element_type=\"container\" data-e-type=\"container\">\n\t\t\t\t<div class=\"elementor-element elementor-element-69d9716 elementor-widget elementor-widget-text-editor\" data-id=\"69d9716\" data-element_type=\"widget\" data-e-type=\"widget\" data-widget_type=\"text-editor.default\">\n\t\t\t\t\t\t\t\t\t<p>base real<\/p>\t\t\t\t\t\t\t\t<\/div>\n\t\t\t\t<div class=\"elementor-element elementor-element-8ee5c8d elementor-widget elementor-widget-heading\" data-id=\"8ee5c8d\" data-element_type=\"widget\" data-e-type=\"widget\" data-widget_type=\"heading.default\">\n\t\t\t\t\t<h1 class=\"elementor-heading-title elementor-size-default\">Lo que nos impulsa<\/h1>\t\t\t\t<\/div>\n\t\t\t\t<div class=\"elementor-element elementor-element-748c272 elementor-widget elementor-widget-text-editor\" data-id=\"748c272\" data-element_type=\"widget\" data-e-type=\"widget\" data-widget_type=\"text-editor.default\">\n\t\t\t\t\t\t\t\t\t<p>Guangdong Xinjieyuan Environmental Protection Technology Co., Ltd cuenta con casi 15 a\u00f1os de experiencia en plantas de tratamiento de agua en diversos proyectos y ha establecido centros de investigaci\u00f3n y desarrollo en laboratorios universitarios nacionales y extranjeros. Como proveedores de equipos de tratamiento de agua, hemos proporcionado una variedad de sistemas integrales de tratamiento de agua industrial para innumerables industrias y contamos con la profunda confianza de clientes de Europa, Am\u00e9rica y otros pa\u00edses.<\/p><p>Defendemos el esp\u00edritu de \u201ctrabajar juntos por el desarrollo y darlo todo\u201d, el principio de \u201cser realistas y concienzudos en nuestro trabajo\u201d y la filosof\u00eda empresarial de \u201clas ganancias provienen de la rectitud, la riqueza proviene de la moralidad\u201d. \u00a1Trabajaremos codo a codo con nuestros socios para crear un futuro mejor!<\/p>\t\t\t\t\t\t\t\t<\/div>\n\t\t\t\t<div class=\"elementor-element elementor-element-9cddba6 elementor-position-inline-start elementor-tablet-position-inline-start elementor-widget-tablet__width-inherit elementor-mobile-position-inline-start elementor-view-default elementor-widget elementor-widget-icon-box\" data-id=\"9cddba6\" data-element_type=\"widget\" data-e-type=\"widget\" data-widget_type=\"icon-box.default\">\n\t\t\t\t\t\t\t<div class=\"elementor-icon-box-wrapper\">\n\n\t\t\t\t\t\t<div class=\"elementor-icon-box-icon\">\n\t\t\t\t<span  class=\"elementor-icon\">\n\t\t\t\t<svg aria-hidden=\"true\" class=\"e-font-icon-svg e-fas-check-circle\" viewbox=\"0 0 512 512\" xmlns=\"http:\/\/www.w3.org\/2000\/svg\"><path d=\"M504 256c0 136.967-111.033 248-248 248S8 392.967 8 256 119.033 8 256 8s248 111.033 248 248zM227.314 387.314l184-184c6.248-6.248 6.248-16.379 0-22.627l-22.627-22.627c-6.248-6.249-16.379-6.249-22.628 0L216 308.118l-70.059-70.059c-6.248-6.248-16.379-6.248-22.628 0l-22.627 22.627c-6.248 6.248-6.248 16.379 0 22.627l104 104c6.249 6.249 16.379 6.249 22.628.001z\"><\/path><\/svg>\t\t\t\t<\/span>\n\t\t\t<\/div>\n\t\t\t\n\t\t\t\t\t\t<div class=\"elementor-icon-box-content\">\n\n\t\t\t\t\n\t\t\t\t\t\t\t\t\t<p class=\"elementor-icon-box-description\">\n\t\t\t\t\t\tM\u00e1s de 2000 proyectos\t\t\t\t\t<\/p>\n\t\t\t\t\n\t\t\t<\/div>\n\t\t\t\n\t\t<\/div>\n\t\t\t\t\t\t<\/div>\n\t\t\t\t<div class=\"elementor-element elementor-element-68092f1 elementor-position-inline-start elementor-tablet-position-inline-start elementor-widget-tablet__width-inherit elementor-mobile-position-inline-start elementor-view-default elementor-widget elementor-widget-icon-box\" data-id=\"68092f1\" data-element_type=\"widget\" data-e-type=\"widget\" data-widget_type=\"icon-box.default\">\n\t\t\t\t\t\t\t<div class=\"elementor-icon-box-wrapper\">\n\n\t\t\t\t\t\t<div class=\"elementor-icon-box-icon\">\n\t\t\t\t<span  class=\"elementor-icon\">\n\t\t\t\t<svg aria-hidden=\"true\" class=\"e-font-icon-svg e-fas-check-circle\" viewbox=\"0 0 512 512\" xmlns=\"http:\/\/www.w3.org\/2000\/svg\"><path d=\"M504 256c0 136.967-111.033 248-248 248S8 392.967 8 256 119.033 8 256 8s248 111.033 248 248zM227.314 387.314l184-184c6.248-6.248 6.248-16.379 0-22.627l-22.627-22.627c-6.248-6.249-16.379-6.249-22.628 0L216 308.118l-70.059-70.059c-6.248-6.248-16.379-6.248-22.628 0l-22.627 22.627c-6.248 6.248-6.248 16.379 0 22.627l104 104c6.249 6.249 16.379 6.249 22.628.001z\"><\/path><\/svg>\t\t\t\t<\/span>\n\t\t\t<\/div>\n\t\t\t\n\t\t\t\t\t\t<div class=\"elementor-icon-box-content\">\n\n\t\t\t\t\n\t\t\t\t\t\t\t\t\t<p class=\"elementor-icon-box-description\">\n\t\t\t\t\t\tPatentes y certificaci\u00f3n CE ISO\t\t\t\t\t<\/p>\n\t\t\t\t\n\t\t\t<\/div>\n\t\t\t\n\t\t<\/div>\n\t\t\t\t\t\t<\/div>\n\t\t\t\t<div class=\"elementor-element elementor-element-1a2695f elementor-position-inline-start elementor-tablet-position-inline-start elementor-widget-tablet__width-inherit elementor-mobile-position-inline-start elementor-view-default elementor-widget elementor-widget-icon-box\" data-id=\"1a2695f\" data-element_type=\"widget\" data-e-type=\"widget\" data-widget_type=\"icon-box.default\">\n\t\t\t\t\t\t\t<div class=\"elementor-icon-box-wrapper\">\n\n\t\t\t\t\t\t<div class=\"elementor-icon-box-icon\">\n\t\t\t\t<span  class=\"elementor-icon\">\n\t\t\t\t<svg aria-hidden=\"true\" class=\"e-font-icon-svg e-fas-check-circle\" viewbox=\"0 0 512 512\" xmlns=\"http:\/\/www.w3.org\/2000\/svg\"><path d=\"M504 256c0 136.967-111.033 248-248 248S8 392.967 8 256 119.033 8 256 8s248 111.033 248 248zM227.314 387.314l184-184c6.248-6.248 6.248-16.379 0-22.627l-22.627-22.627c-6.248-6.249-16.379-6.249-22.628 0L216 308.118l-70.059-70.059c-6.248-6.248-16.379-6.248-22.628 0l-22.627 22.627c-6.248 6.248-6.248 16.379 0 22.627l104 104c6.249 6.249 16.379 6.249 22.628.001z\"><\/path><\/svg>\t\t\t\t<\/span>\n\t\t\t<\/div>\n\t\t\t\n\t\t\t\t\t\t<div class=\"elementor-icon-box-content\">\n\n\t\t\t\t\n\t\t\t\t\t\t\t\t\t<p class=\"elementor-icon-box-description\">\n\t\t\t\t\t\t15 a\u00f1os de experiencia\t\t\t\t\t<\/p>\n\t\t\t\t\n\t\t\t<\/div>\n\t\t\t\n\t\t<\/div>\n\t\t\t\t\t\t<\/div>\n\t\t\t\t<div class=\"elementor-element elementor-element-115a799 elementor-widget elementor-widget-video\" data-id=\"115a799\" data-element_type=\"widget\" data-e-type=\"widget\" data-settings=\"{&quot;youtube_url&quot;:&quot;https:\\\/\\\/youtu.be\\\/YGuoJGmKrow&quot;,&quot;mute&quot;:&quot;yes&quot;,&quot;video_type&quot;:&quot;youtube&quot;,&quot;controls&quot;:&quot;yes&quot;}\" data-widget_type=\"video.default\">\n\t\t\t\t\t\t\t<div class=\"elementor-wrapper elementor-open-inline\">\n\t\t\t<div class=\"elementor-video\"><\/div>\t\t<\/div>\n\t\t\t\t\t\t<\/div>\n\t\t\t\t<\/div>\n\t\t\t\t\t<\/div>\n\t\t\t\t<\/div>\n\t\t<div class=\"elementor-element elementor-element-60e0f3b e-flex e-con-boxed e-con e-parent\" data-id=\"60e0f3b\" data-element_type=\"container\" data-e-type=\"container\" data-settings=\"{&quot;background_background&quot;:&quot;classic&quot;}\">\n\t\t\t\t\t<div class=\"e-con-inner\">\n\t\t<div class=\"elementor-element elementor-element-a36853d e-grid e-con-full e-con e-child\" data-id=\"a36853d\" data-element_type=\"container\" data-e-type=\"container\">\n\t\t\t\t<div class=\"elementor-element elementor-element-7c28c59 elementor-widget elementor-widget-image\" data-id=\"7c28c59\" data-element_type=\"widget\" data-e-type=\"widget\" data-widget_type=\"image.default\">\n\t\t\t\t\t\t\t\t\t\t\t\t\t\t\t<img decoding=\"async\" width=\"1800\" height=\"2250\" src=\"https:\/\/xjyco.com\/wp-content\/uploads\/2025\/08\/Xinjieyuan-industrial-water-treatment-companies.jpg\" class=\"attachment-full size-full wp-image-1866\" alt=\"Empresas de tratamiento de aguas industriales de Xinjieyuan\" srcset=\"https:\/\/xjyco.com\/wp-content\/uploads\/2025\/08\/Xinjieyuan-industrial-water-treatment-companies.jpg 1800w, https:\/\/xjyco.com\/wp-content\/uploads\/2025\/08\/Xinjieyuan-industrial-water-treatment-companies-300x375.jpg 300w, https:\/\/xjyco.com\/wp-content\/uploads\/2025\/08\/Xinjieyuan-industrial-water-treatment-companies-1024x1280.jpg 1024w, https:\/\/xjyco.com\/wp-content\/uploads\/2025\/08\/Xinjieyuan-industrial-water-treatment-companies-240x300.jpg 240w, https:\/\/xjyco.com\/wp-content\/uploads\/2025\/08\/Xinjieyuan-industrial-water-treatment-companies-819x1024.jpg 819w, https:\/\/xjyco.com\/wp-content\/uploads\/2025\/08\/Xinjieyuan-industrial-water-treatment-companies-768x960.jpg 768w, https:\/\/xjyco.com\/wp-content\/uploads\/2025\/08\/Xinjieyuan-industrial-water-treatment-companies-1229x1536.jpg 1229w, https:\/\/xjyco.com\/wp-content\/uploads\/2025\/08\/Xinjieyuan-industrial-water-treatment-companies-1638x2048.jpg 1638w\" sizes=\"(max-width: 1800px) 100vw, 1800px\" title=\"\">\t\t\t\t\t\t\t\t\t\t\t\t\t\t\t<\/div>\n\t\t<div class=\"elementor-element elementor-element-cabcd73 e-con-full e-flex e-con e-child\" data-id=\"cabcd73\" data-element_type=\"container\" data-e-type=\"container\" data-settings=\"{&quot;background_background&quot;:&quot;classic&quot;}\">\n\t\t\t\t<div class=\"elementor-element elementor-element-60cd470 elementor-widget elementor-widget-text-editor\" data-id=\"60cd470\" data-element_type=\"widget\" data-e-type=\"widget\" data-widget_type=\"text-editor.default\">\n\t\t\t\t\t\t\t\t\t<p>Perfil de la empresa<\/p>\t\t\t\t\t\t\t\t<\/div>\n\t\t\t\t<\/div>\n\t\t\t\t<div class=\"elementor-element elementor-element-7d0e9ed elementor-widget elementor-widget-image\" data-id=\"7d0e9ed\" data-element_type=\"widget\" data-e-type=\"widget\" data-widget_type=\"image.default\">\n\t\t\t\t\t\t\t\t\t\t\t\t\t\t\t<img decoding=\"async\" width=\"819\" height=\"1024\" src=\"https:\/\/xjyco.com\/wp-content\/uploads\/2025\/08\/Xinjieyuan-industrial-water-treatment-services-819x1024.webp\" class=\"attachment-large size-large wp-image-1870\" alt=\"Exposici\u00f3n sobre tratamiento de agua de Xinjieyuan\" srcset=\"https:\/\/xjyco.com\/wp-content\/uploads\/2025\/08\/Xinjieyuan-industrial-water-treatment-services-819x1024.webp 819w, https:\/\/xjyco.com\/wp-content\/uploads\/2025\/08\/Xinjieyuan-industrial-water-treatment-services-300x375.webp 300w, https:\/\/xjyco.com\/wp-content\/uploads\/2025\/08\/Xinjieyuan-industrial-water-treatment-services-1024x1280.webp 1024w, https:\/\/xjyco.com\/wp-content\/uploads\/2025\/08\/Xinjieyuan-industrial-water-treatment-services-240x300.webp 240w, https:\/\/xjyco.com\/wp-content\/uploads\/2025\/08\/Xinjieyuan-industrial-water-treatment-services-768x960.webp 768w, https:\/\/xjyco.com\/wp-content\/uploads\/2025\/08\/Xinjieyuan-industrial-water-treatment-services-1229x1536.webp 1229w, https:\/\/xjyco.com\/wp-content\/uploads\/2025\/08\/Xinjieyuan-industrial-water-treatment-services.webp 1536w\" sizes=\"(max-width: 819px) 100vw, 819px\" title=\"\">\t\t\t\t\t\t\t\t\t\t\t\t\t\t\t<\/div>\n\t\t\t\t<\/div>\n\t\t\t\t\t<\/div>\n\t\t\t\t<\/div>\n\t\t<div class=\"elementor-element elementor-element-807915b e-flex e-con-boxed e-con e-parent\" data-id=\"807915b\" data-element_type=\"container\" data-e-type=\"container\" data-settings=\"{&quot;background_background&quot;:&quot;classic&quot;}\">\n\t\t\t\t\t<div class=\"e-con-inner\">\n\t\t<div class=\"elementor-element elementor-element-077e8d9 e-con-full e-flex e-con e-child\" data-id=\"077e8d9\" data-element_type=\"container\" data-e-type=\"container\">\n\t\t\t\t<div class=\"elementor-element elementor-element-fc72f02 elementor-widget elementor-widget-text-editor\" data-id=\"fc72f02\" data-element_type=\"widget\" data-e-type=\"widget\" data-widget_type=\"text-editor.default\">\n\t\t\t\t\t\t\t\t\t<p>Qu\u00e9 hacemos<\/p>\t\t\t\t\t\t\t\t<\/div>\n\t\t\t\t<div class=\"elementor-element elementor-element-0144eab elementor-widget__width-initial elementor-widget elementor-widget-heading\" data-id=\"0144eab\" data-element_type=\"widget\" data-e-type=\"widget\" data-widget_type=\"heading.default\">\n\t\t\t\t\t<h2 class=\"elementor-heading-title elementor-size-default\">Plantas de purificaci\u00f3n para el tratamiento del agua<\/h2>\t\t\t\t<\/div>\n\t\t\t\t<div class=\"elementor-element elementor-element-90cd4a6 elementor-widget-tablet__width-initial elementor-widget__width-initial elementor-widget elementor-widget-text-editor\" data-id=\"90cd4a6\" data-element_type=\"widget\" data-e-type=\"widget\" data-widget_type=\"text-editor.default\">\n\t\t\t\t\t\t\t\t\t<p>Ofrecemos un servicio integral que abarca el dise\u00f1o de soluciones personalizadas basadas en las condiciones espec\u00edficas de calidad del agua de los clientes, la firma de contratos, la confirmaci\u00f3n del m\u00e9todo de entrega, as\u00ed como la fabricaci\u00f3n, el embalaje, las pruebas y la entrega final de los equipos. Adem\u00e1s, proporcionamos un servicio de asistencia posventa de un a\u00f1o para garantizar el buen funcionamiento de sus sistemas.<\/p>\t\t\t\t\t\t\t\t<\/div>\n\t\t\t\t<\/div>\n\t\t\t\t\t<\/div>\n\t\t\t\t<\/div>\n\t\t\t\t<\/div>","protected":false},"excerpt":{"rendered":"<p>real foundation What Drives Us Guangdong Xinjieyuan Environmental Protection Technology Co., Ltd has nearly 15 years plants for water treatment [&hellip;]<\/p>\n","protected":false},"author":1,"featured_media":2245,"parent":0,"menu_order":0,"comment_status":"closed","ping_status":"closed","template":"","meta":{"_acf_changed":false,"site-sidebar-layout":"no-sidebar","site-content-layout":"","ast-site-content-layout":"full-width-container","site-content-style":"unboxed","site-sidebar-style":"unboxed","ast-global-header-display":"","ast-banner-title-visibility":"","ast-main-header-display":"","ast-hfb-above-header-display":"","ast-hfb-below-header-display":"","ast-hfb-mobile-header-display":"","site-post-title":"disabled","ast-breadcrumbs-content":"","ast-featured-img":"disabled","footer-sml-layout":"","ast-disable-related-posts":"","theme-transparent-header-meta":"enabled","adv-header-id-meta":"","stick-header-meta":"default","header-above-stick-meta":"","header-main-stick-meta":"","header-below-stick-meta":"","astra-migrate-meta-layouts":"set","ast-page-background-enabled":"default","ast-page-background-meta":{"desktop":{"background-color":"var(--ast-global-color-5)","background-image":"","background-repeat":"repeat","background-position":"center center","background-size":"auto","background-attachment":"scroll","background-type":"","background-media":"","overlay-type":"","overlay-color":"","overlay-opacity":"","overlay-gradient":""},"tablet":{"background-color":"","background-image":"","background-repeat":"repeat","background-position":"center center","background-size":"auto","background-attachment":"scroll","background-type":"","background-media":"","overlay-type":"","overlay-color":"","overlay-opacity":"","overlay-gradient":""},"mobile":{"background-color":"","background-image":"","background-repeat":"repeat","background-position":"center center","background-size":"auto","background-attachment":"scroll","background-type":"","background-media":"","overlay-type":"","overlay-color":"","overlay-opacity":"","overlay-gradient":""}},"ast-content-background-meta":{"desktop":{"background-color":"var(--ast-global-color-4)","background-image":"","background-repeat":"repeat","background-position":"center center","background-size":"auto","background-attachment":"scroll","background-type":"","background-media":"","overlay-type":"","overlay-color":"","overlay-opacity":"","overlay-gradient":""},"tablet":{"background-color":"var(--ast-global-color-4)","background-image":"","background-repeat":"repeat","background-position":"center center","background-size":"auto","background-attachment":"scroll","background-type":"","background-media":"","overlay-type":"","overlay-color":"","overlay-opacity":"","overlay-gradient":""},"mobile":{"background-color":"var(--ast-global-color-4)","background-image":"","background-repeat":"repeat","background-position":"center center","background-size":"auto","background-attachment":"scroll","background-type":"","background-media":"","overlay-type":"","overlay-color":"","overlay-opacity":"","overlay-gradient":""}},"footnotes":""},"class_list":["post-9","page","type-page","status-publish","has-post-thumbnail","hentry"],"acf":[],"_links":{"self":[{"href":"https:\/\/xjyco.com\/es\/wp-json\/wp\/v2\/pages\/9","targetHints":{"allow":["GET"]}}],"collection":[{"href":"https:\/\/xjyco.com\/es\/wp-json\/wp\/v2\/pages"}],"about":[{"href":"https:\/\/xjyco.com\/es\/wp-json\/wp\/v2\/types\/page"}],"author":[{"embeddable":true,"href":"https:\/\/xjyco.com\/es\/wp-json\/wp\/v2\/users\/1"}],"replies":[{"embeddable":true,"href":"https:\/\/xjyco.com\/es\/wp-json\/wp\/v2\/comments?post=9"}],"version-history":[{"count":0,"href":"https:\/\/xjyco.com\/es\/wp-json\/wp\/v2\/pages\/9\/revisions"}],"wp:featuredmedia":[{"embeddable":true,"href":"https:\/\/xjyco.com\/es\/wp-json\/wp\/v2\/media\/2245"}],"wp:attachment":[{"href":"https:\/\/xjyco.com\/es\/wp-json\/wp\/v2\/media?parent=9"}],"curies":[{"name":"wp","href":"https:\/\/api.w.org\/{rel}","templated":true}]}}