{"id":2560,"date":"2025-09-09T02:22:16","date_gmt":"2025-09-09T02:22:16","guid":{"rendered":"https:\/\/xjyco.com\/?post_type=product&#038;p=2560"},"modified":"2026-04-26T13:30:42","modified_gmt":"2026-04-26T13:30:42","slug":"brackish-water-desalination-plant","status":"publish","type":"product","link":"https:\/\/xjyco.com\/es\/product\/brackish-water-desalination-plant\/","title":{"rendered":"Planta desalinizadora de agua salobre"},"content":{"rendered":"<p>Esta planta desalinizadora de agua salobre puede eliminar eficazmente componentes nocivos como sales inorg\u00e1nicas, metales pesados, materia org\u00e1nica y bacterias presentes en el agua salobre. Por lo tanto, es importante lograr la desalinizaci\u00f3n del agua mediante un proceso de filtrado. Adem\u00e1s, es capaz de proporcionar agua potable que cumple con las normas nacionales de potabilidad. Por otra parte, el sistema de desalinizaci\u00f3n tiene un bajo consumo de energ\u00eda y no genera contaminaci\u00f3n secundaria. Esto se debe a que utilizamos un avanzado sistema de control autom\u00e1tico para garantizar un funcionamiento estable, una alta eficiencia y un ahorro energ\u00e9tico.<\/p>\n<p>El agua salobre es aquella con un alto contenido en sal (normalmente con una salinidad entre 0,5 y 31 TP3T). Tiene un sabor amargo y no se puede beber directamente ni utilizar en muchos procesos de producci\u00f3n industrial y agr\u00edcola. Sin embargo, podemos utilizarla para desalinizar este tipo de agua salobre, eliminar la sal y las impurezas y producir agua dulce.<\/p>\n<h2><strong><b>\u00bfC\u00f3mo funcionan las plantas desalinizadoras de agua salada?<\/b><\/strong><\/h2>\n<h3>1. Etapa de pretratamiento<\/h3>\n<p>En primer lugar, un filtro multimedia filtra secuencialmente el agua salobre para eliminar las part\u00edculas grandes y reducir la turbidez. Adem\u00e1s, un filtro de carb\u00f3n activado absorbe las sustancias nocivas y protege la membrana. Por \u00faltimo, un filtro de seguridad intercepta las impurezas finas para garantizar la limpieza del agua que entra en el sistema de \u00f3smosis inversa.<\/p>\n<h3>2. Etapa de tratamiento por \u00f3smosis inversa<\/h3>\n<p>En segundo lugar, el agua salobre pretratada se presuriza mediante una bomba de alta presi\u00f3n y entra en el conjunto de membranas de \u00f3smosis inversa. Bajo la diferencia de presi\u00f3n a ambos lados de la membrana semipermeable, las mol\u00e9culas de agua pasan a trav\u00e9s de la membrana semipermeable. De este modo, se logra la separaci\u00f3n del agua y las impurezas para obtener agua dulce de baja salinidad.<\/p>\n<h3>3. Etapa posterior al tratamiento<\/h3>\n<p>Por \u00faltimo, el agua dulce tras el tratamiento de \u00f3smosis inversa, de acuerdo con los requisitos de calidad del agua, utiliza un dispositivo de intercambio i\u00f3nico para eliminar los iones de calcio y magnesio y evitar la formaci\u00f3n de incrustaciones cuando los requisitos de dureza son estrictos, y utiliza esterilizadores ultravioleta o generadores de ozono para esterilizar y desinfectar cuando existen requisitos de indicadores microbianos para cumplir con las normas de higiene.<\/p>\n<h3><a href=\"https:\/\/xjyco.com\/wp-content\/uploads\/2025\/09\/Brackish-Water-Reverse-Osmosis-Systems-process.png\"><br \/>\n<img fetchpriority=\"high\" decoding=\"async\" class=\"aligncenter wp-image-2561 size-large\" src=\"https:\/\/xjyco.com\/wp-content\/uploads\/2025\/09\/Brackish-Water-Reverse-Osmosis-Systems-process-1024x719.png\" alt=\"Proceso de los sistemas de \u00f3smosis inversa para agua salobre\" width=\"1024\" height=\"719\" title=\"\" srcset=\"https:\/\/xjyco.com\/wp-content\/uploads\/2025\/09\/Brackish-Water-Reverse-Osmosis-Systems-process-1024x719.png 1024w, https:\/\/xjyco.com\/wp-content\/uploads\/2025\/09\/Brackish-Water-Reverse-Osmosis-Systems-process-300x211.png 300w, https:\/\/xjyco.com\/wp-content\/uploads\/2025\/09\/Brackish-Water-Reverse-Osmosis-Systems-process-768x539.png 768w, https:\/\/xjyco.com\/wp-content\/uploads\/2025\/09\/Brackish-Water-Reverse-Osmosis-Systems-process.png 1264w\" sizes=\"(max-width: 1024px) 100vw, 1024px\" \/><\/a><\/h3>\n<h2><strong><b>\u00bfC\u00f3mo se hace? <\/b><\/strong><strong><b>planta desalinizadora de agua salobre <\/b><\/strong><b><\/b><strong><b>\u00bfC\u00f3mo es?<\/b><\/strong><\/h2>\n<p><a href=\"https:\/\/xjyco.com\/wp-content\/uploads\/2025\/09\/Brackish-Water-Reverse-Osmosis-Systems.png\"><img decoding=\"async\" class=\"aligncenter wp-image-2562 size-large\" src=\"https:\/\/xjyco.com\/wp-content\/uploads\/2025\/09\/Brackish-Water-Reverse-Osmosis-Systems-1024x1024.png\" alt=\"Sistemas de \u00f3smosis inversa para agua salobre\" width=\"1024\" height=\"1024\" title=\"\" srcset=\"https:\/\/xjyco.com\/wp-content\/uploads\/2025\/09\/Brackish-Water-Reverse-Osmosis-Systems-1024x1024.png 1024w, https:\/\/xjyco.com\/wp-content\/uploads\/2025\/09\/Brackish-Water-Reverse-Osmosis-Systems-300x300.png 300w, https:\/\/xjyco.com\/wp-content\/uploads\/2025\/09\/Brackish-Water-Reverse-Osmosis-Systems-100x100.png 100w, https:\/\/xjyco.com\/wp-content\/uploads\/2025\/09\/Brackish-Water-Reverse-Osmosis-Systems-150x150.png 150w, https:\/\/xjyco.com\/wp-content\/uploads\/2025\/09\/Brackish-Water-Reverse-Osmosis-Systems-768x768.png 768w, https:\/\/xjyco.com\/wp-content\/uploads\/2025\/09\/Brackish-Water-Reverse-Osmosis-Systems-1536x1536.png 1536w, https:\/\/xjyco.com\/wp-content\/uploads\/2025\/09\/Brackish-Water-Reverse-Osmosis-Systems.png 2000w\" sizes=\"(max-width: 1024px) 100vw, 1024px\" \/><\/a><\/p>\n<h2>\u00bfCu\u00e1les son las ventajas de <strong><b>planta desalinizadora<\/b><\/strong><strong><b>?<\/b><\/strong><\/h2>\n<p><strong>1. Capacidades eficientes de desalinizaci\u00f3n y purificaci\u00f3n.<\/strong><\/p>\n<p>La tasa de desalinizaci\u00f3n de la planta desalinizadora de agua salobre alcanza los 971 TP3T, lo que permite convertir el agua salobre en agua de alta calidad que cumple con las normas nacionales para el agua potable e incluso con las normas nacionales para el agua pura.<\/p>\n<p><strong>2. Ahorro energ\u00e9tico, protecci\u00f3n del medio ambiente y bajo consumo energ\u00e9tico.<\/strong><\/p>\n<p>La planta desalinizadora de agua salobre se centra en el ahorro energ\u00e9tico y la protecci\u00f3n del medio ambiente en su dise\u00f1o, adopta un dise\u00f1o de bajo consumo y reduce los costos de producci\u00f3n de agua. Al mismo tiempo, el equipo tiene un bajo consumo energ\u00e9tico durante su funcionamiento, lo que no solo cumple con los requisitos de protecci\u00f3n medioambiental, sino que tambi\u00e9n reduce los costos operativos de los usuarios.<\/p>\n<p><strong>3. Materiales duraderos<\/strong><\/p>\n<p>Utilizamos acero inoxidable y materiales resistentes a la corrosi\u00f3n para garantizar que el equipo pueda seguir funcionando de manera estable durante mucho tiempo en entornos hostiles y prolongar su vida \u00fatil.<\/p>\n<p><strong>4. Calidad del agua estable y segura.<\/strong><\/p>\n<p>Contamos con un avanzado sistema de detecci\u00f3n y control de la calidad del agua para garantizar que esta se mantenga estable durante mucho tiempo y cumpla con las normas nacionales. Al mismo tiempo, tambi\u00e9n hemos incorporado un procesador de esterilizaci\u00f3n para esterilizar el agua almacenada y garantizar la seguridad e higiene de la calidad del agua.<\/p>\n<p><strong>5. Tipos de combinaci\u00f3n y m\u00e9todos de instalaci\u00f3n flexibles y diversos.<\/strong><\/p>\n<p>Las plantas desalinizadoras de agua salobre se pueden combinar en varios tipos seg\u00fan las necesidades del usuario y las condiciones del lugar, como el tipo de soporte, el tipo montado sobre patines, el tipo montado sobre contenedores, etc. Al mismo tiempo, el m\u00e9todo de instalaci\u00f3n del equipo tambi\u00e9n es muy flexible. Siempre que haya energ\u00eda el\u00e9ctrica y agua sin tratar, puede transformar el agua dulce.<\/p>\n<h2>Especificaciones del producto<\/h2>\n<p><a href=\"https:\/\/xjyco.com\/wp-content\/uploads\/2025\/09\/Brackish-Water-Reverse-Osmosis-Systems-Specifications.jpg\"><img decoding=\"async\" class=\"aligncenter wp-image-2563 size-full\" src=\"https:\/\/xjyco.com\/wp-content\/uploads\/2025\/09\/Brackish-Water-Reverse-Osmosis-Systems-Specifications.jpg\" alt=\"Especificaciones de los sistemas de \u00f3smosis inversa para agua salobre\" width=\"784\" height=\"581\" title=\"\" srcset=\"https:\/\/xjyco.com\/wp-content\/uploads\/2025\/09\/Brackish-Water-Reverse-Osmosis-Systems-Specifications.jpg 784w, https:\/\/xjyco.com\/wp-content\/uploads\/2025\/09\/Brackish-Water-Reverse-Osmosis-Systems-Specifications-300x222.jpg 300w, https:\/\/xjyco.com\/wp-content\/uploads\/2025\/09\/Brackish-Water-Reverse-Osmosis-Systems-Specifications-512x379.jpg 512w, https:\/\/xjyco.com\/wp-content\/uploads\/2025\/09\/Brackish-Water-Reverse-Osmosis-Systems-Specifications-768x569.jpg 768w\" sizes=\"(max-width: 784px) 100vw, 784px\" \/><\/a><\/p>\n<p>&nbsp;<\/p>","protected":false},"excerpt":{"rendered":"<p>Utiliza una membrana semipermeable para separar sales e impurezas del agua salobre bajo presi\u00f3n, consiguiendo la desalinizaci\u00f3n del agua salobre para obtener agua dulce.<\/p>","protected":false},"featured_media":6795,"comment_status":"closed","ping_status":"closed","template":"","meta":{"_acf_changed":false,"site-sidebar-layout":"default","site-content-layout":"","ast-site-content-layout":"default","site-content-style":"default","site-sidebar-style":"default","ast-global-header-display":"","ast-banner-title-visibility":"","ast-main-header-display":"","ast-hfb-above-header-display":"","ast-hfb-below-header-display":"","ast-hfb-mobile-header-display":"","site-post-title":"","ast-breadcrumbs-content":"","ast-featured-img":"","footer-sml-layout":"","ast-disable-related-posts":"","theme-transparent-header-meta":"default","adv-header-id-meta":"","stick-header-meta":"default","header-above-stick-meta":"","header-main-stick-meta":"","header-below-stick-meta":"","astra-migrate-meta-layouts":"set","ast-page-background-enabled":"default","ast-page-background-meta":{"desktop":{"background-color":"var(--ast-global-color-5)","background-image":"","background-repeat":"repeat","background-position":"center center","background-size":"auto","background-attachment":"scroll","background-type":"","background-media":"","overlay-type":"","overlay-color":"","overlay-opacity":"","overlay-gradient":""},"tablet":{"background-color":"","background-image":"","background-repeat":"repeat","background-position":"center center","background-size":"auto","background-attachment":"scroll","background-type":"","background-media":"","overlay-type":"","overlay-color":"","overlay-opacity":"","overlay-gradient":""},"mobile":{"background-color":"","background-image":"","background-repeat":"repeat","background-position":"center center","background-size":"auto","background-attachment":"scroll","background-type":"","background-media":"","overlay-type":"","overlay-color":"","overlay-opacity":"","overlay-gradient":""}},"ast-content-background-meta":{"desktop":{"background-color":"var(--ast-global-color-4)","background-image":"","background-repeat":"repeat","background-position":"center center","background-size":"auto","background-attachment":"scroll","background-type":"","background-media":"","overlay-type":"","overlay-color":"","overlay-opacity":"","overlay-gradient":""},"tablet":{"background-color":"var(--ast-global-color-4)","background-image":"","background-repeat":"repeat","background-position":"center center","background-size":"auto","background-attachment":"scroll","background-type":"","background-media":"","overlay-type":"","overlay-color":"","overlay-opacity":"","overlay-gradient":""},"mobile":{"background-color":"var(--ast-global-color-4)","background-image":"","background-repeat":"repeat","background-position":"center center","background-size":"auto","background-attachment":"scroll","background-type":"","background-media":"","overlay-type":"","overlay-color":"","overlay-opacity":"","overlay-gradient":""}}},"product_brand":[145],"product_cat":[81],"product_tag":[84],"class_list":{"0":"post-2560","1":"product","2":"type-product","3":"status-publish","4":"has-post-thumbnail","6":"product_brand-xinjieyuan","7":"product_cat-water-treatment-equipment","8":"product_tag-brackish-water-reverse-osmosis-systems","9":"desktop-align-center","10":"tablet-align-center","11":"mobile-align-center","13":"first","14":"instock","15":"shipping-taxable","16":"purchasable","17":"product-type-simple"},"acf":[],"_links":{"self":[{"href":"https:\/\/xjyco.com\/es\/wp-json\/wp\/v2\/product\/2560","targetHints":{"allow":["GET"]}}],"collection":[{"href":"https:\/\/xjyco.com\/es\/wp-json\/wp\/v2\/product"}],"about":[{"href":"https:\/\/xjyco.com\/es\/wp-json\/wp\/v2\/types\/product"}],"replies":[{"embeddable":true,"href":"https:\/\/xjyco.com\/es\/wp-json\/wp\/v2\/comments?post=2560"}],"wp:featuredmedia":[{"embeddable":true,"href":"https:\/\/xjyco.com\/es\/wp-json\/wp\/v2\/media\/6795"}],"wp:attachment":[{"href":"https:\/\/xjyco.com\/es\/wp-json\/wp\/v2\/media?parent=2560"}],"wp:term":[{"taxonomy":"product_brand","embeddable":true,"href":"https:\/\/xjyco.com\/es\/wp-json\/wp\/v2\/product_brand?post=2560"},{"taxonomy":"product_cat","embeddable":true,"href":"https:\/\/xjyco.com\/es\/wp-json\/wp\/v2\/product_cat?post=2560"},{"taxonomy":"product_tag","embeddable":true,"href":"https:\/\/xjyco.com\/es\/wp-json\/wp\/v2\/product_tag?post=2560"}],"curies":[{"name":"wp","href":"https:\/\/api.w.org\/{rel}","templated":true}]}}