{"id":2569,"date":"2025-09-09T02:57:47","date_gmt":"2025-09-09T02:57:47","guid":{"rendered":"https:\/\/xjyco.com\/?post_type=product&#038;p=2569"},"modified":"2026-04-26T13:31:26","modified_gmt":"2026-04-26T13:31:26","slug":"containerized-water-treatment-plant","status":"publish","type":"product","link":"https:\/\/xjyco.com\/es\/product\/containerized-water-treatment-plant\/","title":{"rendered":"Planta de tratamiento de agua en contenedor"},"content":{"rendered":"<p>La planta de tratamiento de agua en contenedores que se muestra en la imagen tiene una capacidad de producci\u00f3n de 30 toneladas de agua por hora. Su tecnolog\u00eda principal es la <a href=\"https:\/\/xjyco.com\/es\/product\/reverse-osmosis-systems\/\">\u00f3smosis inversa<\/a> Tecnolog\u00eda de separaci\u00f3n por membrana. Bajo una presi\u00f3n superior a la presi\u00f3n osm\u00f3tica de la soluci\u00f3n, se separan las impurezas del agua. Esto se debe a que la membrana de \u00f3smosis inversa solo permite el paso de las mol\u00e9culas de agua. De este modo, se logra el objetivo de purificar la calidad del agua. Nuestra f\u00e1brica acepta personalizaciones de diferentes especificaciones, desde 250 LPH hasta 100 TLPH.<\/p>\n<p>Adem\u00e1s, las tecnolog\u00edas utilizadas en los equipos de tratamiento de agua en contenedores pueden incluir la ultrafiltraci\u00f3n, la desalinizaci\u00f3n del agua de mar, etc. El proceso espec\u00edfico de purificaci\u00f3n del agua depende de la fuente de agua.<\/p>\n<p>En cuanto al sector energ\u00e9tico, nuestra empresa tambi\u00e9n puede personalizar equipos solares en contenedores si fuera necesario.<\/p>\n<h2><strong><b>\u00bfC\u00f3mo funcionan las plantas de tratamiento de agua en contenedores?<\/b><\/strong><\/h2>\n<p>A continuaci\u00f3n, explicar\u00e9 el principio de funcionamiento de los equipos de \u00f3smosis inversa en contenedores.<\/p>\n<p>Gracias a las caracter\u00edsticas semipermeables de la membrana de \u00f3smosis inversa, podemos llevar a cabo una purificaci\u00f3n de alta eficiencia bajo presi\u00f3n. Esto permite reducir significativamente el contenido de sal y alcanzar una tasa de purificaci\u00f3n de entre el 95% y el 99% o m\u00e1s. Utilizamos la membrana RO para interceptar bacterias, virus y otros microorganismos de gran tama\u00f1o y evitar as\u00ed el deterioro de la calidad del agua. Seg\u00fan el principio de que \u00ablo similar se disuelve en lo similar\u00bb, eliminamos la mayor parte de la materia org\u00e1nica para mejorar la calidad del agua. La calidad del agua se ajusta con la ayuda de dispositivos reguladores en los enlaces de pretratamiento o postratamiento para satisfacer diferentes necesidades.<\/p>\n<p>La purificaci\u00f3n del agua se puede dividir principalmente en tres pasos.<\/p>\n<h3>1.Pretratamiento<\/h3>\n<p>En primer lugar, el agua sin tratar pasa por el tanque de agua sin tratar y la bomba de agua sin tratar. A continuaci\u00f3n, pasa por el filtro multimedia (que elimina las part\u00edculas en suspensi\u00f3n, etc.) y el filtro de carb\u00f3n activado (que elimina las materias org\u00e1nicas, etc., y limita el cloro residual). Si el agua sin tratar tiene una dureza elevada, tambi\u00e9n es necesario pasarla por el descalcificador (que adsorbe los iones de calcio y magnesio).<\/p>\n<h3>2. Tratamiento por \u00f3smosis inversa.<\/h3>\n<p>En segundo lugar, el filtro de seguridad filtra minuciosamente el agua pretratada para eliminar las impurezas con diferentes grados de precisi\u00f3n y garantizar la calidad del agua. La bomba de alta presi\u00f3n se controla mediante m\u00faltiples factores para suministrar presi\u00f3n a la membrana de \u00f3smosis inversa y lograr la separaci\u00f3n de los materiales. El conjunto de la membrana de \u00f3smosis inversa permite que parte del agua se purifique y se produzca a alta presi\u00f3n, interceptando las impurezas, y la tasa de desalinizaci\u00f3n supera el 98%.<\/p>\n<h3>3. Tratamiento posterior y almacenamiento<\/h3>\n<p>Por \u00faltimo, el agua limpia tras el tratamiento de \u00f3smosis inversa puede contener microorganismos residuales. Por lo tanto, es necesario utilizar l\u00e1mparas ultravioletas, esterilizadores de ozono, etc., para desinfectarla. El agua desinfectada se almacena en el tanque de agua pura y se transporta al punto de agua mediante la bomba de agua pura para satisfacer la demanda.<\/p>\n<p><img fetchpriority=\"high\" decoding=\"async\" class=\"wp-image-6016 size-full aligncenter\" src=\"https:\/\/xjyco.com\/wp-content\/uploads\/2025\/09\/reverse-osmosis-process.jpeg\" alt=\"proceso de \u00f3smosis inversa\" width=\"1024\" height=\"768\" title=\"\" srcset=\"https:\/\/xjyco.com\/wp-content\/uploads\/2025\/09\/reverse-osmosis-process.jpeg 1024w, https:\/\/xjyco.com\/wp-content\/uploads\/2025\/09\/reverse-osmosis-process-300x225.jpeg 300w, https:\/\/xjyco.com\/wp-content\/uploads\/2025\/09\/reverse-osmosis-process-512x384.jpeg 512w, https:\/\/xjyco.com\/wp-content\/uploads\/2025\/09\/reverse-osmosis-process-150x113.jpeg 150w, https:\/\/xjyco.com\/wp-content\/uploads\/2025\/09\/reverse-osmosis-process-768x576.jpeg 768w\" sizes=\"(max-width: 1024px) 100vw, 1024px\" \/><\/p>\n<h2>Ventajas de <strong><b>planta de tratamiento de agua en contenedores<\/b><\/strong><\/h2>\n<p><strong>1. Ampliaci\u00f3n modular<\/strong><\/p>\n<p>Al utilizar una estructura de contenedor est\u00e1ndar, se puede transportar c\u00f3modamente por carretera, ferrocarril y mar. El equipo se somete a un preensamblaje y puesta en marcha completos en la f\u00e1brica, por lo que solo es necesario conectar las tuber\u00edas de entrada y salida de agua y el sistema el\u00e9ctrico in situ. Se puede poner en marcha y empezar a funcionar en un plazo de 1 a 3 d\u00edas, lo que mejora la eficiencia en m\u00e1s de un 90% en comparaci\u00f3n con el ciclo de construcci\u00f3n de las plantas de tratamiento de agua tradicionales, que lleva varios meses.<\/p>\n<p><strong>2. Gran capacidad de producci\u00f3n de agua.<\/strong><\/p>\n<p>La producci\u00f3n de agua por hora alcanza las 30 toneladas, lo que permite satisfacer una demanda de agua continua y a gran escala. Ya sea para la producci\u00f3n industrial a gran escala o para el suministro de agua potable en zonas densamente pobladas, puede proporcionar de forma estable fuentes de agua suficientes.<\/p>\n<p><strong>3. Excelente calidad del agua.<\/strong><\/p>\n<p>La planta de tratamiento de agua en contenedores tiene una tasa de desalinizaci\u00f3n superior a 95% y, dado que el tama\u00f1o de los poros de la membrana de \u00f3smosis inversa es de tan solo 0,0001 micras, puede interceptar casi todos los microorganismos para garantizar la seguridad de los indicadores microbianos de la calidad del agua. Tambi\u00e9n puede reducir en gran medida el contenido de materia org\u00e1nica, como el \u00e1cido h\u00famico, y reducir la DQO y la DBO.<\/p>\n<p><strong>4. Funcionamiento estable<\/strong><\/p>\n<p>La m\u00e1quina tiene un alto grado de automatizaci\u00f3n, utiliza PLC para ajustar los par\u00e1metros operativos, ajusta el estado seg\u00fan el valor establecido, cuenta con protecci\u00f3n contra alta y baja presi\u00f3n, protecci\u00f3n contra falta de agua y otras alarmas de fallo, puede funcionar de forma continua y estable, y producir agua de forma continua y estable.<\/p>\n<p><strong>5. Econ\u00f3mico y eficiente<\/strong><\/p>\n<p>El equipo tiene la ventaja de un bajo consumo energ\u00e9tico. La avanzada tecnolog\u00eda de \u00f3smosis inversa optimiza el consumo energ\u00e9tico operativo, reduce los costos a largo plazo, tiene una alta tasa de recuperaci\u00f3n, puede mejorar la utilizaci\u00f3n de los recursos h\u00eddricos y reducir los residuos y los costos del agua.<\/p>\n<p><strong>6. Ampliamente utilizado<\/strong><\/p>\n<p>En el \u00e1mbito industrial, es adecuado para las industrias electr\u00f3nica, farmac\u00e9utica, qu\u00edmica, alimentaria y de bebidas, ya que proporciona agua de proceso de alta pureza para garantizar la calidad del producto. En otro \u00e1mbito de la vida, podemos utilizar sistemas de equipos en contenedores en comunidades, escuelas, hospitales, hoteles y otros lugares para suministrar agua potable de alta calidad.<\/p>","protected":false},"excerpt":{"rendered":"<p>La planta de tratamiento de agua en contenedores es un equipo altamente eficiente y ecol\u00f3gico que integra tecnolog\u00eda avanzada de purificaci\u00f3n de agua con un dise\u00f1o estandarizado integrado en contenedores. Integra el sistema de pretratamiento, la unidad principal, el control inteligente, la limpieza y el mantenimiento, y la unidad de almacenamiento de agua en un contenedor est\u00e1ndar de 20 o 40 pies, logrando un proceso de circuito cerrado desde la purificaci\u00f3n del agua cruda hasta la producci\u00f3n est\u00e1ndar de agua.<\/p>","protected":false},"featured_media":6794,"comment_status":"closed","ping_status":"closed","template":"","meta":{"_acf_changed":false,"site-sidebar-layout":"default","site-content-layout":"","ast-site-content-layout":"default","site-content-style":"default","site-sidebar-style":"default","ast-global-header-display":"","ast-banner-title-visibility":"","ast-main-header-display":"","ast-hfb-above-header-display":"","ast-hfb-below-header-display":"","ast-hfb-mobile-header-display":"","site-post-title":"","ast-breadcrumbs-content":"","ast-featured-img":"","footer-sml-layout":"","ast-disable-related-posts":"","theme-transparent-header-meta":"default","adv-header-id-meta":"","stick-header-meta":"default","header-above-stick-meta":"","header-main-stick-meta":"","header-below-stick-meta":"","astra-migrate-meta-layouts":"set","ast-page-background-enabled":"default","ast-page-background-meta":{"desktop":{"background-color":"var(--ast-global-color-5)","background-image":"","background-repeat":"repeat","background-position":"center center","background-size":"auto","background-attachment":"scroll","background-type":"","background-media":"","overlay-type":"","overlay-color":"","overlay-opacity":"","overlay-gradient":""},"tablet":{"background-color":"","background-image":"","background-repeat":"repeat","background-position":"center center","background-size":"auto","background-attachment":"scroll","background-type":"","background-media":"","overlay-type":"","overlay-color":"","overlay-opacity":"","overlay-gradient":""},"mobile":{"background-color":"","background-image":"","background-repeat":"repeat","background-position":"center center","background-size":"auto","background-attachment":"scroll","background-type":"","background-media":"","overlay-type":"","overlay-color":"","overlay-opacity":"","overlay-gradient":""}},"ast-content-background-meta":{"desktop":{"background-color":"var(--ast-global-color-4)","background-image":"","background-repeat":"repeat","background-position":"center center","background-size":"auto","background-attachment":"scroll","background-type":"","background-media":"","overlay-type":"","overlay-color":"","overlay-opacity":"","overlay-gradient":""},"tablet":{"background-color":"var(--ast-global-color-4)","background-image":"","background-repeat":"repeat","background-position":"center center","background-size":"auto","background-attachment":"scroll","background-type":"","background-media":"","overlay-type":"","overlay-color":"","overlay-opacity":"","overlay-gradient":""},"mobile":{"background-color":"var(--ast-global-color-4)","background-image":"","background-repeat":"repeat","background-position":"center center","background-size":"auto","background-attachment":"scroll","background-type":"","background-media":"","overlay-type":"","overlay-color":"","overlay-opacity":"","overlay-gradient":""}}},"product_brand":[145],"product_cat":[81],"product_tag":[155],"class_list":{"0":"post-2569","1":"product","2":"type-product","3":"status-publish","4":"has-post-thumbnail","6":"product_brand-xinjieyuan","7":"product_cat-water-treatment-equipment","8":"product_tag-containerized-water-treatment-plant","9":"desktop-align-center","10":"tablet-align-center","11":"mobile-align-center","13":"first","14":"instock","15":"shipping-taxable","16":"purchasable","17":"product-type-simple"},"acf":[],"_links":{"self":[{"href":"https:\/\/xjyco.com\/es\/wp-json\/wp\/v2\/product\/2569","targetHints":{"allow":["GET"]}}],"collection":[{"href":"https:\/\/xjyco.com\/es\/wp-json\/wp\/v2\/product"}],"about":[{"href":"https:\/\/xjyco.com\/es\/wp-json\/wp\/v2\/types\/product"}],"replies":[{"embeddable":true,"href":"https:\/\/xjyco.com\/es\/wp-json\/wp\/v2\/comments?post=2569"}],"wp:featuredmedia":[{"embeddable":true,"href":"https:\/\/xjyco.com\/es\/wp-json\/wp\/v2\/media\/6794"}],"wp:attachment":[{"href":"https:\/\/xjyco.com\/es\/wp-json\/wp\/v2\/media?parent=2569"}],"wp:term":[{"taxonomy":"product_brand","embeddable":true,"href":"https:\/\/xjyco.com\/es\/wp-json\/wp\/v2\/product_brand?post=2569"},{"taxonomy":"product_cat","embeddable":true,"href":"https:\/\/xjyco.com\/es\/wp-json\/wp\/v2\/product_cat?post=2569"},{"taxonomy":"product_tag","embeddable":true,"href":"https:\/\/xjyco.com\/es\/wp-json\/wp\/v2\/product_tag?post=2569"}],"curies":[{"name":"wp","href":"https:\/\/api.w.org\/{rel}","templated":true}]}}