{"id":2589,"date":"2025-09-09T03:41:52","date_gmt":"2025-09-09T03:41:52","guid":{"rendered":"https:\/\/xjyco.com\/?post_type=product&#038;p=2589"},"modified":"2026-04-26T13:33:15","modified_gmt":"2026-04-26T13:33:15","slug":"edi-system-electrodeionization","status":"publish","type":"product","link":"https:\/\/xjyco.com\/es\/product\/edi-system-electrodeionization\/","title":{"rendered":"Sistema EDI Electrodesionizaci\u00f3n"},"content":{"rendered":"<p>El sistema de electrodesionizaci\u00f3n EDI es un equipo de electrodesionizaci\u00f3n continua. En realidad, combina las caracter\u00edsticas de la resina de intercambio i\u00f3nico y la membrana permeable selectiva de iones. En otras palabras, puede eliminar en profundidad las impurezas i\u00f3nicas del agua y producir agua de gran pureza.<\/p>\n<p>Nuestra f\u00e1brica acepta la personalizaci\u00f3n de diferentes especificaciones, desde 250 LPH hasta 100 TLPH. En cuanto al sector energ\u00e9tico, tambi\u00e9n podemos personalizar equipos de contenedores solares si es necesario.<\/p>\n<h2><strong><b>\u00bfC\u00f3mo funciona la electrodesionizaci\u00f3n del sistema EDI?<\/b><\/strong><\/h2>\n<p>A continuaci\u00f3n, explicar\u00e9 el principio de funcionamiento del sistema edi.<\/p>\n<p>Combina el intercambio de iones con el accionamiento el\u00e9ctrico. Bajo la tracci\u00f3n de la fuerza del campo el\u00e9ctrico, los aniones y cationes del agua migran a la c\u00e1mara de agua concentrada a trav\u00e9s de membranas selectivas de intercambio i\u00f3nico respectivamente, eliminando de forma continua casi todas las impurezas i\u00f3nicas del agua. De este modo se prepara agua ultrapura de gran pureza de forma eficaz y estable sin necesidad de regenerar grandes cantidades de \u00e1cidos y \u00e1lcalis.<\/p>\n<p>La purificaci\u00f3n del agua puede dividirse principalmente en cuatro pasos.<\/p>\n<h3><strong><b>1.Pretratamiento<\/b><\/strong><\/h3>\n<p>En primer lugar, el pretratamiento es el primer paso en el flujo de trabajo del sistema EDI. Su objetivo es eliminar impurezas como s\u00f3lidos en suspensi\u00f3n, ox\u00edgeno disuelto, materia org\u00e1nica y bacterias del agua bruta.<\/p>\n<h3><strong><b>2.Tratamiento del sistema de \u00f3smosis inversa (OI)<\/b><\/strong><\/h3>\n<p>En segundo lugar, el sistema de \u00f3smosis inversa utiliza la permeabilidad selectiva de la membrana semipermeable para eliminar los s\u00f3lidos disueltos, las sales inorg\u00e1nicas y los microorganismos del agua y producir agua desalada de gran pureza.<\/p>\n<h3><strong><b>3.Sistema EDI <\/b><\/strong><strong><b>Electrodesionizaci\u00f3n <\/b><\/strong><strong><b>Tratamiento<\/b><\/strong><\/h3>\n<p>En tercer lugar, el sistema EDI de electrodesionizaci\u00f3n combina los principios de la reacci\u00f3n electroqu\u00edmica y el intercambio i\u00f3nico para lograr una eliminaci\u00f3n profunda de los iones.<\/p>\n<h3><strong><b>4.Tratamiento y almacenamiento posteriores<\/b><\/strong><\/h3>\n<p>Por \u00faltimo, para evitar la contaminaci\u00f3n secundaria del agua pura durante su almacenamiento y distribuci\u00f3n, suelen instalarse esterilizadores ultravioleta UV. Tras el tratamiento anterior, el agua pura entra en el dep\u00f3sito de almacenamiento de agua o tanque de agua pura para su almacenamiento. Y distribuiremos el agua pura a varios puntos de uso de agua seg\u00fan sea necesario.<\/p>\n<p><a href=\"https:\/\/xjyco.com\/wp-content\/uploads\/2025\/09\/EDI-Electrodeionization-Systems-process.png\"><img fetchpriority=\"high\" decoding=\"async\" class=\"aligncenter wp-image-2590 size-large\" src=\"https:\/\/xjyco.com\/wp-content\/uploads\/2025\/09\/EDI-Electrodeionization-Systems-process-1024x768.png\" alt=\"Proceso de los sistemas de electrodesionizaci\u00f3n EDI\" width=\"1024\" height=\"768\" title=\"\" srcset=\"https:\/\/xjyco.com\/wp-content\/uploads\/2025\/09\/EDI-Electrodeionization-Systems-process-1024x768.png 1024w, https:\/\/xjyco.com\/wp-content\/uploads\/2025\/09\/EDI-Electrodeionization-Systems-process-300x225.png 300w, https:\/\/xjyco.com\/wp-content\/uploads\/2025\/09\/EDI-Electrodeionization-Systems-process-768x576.png 768w, https:\/\/xjyco.com\/wp-content\/uploads\/2025\/09\/EDI-Electrodeionization-Systems-process.png 1265w\" sizes=\"(max-width: 1024px) 100vw, 1024px\" \/><\/a><\/p>\n<h2>Ventajas de\u00a0 <strong><b>Sistema EDI electrodesionizaci\u00f3n<\/b><\/strong><\/h2>\n<p><strong>1.Integraci\u00f3n tecnol\u00f3gica<\/strong><\/p>\n<p>El sistema EDI combina la electrodi\u00e1lisis y la tecnolog\u00eda de intercambio i\u00f3nico, impulsa la migraci\u00f3n de iones a trav\u00e9s de campos el\u00e9ctricos. Utiliza resinas de intercambio i\u00f3nico para la eliminaci\u00f3n y regeneraci\u00f3n de iones, logrando un proceso de desalinizaci\u00f3n eficiente y continuo.<\/p>\n<p><strong>2.Dise\u00f1o modular<\/strong><\/p>\n<p>El sistema EDI suele adoptar una estructura modular, f\u00e1cil de instalar, depurar y mantener. Gracias a este dise\u00f1o, permite configurar el equipo de forma flexible en funci\u00f3n de las necesidades reales. De este modo, satisface diferentes escalas de tratamiento y requisitos de calidad del agua.<\/p>\n<p><strong>3.Alta calidad del efluente<\/strong><\/p>\n<p>Los sistemas de electrodesionizaci\u00f3n EDI pueden producir agua ultrapura de alta calidad con una calidad de agua estable y una resistividad de m\u00e1s de 15M\u03a9-CM. Por lo tanto, puede satisfacer las necesidades de agua de alta pureza de la electr\u00f3nica, la medicina, la industria qu\u00edmica, etc.<\/p>\n<p><strong>4.Ahorro de energ\u00eda y protecci\u00f3n del medio ambiente<\/strong><\/p>\n<p>En comparaci\u00f3n con los equipos tradicionales de intercambio i\u00f3nico, el sistema EDI no necesita utilizar \u00e1cido y \u00e1lcali para la regeneraci\u00f3n de la resina. Por lo tanto, es capaz de reducir el consumo de \u00e1cido y \u00e1lcali y la descarga de aguas residuales, y reducir la contaminaci\u00f3n ambiental.<\/p>\n<p><strong>5.Funcionamiento estable<\/strong><\/p>\n<p>Porque el sistema EDI no se ve afectado por condiciones externas como el tiempo, la presi\u00f3n y la temperatura durante el funcionamiento, y la calidad del efluente es estable y fiable. No habr\u00e1 fluctuaci\u00f3n ni disminuci\u00f3n de la calidad del agua.<\/p>","protected":false},"excerpt":{"rendered":"<p>El equipo EDI, como dispositivo ecol\u00f3gico e innovador que integra las tecnolog\u00edas de electrodesionizaci\u00f3n e intercambio i\u00f3nico, puede producir continuamente agua ultrapura de gran pureza sin necesidad de regeneraci\u00f3n qu\u00edmica \u00e1cido-base. Resuelve por completo los puntos d\u00e9biles de los procesos tradicionales de tratamiento de agua, como la interrupci\u00f3n de la producci\u00f3n de agua, el vertido de contaminantes y los elevados costes, y se ha convertido en la principal opci\u00f3n preferida para los modernos sistemas industriales de agua ultrapura.<\/p>","protected":false},"featured_media":6796,"comment_status":"closed","ping_status":"closed","template":"","meta":{"_acf_changed":false,"site-sidebar-layout":"default","site-content-layout":"","ast-site-content-layout":"default","site-content-style":"default","site-sidebar-style":"default","ast-global-header-display":"","ast-banner-title-visibility":"","ast-main-header-display":"","ast-hfb-above-header-display":"","ast-hfb-below-header-display":"","ast-hfb-mobile-header-display":"","site-post-title":"","ast-breadcrumbs-content":"","ast-featured-img":"","footer-sml-layout":"","ast-disable-related-posts":"","theme-transparent-header-meta":"default","adv-header-id-meta":"","stick-header-meta":"default","header-above-stick-meta":"","header-main-stick-meta":"","header-below-stick-meta":"","astra-migrate-meta-layouts":"set","ast-page-background-enabled":"default","ast-page-background-meta":{"desktop":{"background-color":"var(--ast-global-color-5)","background-image":"","background-repeat":"repeat","background-position":"center center","background-size":"auto","background-attachment":"scroll","background-type":"","background-media":"","overlay-type":"","overlay-color":"","overlay-opacity":"","overlay-gradient":""},"tablet":{"background-color":"","background-image":"","background-repeat":"repeat","background-position":"center center","background-size":"auto","background-attachment":"scroll","background-type":"","background-media":"","overlay-type":"","overlay-color":"","overlay-opacity":"","overlay-gradient":""},"mobile":{"background-color":"","background-image":"","background-repeat":"repeat","background-position":"center center","background-size":"auto","background-attachment":"scroll","background-type":"","background-media":"","overlay-type":"","overlay-color":"","overlay-opacity":"","overlay-gradient":""}},"ast-content-background-meta":{"desktop":{"background-color":"var(--ast-global-color-4)","background-image":"","background-repeat":"repeat","background-position":"center center","background-size":"auto","background-attachment":"scroll","background-type":"","background-media":"","overlay-type":"","overlay-color":"","overlay-opacity":"","overlay-gradient":""},"tablet":{"background-color":"var(--ast-global-color-4)","background-image":"","background-repeat":"repeat","background-position":"center center","background-size":"auto","background-attachment":"scroll","background-type":"","background-media":"","overlay-type":"","overlay-color":"","overlay-opacity":"","overlay-gradient":""},"mobile":{"background-color":"var(--ast-global-color-4)","background-image":"","background-repeat":"repeat","background-position":"center center","background-size":"auto","background-attachment":"scroll","background-type":"","background-media":"","overlay-type":"","overlay-color":"","overlay-opacity":"","overlay-gradient":""}}},"product_brand":[145],"product_cat":[81],"product_tag":[97],"class_list":{"0":"post-2589","1":"product","2":"type-product","3":"status-publish","4":"has-post-thumbnail","6":"product_brand-xinjieyuan","7":"product_cat-water-treatment-equipment","8":"product_tag-edi-system-electrodeionization","9":"desktop-align-center","10":"tablet-align-center","11":"mobile-align-center","13":"first","14":"instock","15":"shipping-taxable","16":"purchasable","17":"product-type-simple"},"acf":[],"_links":{"self":[{"href":"https:\/\/xjyco.com\/es\/wp-json\/wp\/v2\/product\/2589","targetHints":{"allow":["GET"]}}],"collection":[{"href":"https:\/\/xjyco.com\/es\/wp-json\/wp\/v2\/product"}],"about":[{"href":"https:\/\/xjyco.com\/es\/wp-json\/wp\/v2\/types\/product"}],"replies":[{"embeddable":true,"href":"https:\/\/xjyco.com\/es\/wp-json\/wp\/v2\/comments?post=2589"}],"wp:featuredmedia":[{"embeddable":true,"href":"https:\/\/xjyco.com\/es\/wp-json\/wp\/v2\/media\/6796"}],"wp:attachment":[{"href":"https:\/\/xjyco.com\/es\/wp-json\/wp\/v2\/media?parent=2589"}],"wp:term":[{"taxonomy":"product_brand","embeddable":true,"href":"https:\/\/xjyco.com\/es\/wp-json\/wp\/v2\/product_brand?post=2589"},{"taxonomy":"product_cat","embeddable":true,"href":"https:\/\/xjyco.com\/es\/wp-json\/wp\/v2\/product_cat?post=2589"},{"taxonomy":"product_tag","embeddable":true,"href":"https:\/\/xjyco.com\/es\/wp-json\/wp\/v2\/product_tag?post=2589"}],"curies":[{"name":"wp","href":"https:\/\/api.w.org\/{rel}","templated":true}]}}