{"id":4055,"date":"2025-09-16T09:41:58","date_gmt":"2025-09-16T09:41:58","guid":{"rendered":"https:\/\/xjyco.com\/?post_type=product&#038;p=4055"},"modified":"2026-04-28T02:36:22","modified_gmt":"2026-04-28T02:36:22","slug":"box-reverse-osmosis-systems","status":"publish","type":"product","link":"https:\/\/xjyco.com\/es\/product\/box-reverse-osmosis-systems\/","title":{"rendered":"Sistemas de \u00f3smosis inversa Box"},"content":{"rendered":"<h2 style=\"text-align: center;\">Descripci\u00f3n general de los sistemas de \u00f3smosis inversa Box<\/h2>\n<p>Estos sistemas de \u00f3smosis inversa en caja son sistemas compactos e integrados de tratamiento de agua dise\u00f1ados espec\u00edficamente para aplicaciones comerciales de purificaci\u00f3n de agua. A diferencia de los equipos tradicionales de tratamiento de agua de tipo modular, que adolecen de un entramado de tuber\u00edas desordenado, componentes dispersos y un montaje engorroso, este equipo integra todo el sistema de pretratamiento, la unidad de potencia de alta presi\u00f3n y el n\u00facleo <span style=\"color: #339966;\"><strong><a style=\"color: #339966;\" href=\"https:\/\/xjyco.com\/es\/product\/reverse-osmosis-systems\/\" target=\"_blank\" rel=\"noopener\">sistema de filtraci\u00f3n por \u00f3smosis inversa<\/a><\/strong><\/span>, el m\u00f3dulo de control el\u00e9ctrico y el conjunto de v\u00e1lvulas y tuber\u00edas en un chasis cerrado e integrado, logrando as\u00ed la integraci\u00f3n modular de toda la unidad.<\/p>\n<p><img fetchpriority=\"high\" decoding=\"async\" class=\"aligncenter wp-image-8859 size-full\" src=\"https:\/\/xjyco.com\/wp-content\/uploads\/2025\/09\/box-reverse-osmosis-systems-5.jpg\" alt=\"sistemas de \u00f3smosis inversa de caja\" width=\"1024\" height=\"400\" title=\"\" srcset=\"https:\/\/xjyco.com\/wp-content\/uploads\/2025\/09\/box-reverse-osmosis-systems-5.jpg 1024w, https:\/\/xjyco.com\/wp-content\/uploads\/2025\/09\/box-reverse-osmosis-systems-5-300x117.jpg 300w, https:\/\/xjyco.com\/wp-content\/uploads\/2025\/09\/box-reverse-osmosis-systems-5-150x59.jpg 150w, https:\/\/xjyco.com\/wp-content\/uploads\/2025\/09\/box-reverse-osmosis-systems-5-768x300.jpg 768w, https:\/\/xjyco.com\/wp-content\/uploads\/2025\/09\/box-reverse-osmosis-systems-5-18x7.jpg 18w\" sizes=\"(max-width: 1024px) 100vw, 1024px\" \/><\/p>\n<h2 style=\"text-align: center;\">Presentaci\u00f3n de los componentes de los sistemas de \u00f3smosis inversa Box<\/h2>\n<p>Todos los componentes principales de nuestros sistemas de \u00f3smosis inversa en caja proceden de marcas de prestigio, descartando piezas gen\u00e9ricas y configuraciones de baja calidad. Todos los componentes se someten a rigurosas pruebas para garantizar unas condiciones de funcionamiento \u00f3ptimas, aptas para 20 horas de funcionamiento continuo, condiciones complejas de calidad del agua y entornos con temperaturas extremas, tanto altas como bajas.<\/p>\n<p>Todo el sistema cuenta con un dise\u00f1o modular, compartimentaci\u00f3n independiente y un montaje y desmontaje sencillos. El mantenimiento posterior y la sustituci\u00f3n de consumibles son sencillos y eficientes, y se adaptan plenamente a las necesidades de mantenimiento aut\u00f3nomo de los clientes. A continuaci\u00f3n se ofrece una descripci\u00f3n detallada de la configuraci\u00f3n b\u00e1sica de todo el sistema:<\/p>\n<h3>1. Bomba de agua sin tratar<\/h3>\n<p>El equipo RO est\u00e1 equipado con un <span style=\"color: #339966;\"><strong>Lingxiao<\/strong><\/span> Bomba de agua bruta, adecuada para un funcionamiento continuo con grandes caudales en sistemas de purificaci\u00f3n de agua. Cuenta con una estructura de sellado fiable, es resistente a la cavitaci\u00f3n y funciona de manera estable. Es capaz de extraer de manera eficiente diversos tipos de agua bruta y garantizar una toma de agua estable para todo el sistema de purificaci\u00f3n.<\/p>\n<h3><span style=\"color: #333333;\">2. Sistema de filtraci\u00f3n de pretratamiento<\/span><\/h3>\n<p>Los sistemas de \u00f3smosis inversa tipo caja suelen estar equipados con un pretratamiento de dos etapas que utiliza arena de cuarzo y carb\u00f3n activado para adaptarse a las condiciones complejas del agua de entrada, proteger la membrana de \u00f3smosis inversa y la bomba de alta presi\u00f3n, y evitar problemas como obstrucciones y formaci\u00f3n de incrustaciones.<\/p>\n<h4>Filtro de arena de cuarzo<\/h4>\n<p>El tanque est\u00e1 lleno de arena de cuarzo de alta pureza, que es dura y resistente a la erosi\u00f3n. Es capaz de retener eficazmente impurezas como el limo y los s\u00f3lidos en suspensi\u00f3n, reducir la turbidez del agua de entrada y proteger las tuber\u00edas, las bombas de alta presi\u00f3n y las membranas de \u00f3smosis inversa.<\/p>\n<h4>Filtro de carb\u00f3n activado<\/h4>\n<p>Fabricado con carb\u00f3n activado de c\u00e1scara de coco de alta calidad, cuenta con una gran capacidad de adsorci\u00f3n y puede eliminar eficazmente el cloro residual, los olores, la materia org\u00e1nica y las impurezas del agua, prevenir la oxidaci\u00f3n y el desgaste de la membrana de \u00f3smosis inversa, prolongar su vida \u00fatil y mejorar el color y el sabor del agua.<\/p>\n<h4>Filtro de seguridad de alta precisi\u00f3n<\/h4>\n<p>Los sistemas de \u00f3smosis inversa tipo caja incluyen de serie un filtro de seguridad de precisi\u00f3n en las etapas de prefiltrado y posfiltrado, que procesa el agua filtrada a trav\u00e9s de arena de cuarzo y carb\u00f3n activado, lo que garantiza una purificaci\u00f3n final precisa.<\/p>\n<p>El equipo cuenta con una carcasa de acero inoxidable 304, lo que garantiza resistencia a la presi\u00f3n, estanqueidad, protecci\u00f3n contra la oxidaci\u00f3n y un funcionamiento libre de contaminaci\u00f3n. Incorpora un elemento filtrante de PP fundido-soplado de alta precisi\u00f3n, que retiene eficazmente sedimentos finos, polvo de carb\u00f3n, coloides e impurezas en suspensi\u00f3n. Esto evita que las part\u00edculas residuales entren en el m\u00f3dulo de membrana, lo que previene ara\u00f1azos en la membrana, la obstrucci\u00f3n de los microporos, la incrustaci\u00f3n y la reducci\u00f3n de la producci\u00f3n de agua, estabilizando as\u00ed el rendimiento del equipo de \u00f3smosis inversa.<\/p>\n<h3>3. Membrana de \u00f3smosis inversa (RO)<\/h3>\n<p>Los sistemas de \u00f3smosis inversa tipo caja est\u00e1n equipados con <span style=\"color: #339966;\"><strong>Vontron<\/strong><\/span> Membranas de \u00f3smosis inversa de baja presi\u00f3n ULP, que cumplen con la especificaci\u00f3n est\u00e1ndar 4040, con una precisi\u00f3n de filtraci\u00f3n de 0,0001 \u03bcm, adecuadas para el tratamiento de aguas industriales y que se caracterizan por un rendimiento estable y una gran resistencia a las incrustaciones.<\/p>\n<p>Esta membrana funciona a baja presi\u00f3n, tiene un gran caudal, una alta tasa de desalinizaci\u00f3n y un bajo consumo energ\u00e9tico, lo que se traduce en un ahorro de energ\u00eda. Alcanza una tasa de desalinizaci\u00f3n estable superior al 97,1 %, eliminando eficazmente diversos contaminantes y purificando el agua. Es universalmente compatible y f\u00e1cil de desmontar y reemplazar.<\/p>\n<h3>4. Bomba de alta presi\u00f3n<\/h3>\n<p>El equipo RO est\u00e1 fabricado en acero inoxidable SUS304<span style=\"color: #339966;\"><strong> CNP<\/strong><\/span> Bomba de alta presi\u00f3n, resistente a la corrosi\u00f3n, a la alta presi\u00f3n y libre de contaminaci\u00f3n. Es adecuada para aguas de calidad compleja, y su presi\u00f3n de salida es estable, lo que garantiza un funcionamiento eficiente y estable del sistema de \u00f3smosis inversa.<\/p>\n<h3>5. Carrocer\u00eda tipo caja<\/h3>\n<ul>\n<li>La m\u00e1quina cuenta con una estructura de caja totalmente cerrada, fabricada mediante moldeado integral de chapa de acero de gran espesor y con un recubrimiento electrost\u00e1tico en polvo, lo que la hace resistente a la corrosi\u00f3n, a prueba de \u00f3xido y antienvejecimiento, y la hace apta para diversas condiciones de trabajo adversas.<\/li>\n<li>El tanque est\u00e1 equipado con ruedas para facilitar su transporte y elevaci\u00f3n, lo que elimina la necesidad de instalaciones fijas de ingenier\u00eda civil y satisface las necesidades de suministro m\u00f3vil de agua.<\/li>\n<li>Su dise\u00f1o totalmente cerrado es resistente al polvo y a la humedad, lo que protege eficazmente los componentes internos principales y reduce las p\u00e9rdidas por fallas.<\/li>\n<li>La carcasa cuenta con una trampilla de inspecci\u00f3n extra\u00edble y una disposici\u00f3n interna ordenada, lo que facilita y agiliza las tareas de inspecci\u00f3n y mantenimiento.<\/li>\n<\/ul>\n<p><img decoding=\"async\" class=\"aligncenter wp-image-8863 size-full\" src=\"https:\/\/xjyco.com\/wp-content\/uploads\/2025\/09\/box-reverse-osmosis-systems-component.jpg\" alt=\"Componente de sistemas de \u00f3smosis inversa en caja\" width=\"790\" height=\"1799\" title=\"\" srcset=\"https:\/\/xjyco.com\/wp-content\/uploads\/2025\/09\/box-reverse-osmosis-systems-component.jpg 790w, https:\/\/xjyco.com\/wp-content\/uploads\/2025\/09\/box-reverse-osmosis-systems-component-132x300.jpg 132w, https:\/\/xjyco.com\/wp-content\/uploads\/2025\/09\/box-reverse-osmosis-systems-component-450x1024.jpg 450w, https:\/\/xjyco.com\/wp-content\/uploads\/2025\/09\/box-reverse-osmosis-systems-component-66x150.jpg 66w, https:\/\/xjyco.com\/wp-content\/uploads\/2025\/09\/box-reverse-osmosis-systems-component-768x1749.jpg 768w, https:\/\/xjyco.com\/wp-content\/uploads\/2025\/09\/box-reverse-osmosis-systems-component-675x1536.jpg 675w, https:\/\/xjyco.com\/wp-content\/uploads\/2025\/09\/box-reverse-osmosis-systems-component-5x12.jpg 5w, https:\/\/xjyco.com\/wp-content\/uploads\/2025\/09\/box-reverse-osmosis-systems-component-300x683.jpg 300w\" sizes=\"(max-width: 790px) 100vw, 790px\" \/><\/p>\n<h2 style=\"text-align: center;\">Proceso de funcionamiento de los sistemas de \u00f3smosis inversa tipo caja<\/h2>\n<p>Todo el proceso, desde la toma de agua bruta, pasando por la purificaci\u00f3n por etapas, la \u00f3smosis inversa de precisi\u00f3n y la separaci\u00f3n del agua concentrada y purificada, hasta el apagado autom\u00e1tico cuando el sistema est\u00e1 lleno, est\u00e1 perfectamente integrado, lo que garantiza una presi\u00f3n de agua estable y un flujo continuo, eliminando problemas como el funcionamiento en vac\u00edo, la acumulaci\u00f3n de presi\u00f3n y la obstrucci\u00f3n del circuito de agua. Los pasos operativos espec\u00edficos son los siguientes:<\/p>\n<h3>Paso 1: La bomba de agua sin tratar estabiliza la presi\u00f3n y suministra agua<\/h3>\n<p>Una vez que el agua sin tratar se conecta al equipo de \u00f3smosis inversa, la bomba de agua sin tratar suministra el agua de forma fluida. El sistema supervisa la presi\u00f3n del agua en tiempo real y se apaga autom\u00e1ticamente para protegerlo contra la falta de agua y la baja presi\u00f3n, evitando as\u00ed que la bomba funcione en seco y se da\u00f1e.<\/p>\n<h3>Paso 2: Pretratamiento y purificaci\u00f3n paso a paso<\/h3>\n<p>El agua pasa por una serie de procesos de pretratamiento: arena de cuarzo, carb\u00f3n activado y un filtro de seguridad de acero inoxidable. La arena de cuarzo retiene las part\u00edculas de mayor tama\u00f1o, como el limo y el \u00f3xido, lo que reduce la turbidez del agua sin tratar. El carb\u00f3n activado adsorbe el cloro residual, la materia org\u00e1nica y los olores, evitando as\u00ed da\u00f1os por oxidaci\u00f3n en las membranas. El filtro de seguridad de alta precisi\u00f3n retiene las impurezas finas, lo que garantiza un funcionamiento estable del sistema posterior.<\/p>\n<h3>Paso 3: Presurizaci\u00f3n y transmisi\u00f3n a alta presi\u00f3n<\/h3>\n<p>El agua limpia pretratada fluye hacia la c\u00e1mara de compensaci\u00f3n de la bomba de alta presi\u00f3n, lo que eleva la presi\u00f3n del agua hasta la presi\u00f3n de funcionamiento est\u00e1ndar de la membrana de \u00f3smosis inversa. La presi\u00f3n de salida se mantiene constante y uniforme durante todo el proceso, sin picos instant\u00e1neos de alta presi\u00f3n ni pulsaciones en el flujo de agua, lo que garantiza un funcionamiento silencioso y fluido con vibraciones m\u00ednimas.<\/p>\n<h3>Paso 4: Separaci\u00f3n y purificaci\u00f3n de alta precisi\u00f3n mediante \u00f3smosis inversa (RO)<\/h3>\n<p>El agua a alta presi\u00f3n fluye hacia la carcasa de la membrana de \u00f3smosis inversa, donde se aplica el principio f\u00edsico de filtraci\u00f3n por \u00f3smosis inversa para lograr una separaci\u00f3n del agua de alta precisi\u00f3n bajo alta presi\u00f3n. Los poros de la membrana, con una precisi\u00f3n de 0,0001 micras, retienen eficazmente todas las impurezas nocivas presentes en el agua, incluidos los iones de calcio y magnesio, los metales pesados, las bacterias, los virus, las sales disueltas y los coloides. Las mol\u00e9culas de agua limpia penetran en la membrana para formar agua pura conforme a los requisitos, mientras que las impurezas y sales de alta concentraci\u00f3n retenidas forman aguas residuales concentradas, logrando una separaci\u00f3n precisa entre el agua pura y el agua concentrada.<\/p>\n<h3>Paso 5: El concentrado y el agua purificada se suministran en flujos separados<\/h3>\n<p>El agua pura fluye a trav\u00e9s de las tuber\u00edas de agua pura, los medidores de flujo y los man\u00f3metros antes de llegar al tanque de almacenamiento de agua pura. Las aguas residuales concentradas se descargan de manera constante o se reciclan a trav\u00e9s de las tuber\u00edas de agua concentrada, lo que garantiza un flujo sin obstrucciones a lo largo de todo el proceso, sin acumulaci\u00f3n de presi\u00f3n ni obstrucciones por reflujo.<\/p>\n<p><img decoding=\"async\" class=\"aligncenter wp-image-8864 size-full\" src=\"https:\/\/xjyco.com\/wp-content\/uploads\/2025\/09\/reverse-osmosis-process.jpg\" alt=\"proceso de \u00f3smosis inversa\" width=\"1024\" height=\"576\" title=\"\" srcset=\"https:\/\/xjyco.com\/wp-content\/uploads\/2025\/09\/reverse-osmosis-process.jpg 1024w, https:\/\/xjyco.com\/wp-content\/uploads\/2025\/09\/reverse-osmosis-process-300x169.jpg 300w, https:\/\/xjyco.com\/wp-content\/uploads\/2025\/09\/reverse-osmosis-process-150x84.jpg 150w, https:\/\/xjyco.com\/wp-content\/uploads\/2025\/09\/reverse-osmosis-process-768x432.jpg 768w, https:\/\/xjyco.com\/wp-content\/uploads\/2025\/09\/reverse-osmosis-process-18x10.jpg 18w\" sizes=\"(max-width: 1024px) 100vw, 1024px\" \/><\/p>\n<h2 style=\"text-align: center;\">Situaciones en las que se pueden aplicar los sistemas de \u00f3smosis inversa en caja<\/h2>\n<p>Los sistemas de \u00f3smosis inversa en caja son adecuados para el tratamiento de agua en m\u00faltiples regiones y bajo diversas condiciones en todo el mundo, y abarcan diversos campos de purificaci\u00f3n de agua industrial y comercial, tales como la producci\u00f3n de alimentos y bebidas, la industria electr\u00f3nica y qu\u00edmica, la industria farmac\u00e9utica, la galvanoplastia de metal, la ganader\u00eda, el suministro de agua para edificios comerciales, el suministro temporal de agua para minas y obras de construcci\u00f3n, el pretratamiento de desalinizaci\u00f3n de agua de mar para islas, la purificaci\u00f3n de agua de emergencia al aire libre y el suministro de agua para casas de hu\u00e9spedes y hoteles. Se pueden proporcionar soluciones de configuraci\u00f3n de equipos personalizadas de acuerdo con las condiciones de calidad del agua y las necesidades de consumo de agua de los clientes.<\/p>\n<p><img loading=\"lazy\" decoding=\"async\" class=\"aligncenter wp-image-8865 size-full\" src=\"https:\/\/xjyco.com\/wp-content\/uploads\/2025\/09\/box-reverse-osmosis-systems-applicable-scenarios.jpg\" alt=\"Escenarios de aplicaci\u00f3n de los sistemas de \u00f3smosis inversa en caja\" width=\"790\" height=\"680\" title=\"\" srcset=\"https:\/\/xjyco.com\/wp-content\/uploads\/2025\/09\/box-reverse-osmosis-systems-applicable-scenarios.jpg 790w, https:\/\/xjyco.com\/wp-content\/uploads\/2025\/09\/box-reverse-osmosis-systems-applicable-scenarios-300x258.jpg 300w, https:\/\/xjyco.com\/wp-content\/uploads\/2025\/09\/box-reverse-osmosis-systems-applicable-scenarios-150x129.jpg 150w, https:\/\/xjyco.com\/wp-content\/uploads\/2025\/09\/box-reverse-osmosis-systems-applicable-scenarios-768x661.jpg 768w, https:\/\/xjyco.com\/wp-content\/uploads\/2025\/09\/box-reverse-osmosis-systems-applicable-scenarios-14x12.jpg 14w\" sizes=\"(max-width: 790px) 100vw, 790px\" \/><\/p>\n<h2 style=\"text-align: center;\">\u00bfPor qu\u00e9 elegirnos?<\/h2>\n<p>Somos un fabricante con m\u00e1s de diez a\u00f1os de experiencia en el sector del tratamiento de aguas industriales. Integramos investigaci\u00f3n y desarrollo propios, dise\u00f1o estructural, fabricaci\u00f3n de precisi\u00f3n, controles de calidad rigurosos, ventas de exportaci\u00f3n y servicios posventa de operaci\u00f3n y mantenimiento, y contamos con un sistema de producci\u00f3n con una cadena industrial completa.<\/p>\n<p>\u2705 La empresa cuenta con las certificaciones ISO y CE, cumple con las normas internacionales de exportaci\u00f3n y dispone de todas las acreditaciones necesarias.<\/p>\n<p>\u2705 El equipo se fabrica siguiendo las normas industriales, y su estructura, tuber\u00edas y sistema de control el\u00e9ctrico han sido sometidos a pruebas operativas para adaptarse a condiciones de agua complejas y entornos hostiles.<\/p>\n<p>\u2705 La m\u00e1quina se somete a m\u00faltiples pruebas antes de salir de f\u00e1brica, entre las que se incluyen pruebas de presi\u00f3n de agua, a plena carga, de prevenci\u00f3n de fugas y de resistencia a los golpes, lo que garantiza un funcionamiento estable y una calidad confiable.<\/p>\n<p>\u2705 Ofrecemos servicios integrales que incluyen modificaciones personalizadas, optimizaci\u00f3n de soluciones, despacho de aduana para la exportaci\u00f3n, asistencia remota y mantenimiento posventa. Damos soporte a env\u00edos internacionales y personalizaciones a gran escala, y ofrecemos una excelente relaci\u00f3n calidad-precio.<\/p>\n<p>Si te interesan los sistemas de \u00f3smosis inversa en caja, no dudes en <strong><span style=\"color: #339966;\"><a style=\"color: #339966;\" href=\"https:\/\/xjyco.com\/es\/contact\/\" target=\"_blank\" rel=\"noopener\">Cont\u00e1ctenos<\/a><\/span><\/strong> para obtener un presupuesto.<\/p>","protected":false},"excerpt":{"rendered":"<p>Los sistemas de \u00f3smosis inversa tipo caja son sistemas de tratamiento de agua por \u00f3smosis inversa integrados y compactos, dise\u00f1ados espec\u00edficamente para aplicaciones comerciales de purificaci\u00f3n de agua.<\/p>","protected":false},"featured_media":6793,"comment_status":"closed","ping_status":"closed","template":"","meta":{"_acf_changed":false,"site-sidebar-layout":"default","site-content-layout":"","ast-site-content-layout":"default","site-content-style":"default","site-sidebar-style":"default","ast-global-header-display":"","ast-banner-title-visibility":"","ast-main-header-display":"","ast-hfb-above-header-display":"","ast-hfb-below-header-display":"","ast-hfb-mobile-header-display":"","site-post-title":"","ast-breadcrumbs-content":"","ast-featured-img":"","footer-sml-layout":"","ast-disable-related-posts":"","theme-transparent-header-meta":"default","adv-header-id-meta":"","stick-header-meta":"default","header-above-stick-meta":"","header-main-stick-meta":"","header-below-stick-meta":"","astra-migrate-meta-layouts":"set","ast-page-background-enabled":"default","ast-page-background-meta":{"desktop":{"background-color":"var(--ast-global-color-5)","background-image":"","background-repeat":"repeat","background-position":"center center","background-size":"auto","background-attachment":"scroll","background-type":"","background-media":"","overlay-type":"","overlay-color":"","overlay-opacity":"","overlay-gradient":""},"tablet":{"background-color":"","background-image":"","background-repeat":"repeat","background-position":"center center","background-size":"auto","background-attachment":"scroll","background-type":"","background-media":"","overlay-type":"","overlay-color":"","overlay-opacity":"","overlay-gradient":""},"mobile":{"background-color":"","background-image":"","background-repeat":"repeat","background-position":"center center","background-size":"auto","background-attachment":"scroll","background-type":"","background-media":"","overlay-type":"","overlay-color":"","overlay-opacity":"","overlay-gradient":""}},"ast-content-background-meta":{"desktop":{"background-color":"var(--ast-global-color-4)","background-image":"","background-repeat":"repeat","background-position":"center center","background-size":"auto","background-attachment":"scroll","background-type":"","background-media":"","overlay-type":"","overlay-color":"","overlay-opacity":"","overlay-gradient":""},"tablet":{"background-color":"var(--ast-global-color-4)","background-image":"","background-repeat":"repeat","background-position":"center center","background-size":"auto","background-attachment":"scroll","background-type":"","background-media":"","overlay-type":"","overlay-color":"","overlay-opacity":"","overlay-gradient":""},"mobile":{"background-color":"var(--ast-global-color-4)","background-image":"","background-repeat":"repeat","background-position":"center center","background-size":"auto","background-attachment":"scroll","background-type":"","background-media":"","overlay-type":"","overlay-color":"","overlay-opacity":"","overlay-gradient":""}}},"product_brand":[145],"product_cat":[81],"product_tag":[102,337,338],"class_list":{"0":"post-4055","1":"product","2":"type-product","3":"status-publish","4":"has-post-thumbnail","6":"product_brand-xinjieyuan","7":"product_cat-water-treatment-equipment","8":"product_tag-box-reverse-osmosis-systems","9":"product_tag-ro-equipment","10":"product_tag-ro-membrane","11":"desktop-align-center","12":"tablet-align-center","13":"mobile-align-center","15":"first","16":"instock","17":"shipping-taxable","18":"purchasable","19":"product-type-simple"},"acf":[],"_links":{"self":[{"href":"https:\/\/xjyco.com\/es\/wp-json\/wp\/v2\/product\/4055","targetHints":{"allow":["GET"]}}],"collection":[{"href":"https:\/\/xjyco.com\/es\/wp-json\/wp\/v2\/product"}],"about":[{"href":"https:\/\/xjyco.com\/es\/wp-json\/wp\/v2\/types\/product"}],"replies":[{"embeddable":true,"href":"https:\/\/xjyco.com\/es\/wp-json\/wp\/v2\/comments?post=4055"}],"wp:featuredmedia":[{"embeddable":true,"href":"https:\/\/xjyco.com\/es\/wp-json\/wp\/v2\/media\/6793"}],"wp:attachment":[{"href":"https:\/\/xjyco.com\/es\/wp-json\/wp\/v2\/media?parent=4055"}],"wp:term":[{"taxonomy":"product_brand","embeddable":true,"href":"https:\/\/xjyco.com\/es\/wp-json\/wp\/v2\/product_brand?post=4055"},{"taxonomy":"product_cat","embeddable":true,"href":"https:\/\/xjyco.com\/es\/wp-json\/wp\/v2\/product_cat?post=4055"},{"taxonomy":"product_tag","embeddable":true,"href":"https:\/\/xjyco.com\/es\/wp-json\/wp\/v2\/product_tag?post=4055"}],"curies":[{"name":"wp","href":"https:\/\/api.w.org\/{rel}","templated":true}]}}