{"id":2459,"date":"2025-09-08T08:56:32","date_gmt":"2025-09-08T08:56:32","guid":{"rendered":"https:\/\/xjyco.com\/?post_type=product&#038;p=2459"},"modified":"2026-04-28T03:21:14","modified_gmt":"2026-04-28T03:21:14","slug":"seawater-reverse-osmosis-systems","status":"publish","type":"product","link":"https:\/\/xjyco.com\/fr\/product\/seawater-reverse-osmosis-systems\/","title":{"rendered":"Syst\u00e8mes d'osmose inverse pour l'eau de mer"},"content":{"rendered":"<h2 style=\"text-align: center;\">1. Que sont les syst\u00e8mes d'osmose inverse d'eau de mer ?<\/h2>\n<p>Les syst\u00e8mes d'osmose inverse pour eau de mer de qualit\u00e9 industrielle utilisent la technologie de s\u00e9paration physique par osmose inverse (OI) pour produire de l'eau pure destin\u00e9e sp\u00e9cifiquement aux applications industrielles et \u00e0 l'approvisionnement en eau \u00e0 grande \u00e9chelle. Con\u00e7us pour r\u00e9pondre aux caract\u00e9ristiques uniques de l'eau de mer \u2013 notamment sa forte salinit\u00e9, sa grande corrosivit\u00e9 et sa composition complexe en impuret\u00e9s \u2013, ces syst\u00e8mes ne n\u00e9cessitent aucun changement de phase chimique. Ils reposent exclusivement sur des proc\u00e9d\u00e9s de transformation sous pression pour convertir l'eau de mer et l'eau saum\u00e2tre en eau douce \u00e0 faible teneur en mati\u00e8res dissoutes totales (TDS), conforme aux normes r\u00e9glementaires. De ce fait, ils constituent un \u00e9quipement essentiel et \u00e9cologique pour pallier les p\u00e9nuries d'eau douce dans les r\u00e9gions c\u00f4ti\u00e8res et au large.<\/p>\n<p><img fetchpriority=\"high\" decoding=\"async\" class=\"aligncenter wp-image-8590 size-full\" src=\"https:\/\/xjyco.com\/wp-content\/uploads\/2025\/09\/reverse-osmosis-equipment-manufacturer.jpg\" alt=\"Fabricant de syst\u00e8mes d&#039;osmose inverse\" width=\"1024\" height=\"400\" title=\"\" srcset=\"https:\/\/xjyco.com\/wp-content\/uploads\/2025\/09\/reverse-osmosis-equipment-manufacturer.jpg 1024w, https:\/\/xjyco.com\/wp-content\/uploads\/2025\/09\/reverse-osmosis-equipment-manufacturer-300x117.jpg 300w, https:\/\/xjyco.com\/wp-content\/uploads\/2025\/09\/reverse-osmosis-equipment-manufacturer-150x59.jpg 150w, https:\/\/xjyco.com\/wp-content\/uploads\/2025\/09\/reverse-osmosis-equipment-manufacturer-768x300.jpg 768w, https:\/\/xjyco.com\/wp-content\/uploads\/2025\/09\/reverse-osmosis-equipment-manufacturer-18x7.jpg 18w\" sizes=\"(max-width: 1024px) 100vw, 1024px\" \/><\/p>\n<h3>Sc\u00e9narios applicables<\/h3>\n<p>Ce syst\u00e8me d'osmose inverse d'eau de mer est adapt\u00e9 \u00e0 une utilisation en cas de p\u00e9nurie d'eau douce, de co\u00fbt prohibitif de l'eau du robinet municipale, de niveaux de salinit\u00e9 des eaux souterraines d\u00e9passant les limites autoris\u00e9es, notamment lorsque la teneur en TDS (Total des Solides Dissous) de l'eau brute d\u00e9passe 10 000 ppm (la plage typique pour l'eau de mer ou l'eau saum\u00e2tre) et ne peut \u00eatre trait\u00e9e efficacement par les syst\u00e8mes de purification d'eau conventionnels.<br \/>\nCe syst\u00e8me est particuli\u00e8rement adapt\u00e9 aux situations d\u00e9pourvues d'infrastructures d'eau potable ou situ\u00e9es en mer, dans des environnements isol\u00e9s. Con\u00e7u pour r\u00e9pondre aux exigences des conditions marines extr\u00eames, des op\u00e9rations d'approvisionnement d'urgence et des besoins critiques de production industrielle, il est capable de fournir un d\u00e9bit stable d'eau purifi\u00e9e pendant 20 heures en continu. En transformant l'eau de mer \u00e0 forte teneur en TDS en eau douce \u00e0 faible teneur en TDS conforme aux normes r\u00e9glementaires, il constitue une alternative sup\u00e9rieure aux m\u00e9thodes traditionnelles de transport et de stockage d'eau douce, permettant ainsi de r\u00e9duire consid\u00e9rablement les co\u00fbts d'approvisionnement en eau.<\/p>\n<p><img decoding=\"async\" class=\"aligncenter wp-image-8587 size-full\" src=\"https:\/\/xjyco.com\/wp-content\/uploads\/2025\/09\/application.jpg\" alt=\"application\" width=\"1024\" height=\"1024\" title=\"\" srcset=\"https:\/\/xjyco.com\/wp-content\/uploads\/2025\/09\/application.jpg 1024w, https:\/\/xjyco.com\/wp-content\/uploads\/2025\/09\/application-300x300.jpg 300w, https:\/\/xjyco.com\/wp-content\/uploads\/2025\/09\/application-150x150.jpg 150w, https:\/\/xjyco.com\/wp-content\/uploads\/2025\/09\/application-768x768.jpg 768w, https:\/\/xjyco.com\/wp-content\/uploads\/2025\/09\/application-12x12.jpg 12w, https:\/\/xjyco.com\/wp-content\/uploads\/2025\/09\/application-100x100.jpg 100w\" sizes=\"(max-width: 1024px) 100vw, 1024px\" \/><\/p>\n<h2 style=\"text-align: center;\">2. De quoi est compos\u00e9 un syst\u00e8me d'osmose inverse d'eau de mer\u00a0?<\/h2>\n<p>Les syst\u00e8mes d'osmose inverse pour eau de mer pr\u00e9sentent une conception modulaire et int\u00e9gr\u00e9e, utilisant des composants essentiels de grandes marques. Ils ne contiennent aucune pi\u00e8ce d'origine de qualit\u00e9 inf\u00e9rieure, garantissant ainsi une tra\u00e7abilit\u00e9 compl\u00e8te et un service apr\u00e8s-vente assur\u00e9. Voici le d\u00e9tail des composants essentiels\u00a0:<\/p>\n<ul>\n<li><strong>Unit\u00e9 de prise d'eau brute<\/strong>: Comprenant un <strong><span style=\"color: #339966;\"><em>Lingxiao<\/em><\/span><\/strong> dot\u00e9 d'une pompe centrifuge de qualit\u00e9 marine, d'un clapet de pied en acier inoxydable, d'un pr\u00e9filtre et de joints anti-vibrations, cet appareil assure une extraction stable de l'eau de mer, offrant une r\u00e9sistance au colmatage et une protection contre la corrosion sp\u00e9cialement adapt\u00e9es aux sources d'eau marine.<\/li>\n<li><strong>Unit\u00e9 de filtration de pr\u00e9traitement<\/strong>: Compos\u00e9e d'un filtre \u00e0 sable de quartz, d'un filtre \u00e0 charbon actif, d'un filtre de s\u00e9curit\u00e9 de pr\u00e9cision de 5 \u03bcm et d'un syst\u00e8me de dosage automatique d'antitartre, cette unit\u00e9 effectue une purification en profondeur de l'eau brute afin de prot\u00e9ger les membranes d'osmose inverse et le corps de la pompe.<\/li>\n<li><strong>Groupe de puissance haute pression<\/strong>: Dot\u00e9 d'une pompe haute pression multi-\u00e9tages de <em><span style=\"color: #339966;\"><strong>CNP<\/strong><\/span><\/em> compos\u00e9e d'\u00e9l\u00e9ments industriels, d'une armoire de commande \u00e0 fr\u00e9quence variable, de capteurs de pression et de commutateurs de protection haute\/basse pression, cette unit\u00e9 fournit la puissance haute pression n\u00e9cessaire au processus de dessalement de l'eau de mer.<\/li>\n<li><strong>Unit\u00e9 de dessalement centrale<\/strong>: \u00c9quip\u00e9 de <strong><span style=\"color: #339966;\"><em>DOW<\/em><\/span><\/strong> gr\u00e2ce \u00e0 ses membranes d'osmose inverse de qualit\u00e9 marine, ses bo\u00eetiers de membrane r\u00e9sistants \u00e0 la corrosion, ses supports de membrane et ses clapets anti-retour, cet appareil permet une s\u00e9paration pr\u00e9cise des mol\u00e9cules d'eau des sels et des impuret\u00e9s.<\/li>\n<li><strong>Unit\u00e9 de post-traitement et de tuyauterie :<\/strong> Comprend un r\u00e9servoir de stockage d'eau douce, un st\u00e9rilisateur UV (en option), une conduite d'\u00e9vacuation du concentr\u00e9, un ch\u00e2ssis d'\u00e9quipement r\u00e9sistant \u00e0 la corrosion et des tuyauteries et vannes en acier inoxydable\/UPVC r\u00e9sistantes \u00e0 la corrosion, le tout con\u00e7u pour r\u00e9sister aux environnements marins corrosifs \u00e0 forte salinit\u00e9.<\/li>\n<\/ul>\n<p><img decoding=\"async\" class=\"aligncenter wp-image-8585 size-full\" src=\"https:\/\/xjyco.com\/wp-content\/uploads\/2025\/09\/reverse-osmosis-systems-components.jpg\" alt=\"Composants des syst\u00e8mes d&#039;osmose inverse\" width=\"1024\" height=\"1341\" title=\"\" srcset=\"https:\/\/xjyco.com\/wp-content\/uploads\/2025\/09\/reverse-osmosis-systems-components.jpg 1024w, https:\/\/xjyco.com\/wp-content\/uploads\/2025\/09\/reverse-osmosis-systems-components-229x300.jpg 229w, https:\/\/xjyco.com\/wp-content\/uploads\/2025\/09\/reverse-osmosis-systems-components-782x1024.jpg 782w, https:\/\/xjyco.com\/wp-content\/uploads\/2025\/09\/reverse-osmosis-systems-components-115x150.jpg 115w, https:\/\/xjyco.com\/wp-content\/uploads\/2025\/09\/reverse-osmosis-systems-components-768x1006.jpg 768w, https:\/\/xjyco.com\/wp-content\/uploads\/2025\/09\/reverse-osmosis-systems-components-9x12.jpg 9w, https:\/\/xjyco.com\/wp-content\/uploads\/2025\/09\/reverse-osmosis-systems-components-300x393.jpg 300w\" sizes=\"(max-width: 1024px) 100vw, 1024px\" \/><\/p>\n<p><strong>D\u00e9tails du service de personnalisation\u00a0:<\/strong> Tous les composants des syst\u00e8mes d'osmose inverse d'eau de mer peuvent \u00eatre personnalis\u00e9s selon les marques et les exigences du client, allant au-del\u00e0 de notre gamme standard de composants de grandes marques. De plus, nous proposons une personnalisation pour diff\u00e9rentes tensions et fr\u00e9quences (Hz), garantissant une compatibilit\u00e9 parfaite avec les normes des r\u00e9seaux \u00e9lectriques internationaux, les syst\u00e8mes d'alimentation marins sp\u00e9cialis\u00e9s et les environnements d'exploitation uniques, pour une adaptabilit\u00e9 maximale.<\/p>\n<p><img loading=\"lazy\" decoding=\"async\" class=\"aligncenter wp-image-8588 size-full\" src=\"https:\/\/xjyco.com\/wp-content\/uploads\/2025\/09\/customized-water-treatment-equipment.jpg\" alt=\"\u00c9quipement de traitement de l&#039;eau personnalis\u00e9\" width=\"1024\" height=\"1024\" title=\"\" srcset=\"https:\/\/xjyco.com\/wp-content\/uploads\/2025\/09\/customized-water-treatment-equipment.jpg 1024w, https:\/\/xjyco.com\/wp-content\/uploads\/2025\/09\/customized-water-treatment-equipment-300x300.jpg 300w, https:\/\/xjyco.com\/wp-content\/uploads\/2025\/09\/customized-water-treatment-equipment-150x150.jpg 150w, https:\/\/xjyco.com\/wp-content\/uploads\/2025\/09\/customized-water-treatment-equipment-768x768.jpg 768w, https:\/\/xjyco.com\/wp-content\/uploads\/2025\/09\/customized-water-treatment-equipment-12x12.jpg 12w, https:\/\/xjyco.com\/wp-content\/uploads\/2025\/09\/customized-water-treatment-equipment-100x100.jpg 100w\" sizes=\"(max-width: 1024px) 100vw, 1024px\" \/><\/p>\n<h2 style=\"text-align: center;\">3. Flux de travail standardis\u00e9 pour les syst\u00e8mes d'osmose inverse d'eau de mer<\/h2>\n<h3>3.1 Principes de fonctionnement fondamentaux<\/h3>\n<p>Le syst\u00e8me d'osmose inverse pour l'eau de mer utilise la technologie d'osmose inverse\u00a0: dans la nature, les mol\u00e9cules d'eau traversent spontan\u00e9ment une membrane semi-perm\u00e9able, se d\u00e9pla\u00e7ant d'une zone de faible concentration en solut\u00e9s vers une zone de forte concentration \u2013 un ph\u00e9nom\u00e8ne appel\u00e9 osmose. L'osmose inverse, \u00e0 l'inverse, utilise une pompe haute pression pour appliquer une pression nettement sup\u00e9rieure \u00e0 la pression osmotique de l'eau de mer (g\u00e9n\u00e9ralement de 50 \u00e0 65\u00a0bars), inversant ainsi ce processus naturel.<br \/>\nSous l'effet de cette haute pression, seules les mol\u00e9cules d'eau, de par leur diam\u00e8tre extr\u00eamement r\u00e9duit, peuvent traverser les pores microscopiques des membranes d'osmose inverse d'eau de mer DOW. Les impuret\u00e9s pr\u00e9sentes dans l'eau de mer, telles que le chlorure de sodium, les m\u00e9taux lourds, les micro-organismes et les collo\u00efdes, sont int\u00e9gralement retenues, permettant ainsi une s\u00e9paration efficace de l'eau douce et de la saumure concentr\u00e9e. L'ensemble du proc\u00e9d\u00e9 ne g\u00e9n\u00e8re aucune pollution secondaire et maintient un taux de dessalement stable sup\u00e9rieur ou \u00e9gal \u00e0 97 %. Il est capable de purifier l'eau de mer brute, dont la teneur en mati\u00e8res dissoutes totales (MDT) varie de 10\u00a0000 \u00e0 35\u00a0000 ppm, pour produire une eau dont la MDT est inf\u00e9rieure ou \u00e9gale \u00e0 200 ppm, r\u00e9pondant ainsi aux normes de qualit\u00e9 de l'eau potable et industrielle. En effet, la MDT de l'eau trait\u00e9e est largement inf\u00e9rieure aux limites fix\u00e9es pour l'eau potable et l'eau pure industrielle.<\/p>\n<h3>3.2 Flux de travail enti\u00e8rement automatis\u00e9<\/h3>\n<ol>\n<li><strong>Extraction et pr\u00e9traitement de l'eau brute<\/strong>: L'eau de mer est extraite et soumise \u00e0 un processus de filtration en trois \u00e9tapes, associ\u00e9 \u00e0 l'injection d'un agent antitartre, afin d'\u00e9liminer les s\u00e9diments, les algues et les mati\u00e8res organiques. Ceci garantit que la turbidit\u00e9 de l'eau \u00e0 l'entr\u00e9e reste inf\u00e9rieure ou \u00e9gale \u00e0 1 NTU, r\u00e9pondant ainsi aux exigences sp\u00e9cifiques du syst\u00e8me d'osmose inverse.<\/li>\n<li><strong>Surpression et distribution \u00e0 haute pression<\/strong>: L'eau de mer pr\u00e9trait\u00e9e, qui r\u00e9pond d\u00e9sormais aux normes de qualit\u00e9, est mise sous pression \u00e0 sa pression de fonctionnement nominale par une pompe haute pression et achemin\u00e9e en douceur vers les modules de membrane, assurant un flux exempt de fluctuations de pression.<\/li>\n<li><strong>Dessalement par osmose inverse et production d'eau<\/strong>: L'eau de mer \u00e0 haute pression traverse les membranes d'osmose inverse pour produire de l'eau douce, tandis que la saumure concentr\u00e9e est \u00e9vacu\u00e9e par une canalisation d\u00e9di\u00e9e, conform\u00e9ment aux normes environnementales.<\/li>\n<li><strong>Protection et rin\u00e7age automatis\u00e9s<\/strong>: Le syst\u00e8me effectue automatiquement un rin\u00e7age \u00e0 basse pression des membranes lors des phases de d\u00e9marrage et d'arr\u00eat. De plus, il d\u00e9clenche automatiquement un arr\u00eat d'urgence en cas d'anomalies de pression (haute ou basse), de surcharge du moteur ou de coupure d'eau, prot\u00e9geant ainsi les composants essentiels.<\/li>\n<li><strong>Entretien et nettoyage p\u00e9riodiques<\/strong>: En fonction des conditions de fonctionnement en temps r\u00e9el, un cycle de nettoyage chimique est lanc\u00e9 pour \u00e9liminer les contaminants tenaces accumul\u00e9s sur les surfaces des membranes, restaurant ainsi les performances de dessalement du syst\u00e8me.<\/li>\n<\/ol>\n<p><img loading=\"lazy\" decoding=\"async\" class=\"aligncenter wp-image-4390 size-large\" src=\"https:\/\/xjyco.com\/wp-content\/uploads\/2025\/10\/solar-seawater-desalination-machine-process-1024x768.jpg\" alt=\"processus de la machine de dessalement solaire de l&#039;eau de mer\" width=\"1024\" height=\"768\" title=\"\" srcset=\"https:\/\/xjyco.com\/wp-content\/uploads\/2025\/10\/solar-seawater-desalination-machine-process-1024x768.jpg 1024w, https:\/\/xjyco.com\/wp-content\/uploads\/2025\/10\/solar-seawater-desalination-machine-process-300x225.jpg 300w, https:\/\/xjyco.com\/wp-content\/uploads\/2025\/10\/solar-seawater-desalination-machine-process-150x113.jpg 150w, https:\/\/xjyco.com\/wp-content\/uploads\/2025\/10\/solar-seawater-desalination-machine-process-768x576.jpg 768w, https:\/\/xjyco.com\/wp-content\/uploads\/2025\/10\/solar-seawater-desalination-machine-process-1536x1152.jpg 1536w, https:\/\/xjyco.com\/wp-content\/uploads\/2025\/10\/solar-seawater-desalination-machine-process-2048x1536.jpg 2048w\" sizes=\"(max-width: 1024px) 100vw, 1024px\" \/><\/p>\n<h2 style=\"text-align: center;\">4. Secteurs d'activit\u00e9 concern\u00e9s par les syst\u00e8mes d'osmose inverse d'eau de mer<\/h2>\n<p>Environnements insulaires\/hauturiers\u00a0: eau potable pour les habitants des \u00eeles (conforme aux normes TDS pour la consommation directe), approvisionnement en eau des garnisons militaires et soutien aux infrastructures hydrauliques pour le d\u00e9veloppement du tourisme insulaire.<\/p>\n<p>Secteur maritime\/portuaire\u00a0: approvisionnement en eau douce des navires de haute mer, approvisionnement en eau pour les op\u00e9rations portuaires et les activit\u00e9s industrielles, et approvisionnement quotidien en eau pour l\u2019entretien et la gestion des quais.<\/p>\n<p>Production industrielle c\u00f4ti\u00e8re\u00a0: Pr\u00e9paration d\u2019eau de process (haute puret\u00e9) et d\u2019eau d\u2019alimentation de chaudi\u00e8re pour les industries chimiques, de galvanoplastie, \u00e9lectroniques et agroalimentaires.<\/p>\n<p>Aquaculture et p\u00eache : Eau purifi\u00e9e pour l'aquaculture en eau de mer et approvisionnement en eau douce pour la transformation et la production de produits de la mer.<\/p>\n<p>Intervention et soutien d'urgence\u00a0: approvisionnement en eau d'urgence pour les r\u00e9gions c\u00f4ti\u00e8res touch\u00e9es par la s\u00e9cheresse, fourniture temporaire d'eau douce suite \u00e0 des catastrophes naturelles et approvisionnement en eau pour les chantiers de construction isol\u00e9s.<\/p>\n<p>Purification des eaux saum\u00e2tres : dessalement et purification des eaux souterraines c\u00f4ti\u00e8res \u00e0 forte salinit\u00e9 et des sources d'eau pr\u00e9sentes dans les zones salines-alcalines.<\/p>\n<h2 style=\"text-align: center;\">5. Pourquoi choisir XinJieYuan ?<\/h2>\n<div style=\"display: inline-flex; align-items: center; background-color: #fff3e6; border: 2px solid #a5e9a5; border-radius: 12px; padding: 16px 24px; gap: 12px; margin: 20px 0;\">\n<p><!-- \u7eff\u8272\u5bf9\u52fe\u56fe\u6807 --><\/p>\n<div style=\"width: 36px; height: 36px; background-color: #00b800; border: 2px solid #000; border-radius: 4px; display: flex; align-items: center; justify-content: center; flex-shrink: 0;\">\n<div style=\"width: 18px; height: 9px; border-left: 3px solid #fff; border-bottom: 3px solid #fff; transform: rotate(-45deg);\"><\/div>\n<\/div>\n<p><!-- \u6838\u5fc3\u4f18\u52bf\u6587\u5b57\uff08\u5b57\u4f53\u5927\u5c0f\u8c03\u6574\u4e3a20px\uff0c\u66f4\u9002\u4e2d\uff09 --><\/p>\n<div style=\"font-size: 15px; font-weight: bold; color: #000; line-height: 1.4; text-shadow: 1px 1px 2px rgba(0,0,0,0.1);\">Principaux avantages\u00a0: Composants haut de gamme + Fabrication professionnelle + Assistance apr\u00e8s-vente sans souci + Stabilit\u00e9 et durabilit\u00e9<\/div>\n<\/div>\n<p><!-- \u79fb\u52a8\u7aef\u9002\u914d\uff08\u79fb\u52a8\u7aef\u5b57\u4f53\u518d\u7f29\u5c0f\u523016px\uff09 --><\/p>\n<p><strong>Composants de base de marque haut de gamme<\/strong>: Notre syst\u00e8me utilise des composants haut de gamme, notamment des membranes d'osmose inverse DOW pour le dessalement de l'eau de mer, des pompes haute pression multicellulaires CNP et des pompes d'aspiration d'eau brute Lingxiao. Ces pi\u00e8ces d'origine, certifi\u00e9es par le fabricant, offrent une excellente r\u00e9sistance \u00e0 la corrosion par l'eau de mer et un taux de d\u00e9faillance exceptionnellement bas.<\/p>\n<p><strong>Performances de dessalement stables et fiables<\/strong>: Avec un taux de dessalement \u2265 97 %, les syst\u00e8mes d'osmose inverse d'eau de mer produisent une eau de haute qualit\u00e9 constante, avec des niveaux de TDS contr\u00f4lables et conformes \u00e0 toutes les normes r\u00e9glementaires. Ils sont parfaitement adapt\u00e9s \u00e0 une large gamme d'applications exigeantes en mati\u00e8re de qualit\u00e9 de l'eau, de l'alimentation directe en eau potable \u00e0 l'eau de process industrielle.<\/p>\n<p><strong>Conception anticorrosion compl\u00e8te<\/strong>: L'ensemble des tuyauteries, des structures et des vannes est fabriqu\u00e9 \u00e0 partir de mat\u00e9riaux r\u00e9sistants \u00e0 la corrosion afin de supporter efficacement les effets corrosifs des ions chlorure pr\u00e9sents dans l'eau de mer. Cette conception robuste garantit un fonctionnement stable et durable, m\u00eame dans des environnements ext\u00e9rieurs difficiles caract\u00e9ris\u00e9s par de fortes concentrations d'embruns sal\u00e9s.<\/p>\n<p><strong>Hautement adaptable et personnalisable<\/strong>: Les syst\u00e8mes d'osmose inverse d'eau de mer offrent de nombreuses options de personnalisation pour s'adapter aux diff\u00e9rentes capacit\u00e9s de production et exigences d'installation. Qu'ils soient d\u00e9ploy\u00e9s en configuration conteneuris\u00e9e, mobile ou fixe, ils sont con\u00e7us pour r\u00e9pondre aux besoins sp\u00e9cifiques de chaque site d'exploitation.<\/p>\n<p><strong>Assistance apr\u00e8s-vente tout au long du cycle de vie<\/strong>: Chaque unit\u00e9 est soumise \u00e0 des tests op\u00e9rationnels simul\u00e9s rigoureux avant exp\u00e9dition. Nous proposons des \u00e9tudes de site gratuites, une formation des op\u00e9rateurs et une assistance technique, le tout soutenu par un service d'intervention rapide 24h\/24 et une garantie compl\u00e8te sur tous les composants essentiels.<\/p>\n<p><strong>\u00c9conomique et \u00e9co\u00e9nerg\u00e9tique<\/strong>: Gr\u00e2ce \u00e0 son taux de r\u00e9cup\u00e9ration d'eau \u00e9lev\u00e9 et \u00e0 sa faible consommation d'\u00e9nergie, ce syst\u00e8me n\u00e9cessite un remplacement peu fr\u00e9quent des consommables. Par cons\u00e9quent, ses co\u00fbts totaux d'exploitation et de maintenance sur l'ensemble de son cycle de vie sont nettement inf\u00e9rieurs \u00e0 ceux des produits comparables sur le march\u00e9.<\/p>\n<p><span style=\"color: #339966;\"><em>Remarque\u00a0: Les capacit\u00e9s non standard, les niveaux de r\u00e9sistance \u00e0 la corrosion, la pr\u00e9cision de contr\u00f4le et les normes de teneur en TDS de l\u2019eau produite peuvent \u00eatre personnalis\u00e9s en fonction des conditions du site du client, des niveaux de TDS de l\u2019eau brute et des sp\u00e9cifications de l\u2019alimentation \u00e9lectrique. Des options telles que l\u2019osmose inverse \u00e0 deux \u00e9tages et les dispositifs de r\u00e9cup\u00e9ration d\u2019\u00e9nergie sont disponibles pour r\u00e9pondre aux exigences des projets haut de gamme.<\/em><\/span><\/p>\n<p><img loading=\"lazy\" decoding=\"async\" class=\"aligncenter wp-image-8589 size-full\" src=\"https:\/\/xjyco.com\/wp-content\/uploads\/2025\/09\/certificate.jpeg\" alt=\"certificat\" width=\"1024\" height=\"410\" title=\"\" srcset=\"https:\/\/xjyco.com\/wp-content\/uploads\/2025\/09\/certificate.jpeg 1024w, https:\/\/xjyco.com\/wp-content\/uploads\/2025\/09\/certificate-300x120.jpeg 300w, https:\/\/xjyco.com\/wp-content\/uploads\/2025\/09\/certificate-150x60.jpeg 150w, https:\/\/xjyco.com\/wp-content\/uploads\/2025\/09\/certificate-768x308.jpeg 768w, https:\/\/xjyco.com\/wp-content\/uploads\/2025\/09\/certificate-18x7.jpeg 18w\" sizes=\"(max-width: 1024px) 100vw, 1024px\" \/><\/p>\n<p>Si vous \u00eates int\u00e9ress\u00e9 par ces syst\u00e8mes d'osmose inverse d'eau de mer, n'h\u00e9sitez pas \u00e0 nous contacter <a href=\"https:\/\/xjyco.com\/fr\/contact\/\" target=\"_blank\" rel=\"noopener\"><span style=\"color: #339966;\"><strong>XinJieYuan<\/strong><\/span><\/a> \u00e0 tout moment.<\/p>","protected":false},"excerpt":{"rendered":"<p>Les syst\u00e8mes d'osmose inverse d'eau de mer de qualit\u00e9 industrielle utilisent la technologie de s\u00e9paration physique RO pour convertir l'eau de mer et l'eau saum\u00e2tre en eau douce potable, sans subir de transition de phase chimique, constituant ainsi un \u00e9l\u00e9ment essentiel d'un \u00e9quipement \u00e9cologique pour lutter contre la p\u00e9nurie d'eau dans les r\u00e9gions c\u00f4ti\u00e8res et offshore.<\/p>","protected":false},"featured_media":8614,"comment_status":"open","ping_status":"closed","template":"","meta":{"_acf_changed":false,"site-sidebar-layout":"default","site-content-layout":"","ast-site-content-layout":"full-width-container","site-content-style":"boxed","site-sidebar-style":"default","ast-global-header-display":"","ast-banner-title-visibility":"","ast-main-header-display":"","ast-hfb-above-header-display":"","ast-hfb-below-header-display":"","ast-hfb-mobile-header-display":"","site-post-title":"","ast-breadcrumbs-content":"","ast-featured-img":"","footer-sml-layout":"","ast-disable-related-posts":"","theme-transparent-header-meta":"default","adv-header-id-meta":"","stick-header-meta":"default","header-above-stick-meta":"","header-main-stick-meta":"","header-below-stick-meta":"","astra-migrate-meta-layouts":"set","ast-page-background-enabled":"default","ast-page-background-meta":{"desktop":{"background-color":"var(--ast-global-color-5)","background-image":"","background-repeat":"repeat","background-position":"center center","background-size":"auto","background-attachment":"scroll","background-type":"","background-media":"","overlay-type":"","overlay-color":"","overlay-opacity":"","overlay-gradient":""},"tablet":{"background-color":"","background-image":"","background-repeat":"repeat","background-position":"center center","background-size":"auto","background-attachment":"scroll","background-type":"","background-media":"","overlay-type":"","overlay-color":"","overlay-opacity":"","overlay-gradient":""},"mobile":{"background-color":"","background-image":"","background-repeat":"repeat","background-position":"center center","background-size":"auto","background-attachment":"scroll","background-type":"","background-media":"","overlay-type":"","overlay-color":"","overlay-opacity":"","overlay-gradient":""}},"ast-content-background-meta":{"desktop":{"background-color":"var(--ast-global-color-4)","background-image":"","background-repeat":"repeat","background-position":"center center","background-size":"auto","background-attachment":"scroll","background-type":"","background-media":"","overlay-type":"","overlay-color":"","overlay-opacity":"","overlay-gradient":""},"tablet":{"background-color":"var(--ast-global-color-4)","background-image":"","background-repeat":"repeat","background-position":"center center","background-size":"auto","background-attachment":"scroll","background-type":"","background-media":"","overlay-type":"","overlay-color":"","overlay-opacity":"","overlay-gradient":""},"mobile":{"background-color":"var(--ast-global-color-4)","background-image":"","background-repeat":"repeat","background-position":"center center","background-size":"auto","background-attachment":"scroll","background-type":"","background-media":"","overlay-type":"","overlay-color":"","overlay-opacity":"","overlay-gradient":""}}},"product_brand":[145],"product_cat":[81],"product_tag":[83],"class_list":{"0":"post-2459","1":"product","2":"type-product","3":"status-publish","4":"has-post-thumbnail","6":"product_brand-xinjieyuan","7":"product_cat-water-treatment-equipment","8":"product_tag-seawater-reverse-osmosis-systems","9":"desktop-align-center","10":"tablet-align-center","11":"mobile-align-center","13":"first","14":"instock","15":"shipping-taxable","16":"purchasable","17":"product-type-simple"},"acf":[],"_links":{"self":[{"href":"https:\/\/xjyco.com\/fr\/wp-json\/wp\/v2\/product\/2459","targetHints":{"allow":["GET"]}}],"collection":[{"href":"https:\/\/xjyco.com\/fr\/wp-json\/wp\/v2\/product"}],"about":[{"href":"https:\/\/xjyco.com\/fr\/wp-json\/wp\/v2\/types\/product"}],"replies":[{"embeddable":true,"href":"https:\/\/xjyco.com\/fr\/wp-json\/wp\/v2\/comments?post=2459"}],"wp:featuredmedia":[{"embeddable":true,"href":"https:\/\/xjyco.com\/fr\/wp-json\/wp\/v2\/media\/8614"}],"wp:attachment":[{"href":"https:\/\/xjyco.com\/fr\/wp-json\/wp\/v2\/media?parent=2459"}],"wp:term":[{"taxonomy":"product_brand","embeddable":true,"href":"https:\/\/xjyco.com\/fr\/wp-json\/wp\/v2\/product_brand?post=2459"},{"taxonomy":"product_cat","embeddable":true,"href":"https:\/\/xjyco.com\/fr\/wp-json\/wp\/v2\/product_cat?post=2459"},{"taxonomy":"product_tag","embeddable":true,"href":"https:\/\/xjyco.com\/fr\/wp-json\/wp\/v2\/product_tag?post=2459"}],"curies":[{"name":"wp","href":"https:\/\/api.w.org\/{rel}","templated":true}]}}