{"id":2469,"date":"2025-09-08T09:13:42","date_gmt":"2025-09-08T09:13:42","guid":{"rendered":"https:\/\/xjyco.com\/?post_type=product&#038;p=2469"},"modified":"2026-04-26T13:29:23","modified_gmt":"2026-04-26T13:29:23","slug":"ultrafiltration-uf-systems","status":"publish","type":"product","link":"https:\/\/xjyco.com\/fr\/product\/ultrafiltration-uf-systems\/","title":{"rendered":"Syst\u00e8mes d'ultrafiltration UF"},"content":{"rendered":"<p>Les syst\u00e8mes d'ultrafiltration UF sont des dispositifs de s\u00e9paration par membrane qui utilisent la technologie des membranes d'ultrafiltration pour purifier et s\u00e9parer les solutions.<\/p>\n<p>Il s'agit d'un dispositif efficace de traitement des fluides qui utilise la perm\u00e9abilit\u00e9 s\u00e9lective des membranes d'ultrafiltration pour r\u00e9aliser une filtration et une s\u00e9paration pr\u00e9cises. Il permet non seulement d'\u00e9liminer efficacement les particules, les collo\u00efdes, les micro-organismes et les grosses mol\u00e9cules organiques des fluides, mais aussi de purifier et de concentrer les solutions, de s\u00e9parer et de r\u00e9cup\u00e9rer les substances. Les syst\u00e8mes d'UF peuvent \u00e9galement \u00eatre utilis\u00e9s pour la purification et la concentration de solutions, la s\u00e9paration et la r\u00e9cup\u00e9ration de substances.<\/p>\n<h2><strong><b>Comment fonctionnent les syst\u00e8mes d'ultrafiltration de l'eau de mer ?<\/b><\/strong><\/h2>\n<h3><strong><b>1. pr\u00e9traitement de l'eau brute<\/b><\/strong><\/h3>\n<p>Tout d'abord, gr\u00e2ce \u00e0 des \u00e9quipements de pr\u00e9traitement tels que des filtres \u00e0 sable de quartz, des filtres \u00e0 charbon actif et des filtres de pr\u00e9cision, les solides en suspension, les mati\u00e8res organiques, le chlore r\u00e9siduel et d'autres impuret\u00e9s pr\u00e9sentes dans l'eau brute sont \u00e9limin\u00e9s afin de prot\u00e9ger la membrane d'ultrafiltration de toute contamination.<\/p>\n<h3><strong><b>2. s\u00e9paration par membrane d'ultrafiltration<\/b><\/strong><\/h3>\n<p>Deuxi\u00e8mement, apr\u00e8s le pr\u00e9traitement, l'eau entre dans l'h\u00f4te d'ultrafiltration et est purifi\u00e9e gr\u00e2ce \u00e0 l'effet de tamisage de la membrane d'ultrafiltration.<\/p>\n<h3><b><\/b><strong><b>3. suivi du traitement<\/b><\/strong><\/h3>\n<p>Si n\u00e9cessaire, l'eau apr\u00e8s l'ultrafiltration peut \u00eatre d\u00e9sinfect\u00e9e, min\u00e9ralis\u00e9e et trait\u00e9e pour am\u00e9liorer la qualit\u00e9 de l'eau.<\/p>\n<p><a href=\"https:\/\/xjyco.com\/wp-content\/uploads\/2025\/09\/Ultrafltration-UF-Systems-procress.png\"><img fetchpriority=\"high\" decoding=\"async\" class=\"aligncenter wp-image-2470 size-full\" src=\"https:\/\/xjyco.com\/wp-content\/uploads\/2025\/09\/Ultrafltration-UF-Systems-procress.png\" alt=\"Proc\u00e9d\u00e9 d&#039;ultrafiltration UF Systems\" width=\"750\" height=\"450\" title=\"\" srcset=\"https:\/\/xjyco.com\/wp-content\/uploads\/2025\/09\/Ultrafltration-UF-Systems-procress.png 750w, https:\/\/xjyco.com\/wp-content\/uploads\/2025\/09\/Ultrafltration-UF-Systems-procress-300x180.png 300w, https:\/\/xjyco.com\/wp-content\/uploads\/2025\/09\/Ultrafltration-UF-Systems-procress-512x307.png 512w\" sizes=\"(max-width: 750px) 100vw, 750px\" \/><\/a><\/p>\n<h2><strong><b>Comment <\/b><\/strong><strong><b>syst\u00e8mes d'ultrafiltration uf <\/b><\/strong><strong><b>\u00e0 quoi ressemble-t-il ?<\/b><\/strong><\/h2>\n<p><a href=\"https:\/\/xjyco.com\/wp-content\/uploads\/2025\/09\/Ultrafltration-UF-Systems.png\"><img decoding=\"async\" class=\"aligncenter wp-image-2471 size-large\" src=\"https:\/\/xjyco.com\/wp-content\/uploads\/2025\/09\/Ultrafltration-UF-Systems-1024x1024.png\" alt=\"Syst\u00e8mes d&#039;ultrafiltration UF\" width=\"1024\" height=\"1024\" title=\"\" srcset=\"https:\/\/xjyco.com\/wp-content\/uploads\/2025\/09\/Ultrafltration-UF-Systems-1024x1024.png 1024w, https:\/\/xjyco.com\/wp-content\/uploads\/2025\/09\/Ultrafltration-UF-Systems-300x300.png 300w, https:\/\/xjyco.com\/wp-content\/uploads\/2025\/09\/Ultrafltration-UF-Systems-100x100.png 100w, https:\/\/xjyco.com\/wp-content\/uploads\/2025\/09\/Ultrafltration-UF-Systems-150x150.png 150w, https:\/\/xjyco.com\/wp-content\/uploads\/2025\/09\/Ultrafltration-UF-Systems-768x768.png 768w, https:\/\/xjyco.com\/wp-content\/uploads\/2025\/09\/Ultrafltration-UF-Systems-1536x1536.png 1536w, https:\/\/xjyco.com\/wp-content\/uploads\/2025\/09\/Ultrafltration-UF-Systems.png 2000w\" sizes=\"(max-width: 1024px) 100vw, 1024px\" \/><\/a><\/p>\n<h2>Quels sont les avantages de <strong><b>syst\u00e8mes d'ultrafiltration uf ?<\/b><\/strong><\/h2>\n<p><strong>1. filtration efficace<\/strong><\/p>\n<p>La taille des pores de la membrane d'ultrafiltration est extr\u00eamement petite, g\u00e9n\u00e9ralement entre 0,002~0,1 \u03bc m, ce qui permet d'intercepter efficacement les substances mol\u00e9culaires de grande taille telles que les solides en suspension, les collo\u00efdes, les prot\u00e9ines, les micro-organismes, etc. dans la solution.<\/p>\n<p><strong>2. facile \u00e0 utiliser<\/strong><\/p>\n<p>Les syst\u00e8mes d'UF adoptent g\u00e9n\u00e9ralement un syst\u00e8me de contr\u00f4le automatis\u00e9, facile \u00e0 utiliser et \u00e0 entretenir.<\/p>\n<p><strong>3. \u00e9conomie d'\u00e9nergie et faible consommation<\/strong><\/p>\n<p>Les syst\u00e8mes d'UF ne n\u00e9cessitent pas une grande quantit\u00e9 d'\u00e9lectricit\u00e9 pendant leur fonctionnement, et leur consommation d'\u00e9nergie et leurs co\u00fbts d'exploitation sont faibles.<\/p>\n<p><strong>4. longue dur\u00e9e de vie<\/strong><\/p>\n<p>La dur\u00e9e de vie des membranes d'ultrafiltration est longue, g\u00e9n\u00e9ralement de 3 \u00e0 5 ans.<\/p>\n<p><strong>5. taux \u00e9lev\u00e9 de r\u00e9cup\u00e9ration de l'eau<\/strong><\/p>\n<p>Le taux d'utilisation de la solution originale est \u00e9lev\u00e9 et les d\u00e9chets sont peu nombreux.<\/p>\n<p>Par ailleurs, le taux de r\u00e9cup\u00e9ration de l'eau du robinet trait\u00e9e avec des syst\u00e8mes d'ultrafiltration UF peut atteindre plus de 97%, ce qui permet d'\u00e9conomiser les ressources en eau et de r\u00e9duire les co\u00fbts de l'eau.<\/p>\n<h2>Quelles sp\u00e9cifications peuvent \u00eatre fournies ?<\/h2>\n<p><a href=\"https:\/\/xjyco.com\/wp-content\/uploads\/2025\/09\/Ultrafltration-UF-Systems-Specifications.jpg\"><img decoding=\"async\" class=\"aligncenter wp-image-2472 size-full\" src=\"https:\/\/xjyco.com\/wp-content\/uploads\/2025\/09\/Ultrafltration-UF-Systems-Specifications.jpg\" alt=\"Sp\u00e9cifications des syst\u00e8mes d&#039;ultrafiltration UF\" width=\"775\" height=\"345\" title=\"\" srcset=\"https:\/\/xjyco.com\/wp-content\/uploads\/2025\/09\/Ultrafltration-UF-Systems-Specifications.jpg 775w, https:\/\/xjyco.com\/wp-content\/uploads\/2025\/09\/Ultrafltration-UF-Systems-Specifications-300x134.jpg 300w, https:\/\/xjyco.com\/wp-content\/uploads\/2025\/09\/Ultrafltration-UF-Systems-Specifications-512x228.jpg 512w, https:\/\/xjyco.com\/wp-content\/uploads\/2025\/09\/Ultrafltration-UF-Systems-Specifications-768x342.jpg 768w\" sizes=\"(max-width: 775px) 100vw, 775px\" \/><\/a><\/p>","protected":false},"excerpt":{"rendered":"<p>Elle utilise des membranes d'ultrafiltration pour retenir les collo\u00efdes, les substances macromol\u00e9culaires et les impuret\u00e9s particulaires dans l'eau, ce qui permet d'obtenir une purification ou un pr\u00e9traitement de l'eau.<\/p>","protected":false},"featured_media":6792,"comment_status":"closed","ping_status":"closed","template":"","meta":{"_acf_changed":false,"site-sidebar-layout":"default","site-content-layout":"","ast-site-content-layout":"default","site-content-style":"default","site-sidebar-style":"default","ast-global-header-display":"","ast-banner-title-visibility":"","ast-main-header-display":"","ast-hfb-above-header-display":"","ast-hfb-below-header-display":"","ast-hfb-mobile-header-display":"","site-post-title":"","ast-breadcrumbs-content":"","ast-featured-img":"","footer-sml-layout":"","ast-disable-related-posts":"","theme-transparent-header-meta":"default","adv-header-id-meta":"","stick-header-meta":"default","header-above-stick-meta":"","header-main-stick-meta":"","header-below-stick-meta":"","astra-migrate-meta-layouts":"set","ast-page-background-enabled":"default","ast-page-background-meta":{"desktop":{"background-color":"var(--ast-global-color-5)","background-image":"","background-repeat":"repeat","background-position":"center center","background-size":"auto","background-attachment":"scroll","background-type":"","background-media":"","overlay-type":"","overlay-color":"","overlay-opacity":"","overlay-gradient":""},"tablet":{"background-color":"","background-image":"","background-repeat":"repeat","background-position":"center center","background-size":"auto","background-attachment":"scroll","background-type":"","background-media":"","overlay-type":"","overlay-color":"","overlay-opacity":"","overlay-gradient":""},"mobile":{"background-color":"","background-image":"","background-repeat":"repeat","background-position":"center center","background-size":"auto","background-attachment":"scroll","background-type":"","background-media":"","overlay-type":"","overlay-color":"","overlay-opacity":"","overlay-gradient":""}},"ast-content-background-meta":{"desktop":{"background-color":"var(--ast-global-color-4)","background-image":"","background-repeat":"repeat","background-position":"center center","background-size":"auto","background-attachment":"scroll","background-type":"","background-media":"","overlay-type":"","overlay-color":"","overlay-opacity":"","overlay-gradient":""},"tablet":{"background-color":"var(--ast-global-color-4)","background-image":"","background-repeat":"repeat","background-position":"center center","background-size":"auto","background-attachment":"scroll","background-type":"","background-media":"","overlay-type":"","overlay-color":"","overlay-opacity":"","overlay-gradient":""},"mobile":{"background-color":"var(--ast-global-color-4)","background-image":"","background-repeat":"repeat","background-position":"center center","background-size":"auto","background-attachment":"scroll","background-type":"","background-media":"","overlay-type":"","overlay-color":"","overlay-opacity":"","overlay-gradient":""}}},"product_brand":[145],"product_cat":[81],"product_tag":[96],"class_list":{"0":"post-2469","1":"product","2":"type-product","3":"status-publish","4":"has-post-thumbnail","6":"product_brand-xinjieyuan","7":"product_cat-water-treatment-equipment","8":"product_tag-ultrafiltration-uf-systems","9":"desktop-align-center","10":"tablet-align-center","11":"mobile-align-center","13":"first","14":"instock","15":"shipping-taxable","16":"purchasable","17":"product-type-simple"},"acf":[],"_links":{"self":[{"href":"https:\/\/xjyco.com\/fr\/wp-json\/wp\/v2\/product\/2469","targetHints":{"allow":["GET"]}}],"collection":[{"href":"https:\/\/xjyco.com\/fr\/wp-json\/wp\/v2\/product"}],"about":[{"href":"https:\/\/xjyco.com\/fr\/wp-json\/wp\/v2\/types\/product"}],"replies":[{"embeddable":true,"href":"https:\/\/xjyco.com\/fr\/wp-json\/wp\/v2\/comments?post=2469"}],"wp:featuredmedia":[{"embeddable":true,"href":"https:\/\/xjyco.com\/fr\/wp-json\/wp\/v2\/media\/6792"}],"wp:attachment":[{"href":"https:\/\/xjyco.com\/fr\/wp-json\/wp\/v2\/media?parent=2469"}],"wp:term":[{"taxonomy":"product_brand","embeddable":true,"href":"https:\/\/xjyco.com\/fr\/wp-json\/wp\/v2\/product_brand?post=2469"},{"taxonomy":"product_cat","embeddable":true,"href":"https:\/\/xjyco.com\/fr\/wp-json\/wp\/v2\/product_cat?post=2469"},{"taxonomy":"product_tag","embeddable":true,"href":"https:\/\/xjyco.com\/fr\/wp-json\/wp\/v2\/product_tag?post=2469"}],"curies":[{"name":"wp","href":"https:\/\/api.w.org\/{rel}","templated":true}]}}