{"id":2560,"date":"2025-09-09T02:22:16","date_gmt":"2025-09-09T02:22:16","guid":{"rendered":"https:\/\/xjyco.com\/?post_type=product&#038;p=2560"},"modified":"2026-04-26T13:30:42","modified_gmt":"2026-04-26T13:30:42","slug":"brackish-water-desalination-plant","status":"publish","type":"product","link":"https:\/\/xjyco.com\/fr\/product\/brackish-water-desalination-plant\/","title":{"rendered":"Usine de dessalement d'eau saum\u00e2tre"},"content":{"rendered":"<p>Cette usine de dessalement d'eau saum\u00e2tre peut \u00e9liminer efficacement les composants nocifs tels que les sels inorganiques, les m\u00e9taux lourds, les mati\u00e8res organiques et les bact\u00e9ries pr\u00e9sentes dans l'eau saum\u00e2tre. Elle permet donc de r\u00e9aliser un dessalement de l'eau par filtrage. Elle est en outre capable de fournir une eau potable conforme aux normes nationales en la mati\u00e8re. Par ailleurs, le syst\u00e8me de dessalement consomme peu d'\u00e9nergie et n'entra\u00eene pas de pollution secondaire. En effet, nous utilisons un syst\u00e8me de contr\u00f4le automatique avanc\u00e9 pour garantir un fonctionnement stable, une efficacit\u00e9 \u00e9lev\u00e9e et des \u00e9conomies d'\u00e9nergie.<\/p>\n<p>L'eau saum\u00e2tre est une eau \u00e0 forte teneur en sel (salinit\u00e9 g\u00e9n\u00e9ralement comprise entre 0,5 et 3%). Elle a un go\u00fbt amer et ne peut \u00eatre directement bue ou utilis\u00e9e dans de nombreux processus de production industrielle et agricole. Il est toutefois possible de dessaler ce type d'eau saum\u00e2tre, d'en \u00e9liminer le sel et les impuret\u00e9s et de produire de l'eau douce.<\/p>\n<h2><strong><b>Comment fonctionne une usine de dessalement d'eau de mer et d'eau saum\u00e2tre ?<\/b><\/strong><\/h2>\n<h3>1. \u00e9tape de pr\u00e9traitement<\/h3>\n<p>Tout d'abord, un filtre multi-m\u00e9dia filtre s\u00e9quentiellement l'eau saum\u00e2tre afin d'\u00e9liminer les grosses particules et de r\u00e9duire la turbidit\u00e9. En outre, un filtre \u00e0 charbon actif absorbe les substances nocives et prot\u00e8ge la membrane. Enfin, un filtre de s\u00e9curit\u00e9 intercepte les impuret\u00e9s fines pour garantir la propret\u00e9 de l'eau entrant dans le syst\u00e8me d'osmose inverse.<\/p>\n<h3>2. \u00e9tape de traitement par osmose inverse<\/h3>\n<p>Ensuite, l'eau saum\u00e2tre pr\u00e9trait\u00e9e est mise sous pression par une pompe \u00e0 haute pression et p\u00e9n\u00e8tre dans la membrane d'osmose inverse. Sous l'effet de la diff\u00e9rence de pression de part et d'autre de la membrane semi-perm\u00e9able, les mol\u00e9cules d'eau traversent la membrane semi-perm\u00e9able. La s\u00e9paration de l'eau et des impuret\u00e9s est ainsi r\u00e9alis\u00e9e pour obtenir de l'eau douce \u00e0 faible salinit\u00e9.<\/p>\n<h3>3. \u00e9tape post-traitement<\/h3>\n<p>Enfin, l'eau douce trait\u00e9e par osmose inverse, en fonction des exigences de qualit\u00e9 de l'eau, utilise un dispositif d'\u00e9change d'ions pour \u00e9liminer les ions calcium et magn\u00e9sium afin d'\u00e9viter l'entartrage lorsque les exigences de duret\u00e9 sont strictes, et utilise des st\u00e9rilisateurs \u00e0 ultraviolets ou des g\u00e9n\u00e9rateurs d'ozone pour st\u00e9riliser et d\u00e9sinfecter lorsque des indicateurs microbiens sont requis pour r\u00e9pondre aux normes d'hygi\u00e8ne.<\/p>\n<h3><a href=\"https:\/\/xjyco.com\/wp-content\/uploads\/2025\/09\/Brackish-Water-Reverse-Osmosis-Systems-process.png\"><br \/>\n<img fetchpriority=\"high\" decoding=\"async\" class=\"aligncenter wp-image-2561 size-large\" src=\"https:\/\/xjyco.com\/wp-content\/uploads\/2025\/09\/Brackish-Water-Reverse-Osmosis-Systems-process-1024x719.png\" alt=\"Syst\u00e8mes d&#039;osmose inverse pour eau saum\u00e2tre processus\" width=\"1024\" height=\"719\" title=\"\" srcset=\"https:\/\/xjyco.com\/wp-content\/uploads\/2025\/09\/Brackish-Water-Reverse-Osmosis-Systems-process-1024x719.png 1024w, https:\/\/xjyco.com\/wp-content\/uploads\/2025\/09\/Brackish-Water-Reverse-Osmosis-Systems-process-300x211.png 300w, https:\/\/xjyco.com\/wp-content\/uploads\/2025\/09\/Brackish-Water-Reverse-Osmosis-Systems-process-768x539.png 768w, https:\/\/xjyco.com\/wp-content\/uploads\/2025\/09\/Brackish-Water-Reverse-Osmosis-Systems-process.png 1264w\" sizes=\"(max-width: 1024px) 100vw, 1024px\" \/><\/a><\/h3>\n<h2><strong><b>Comment <\/b><\/strong><strong><b>usine de dessalement d'eau saum\u00e2tre <\/b><\/strong><b><\/b><strong><b>\u00e0 quoi ressemble-t-il ?<\/b><\/strong><\/h2>\n<p><a href=\"https:\/\/xjyco.com\/wp-content\/uploads\/2025\/09\/Brackish-Water-Reverse-Osmosis-Systems.png\"><img decoding=\"async\" class=\"aligncenter wp-image-2562 size-large\" src=\"https:\/\/xjyco.com\/wp-content\/uploads\/2025\/09\/Brackish-Water-Reverse-Osmosis-Systems-1024x1024.png\" alt=\"Syst\u00e8mes d&#039;osmose inverse pour eau saum\u00e2tre\" width=\"1024\" height=\"1024\" title=\"\" srcset=\"https:\/\/xjyco.com\/wp-content\/uploads\/2025\/09\/Brackish-Water-Reverse-Osmosis-Systems-1024x1024.png 1024w, https:\/\/xjyco.com\/wp-content\/uploads\/2025\/09\/Brackish-Water-Reverse-Osmosis-Systems-300x300.png 300w, https:\/\/xjyco.com\/wp-content\/uploads\/2025\/09\/Brackish-Water-Reverse-Osmosis-Systems-100x100.png 100w, https:\/\/xjyco.com\/wp-content\/uploads\/2025\/09\/Brackish-Water-Reverse-Osmosis-Systems-150x150.png 150w, https:\/\/xjyco.com\/wp-content\/uploads\/2025\/09\/Brackish-Water-Reverse-Osmosis-Systems-768x768.png 768w, https:\/\/xjyco.com\/wp-content\/uploads\/2025\/09\/Brackish-Water-Reverse-Osmosis-Systems-1536x1536.png 1536w, https:\/\/xjyco.com\/wp-content\/uploads\/2025\/09\/Brackish-Water-Reverse-Osmosis-Systems.png 2000w\" sizes=\"(max-width: 1024px) 100vw, 1024px\" \/><\/a><\/p>\n<h2>Quels sont les avantages de <strong><b>usine de dessalement de l'eau<\/b><\/strong><strong><b>?<\/b><\/strong><\/h2>\n<p><strong>1. des capacit\u00e9s de dessalement et de purification efficaces<\/strong><\/p>\n<p>Le taux de dessalement de l'usine de dessalement d'eau saum\u00e2tre est de 97%, ce qui permet de convertir l'eau saum\u00e2tre en une eau de haute qualit\u00e9 conforme aux normes nationales en mati\u00e8re d'eau potable, et m\u00eame aux normes nationales en mati\u00e8re d'eau pure.<\/p>\n<p><strong>2. \u00e9conomie d'\u00e9nergie, protection de l'environnement et faible consommation d'\u00e9nergie<\/strong><\/p>\n<p>L'usine de dessalement d'eau saum\u00e2tre met l'accent sur l'\u00e9conomie d'\u00e9nergie et la protection de l'environnement dans sa conception, adopte une conception \u00e9conome en \u00e9nergie et r\u00e9duit les co\u00fbts de production de l'eau. Parall\u00e8lement, l'\u00e9quipement consomme peu d'\u00e9nergie pendant son fonctionnement, ce qui permet non seulement de r\u00e9pondre aux exigences en mati\u00e8re de protection de l'environnement, mais aussi de r\u00e9duire les co\u00fbts d'exploitation des utilisateurs.<\/p>\n<p><strong>3. mat\u00e9riaux durables<\/strong><\/p>\n<p>Nous utilisons de l'acier inoxydable et des mat\u00e9riaux r\u00e9sistants \u00e0 la corrosion pour garantir que l'\u00e9quipement puisse continuer \u00e0 fonctionner de mani\u00e8re stable pendant longtemps dans des environnements difficiles et prolonger sa dur\u00e9e de vie.<\/p>\n<p><strong>4. une qualit\u00e9 de l'eau stable et s\u00fbre<\/strong><\/p>\n<p>Nous nous sommes \u00e9quip\u00e9s d'un syst\u00e8me avanc\u00e9 de d\u00e9tection et de contr\u00f4le de la qualit\u00e9 de l'eau afin de garantir la stabilit\u00e9 de la qualit\u00e9 de l'eau sur une longue p\u00e9riode et sa conformit\u00e9 aux normes nationales. Dans le m\u00eame temps, nous avons \u00e9galement adapt\u00e9 un processeur de st\u00e9rilisation pour st\u00e9riliser l'eau stock\u00e9e afin de garantir la s\u00e9curit\u00e9 et l'hygi\u00e8ne de la qualit\u00e9 de l'eau.<\/p>\n<p><strong>5. des types de combinaisons et des m\u00e9thodes d'installation flexibles et diversifi\u00e9s<\/strong><\/p>\n<p>L'usine de dessalement d'eau saum\u00e2tre peut \u00eatre combin\u00e9e en diff\u00e9rents types selon les besoins de l'utilisateur et les conditions du site, tels que le type de support, le type mont\u00e9 sur skid, le type mont\u00e9 sur skid, le type de conteneur, etc. Parall\u00e8lement, la m\u00e9thode d'installation de l'\u00e9quipement est \u00e9galement tr\u00e8s flexible. Tant qu'il y a de l'\u00e9lectricit\u00e9 et de l'eau brute, il peut transformer l'eau douce.<\/p>\n<h2>Sp\u00e9cifications des produits<\/h2>\n<p><a href=\"https:\/\/xjyco.com\/wp-content\/uploads\/2025\/09\/Brackish-Water-Reverse-Osmosis-Systems-Specifications.jpg\"><img decoding=\"async\" class=\"aligncenter wp-image-2563 size-full\" src=\"https:\/\/xjyco.com\/wp-content\/uploads\/2025\/09\/Brackish-Water-Reverse-Osmosis-Systems-Specifications.jpg\" alt=\"Sp\u00e9cifications des syst\u00e8mes d&#039;osmose inverse pour eau saum\u00e2tre\" width=\"784\" height=\"581\" title=\"\" srcset=\"https:\/\/xjyco.com\/wp-content\/uploads\/2025\/09\/Brackish-Water-Reverse-Osmosis-Systems-Specifications.jpg 784w, https:\/\/xjyco.com\/wp-content\/uploads\/2025\/09\/Brackish-Water-Reverse-Osmosis-Systems-Specifications-300x222.jpg 300w, https:\/\/xjyco.com\/wp-content\/uploads\/2025\/09\/Brackish-Water-Reverse-Osmosis-Systems-Specifications-512x379.jpg 512w, https:\/\/xjyco.com\/wp-content\/uploads\/2025\/09\/Brackish-Water-Reverse-Osmosis-Systems-Specifications-768x569.jpg 768w\" sizes=\"(max-width: 784px) 100vw, 784px\" \/><\/a><\/p>\n<p>&nbsp;<\/p>","protected":false},"excerpt":{"rendered":"<p>Il utilise une membrane semi-perm\u00e9able pour s\u00e9parer les sels et les impuret\u00e9s de l'eau saum\u00e2tre sous pression, ce qui permet de dessaler l'eau saum\u00e2tre pour obtenir de l'eau douce.<\/p>","protected":false},"featured_media":6795,"comment_status":"closed","ping_status":"closed","template":"","meta":{"_acf_changed":false,"site-sidebar-layout":"default","site-content-layout":"","ast-site-content-layout":"default","site-content-style":"default","site-sidebar-style":"default","ast-global-header-display":"","ast-banner-title-visibility":"","ast-main-header-display":"","ast-hfb-above-header-display":"","ast-hfb-below-header-display":"","ast-hfb-mobile-header-display":"","site-post-title":"","ast-breadcrumbs-content":"","ast-featured-img":"","footer-sml-layout":"","ast-disable-related-posts":"","theme-transparent-header-meta":"default","adv-header-id-meta":"","stick-header-meta":"default","header-above-stick-meta":"","header-main-stick-meta":"","header-below-stick-meta":"","astra-migrate-meta-layouts":"set","ast-page-background-enabled":"default","ast-page-background-meta":{"desktop":{"background-color":"var(--ast-global-color-5)","background-image":"","background-repeat":"repeat","background-position":"center center","background-size":"auto","background-attachment":"scroll","background-type":"","background-media":"","overlay-type":"","overlay-color":"","overlay-opacity":"","overlay-gradient":""},"tablet":{"background-color":"","background-image":"","background-repeat":"repeat","background-position":"center center","background-size":"auto","background-attachment":"scroll","background-type":"","background-media":"","overlay-type":"","overlay-color":"","overlay-opacity":"","overlay-gradient":""},"mobile":{"background-color":"","background-image":"","background-repeat":"repeat","background-position":"center center","background-size":"auto","background-attachment":"scroll","background-type":"","background-media":"","overlay-type":"","overlay-color":"","overlay-opacity":"","overlay-gradient":""}},"ast-content-background-meta":{"desktop":{"background-color":"var(--ast-global-color-4)","background-image":"","background-repeat":"repeat","background-position":"center center","background-size":"auto","background-attachment":"scroll","background-type":"","background-media":"","overlay-type":"","overlay-color":"","overlay-opacity":"","overlay-gradient":""},"tablet":{"background-color":"var(--ast-global-color-4)","background-image":"","background-repeat":"repeat","background-position":"center center","background-size":"auto","background-attachment":"scroll","background-type":"","background-media":"","overlay-type":"","overlay-color":"","overlay-opacity":"","overlay-gradient":""},"mobile":{"background-color":"var(--ast-global-color-4)","background-image":"","background-repeat":"repeat","background-position":"center center","background-size":"auto","background-attachment":"scroll","background-type":"","background-media":"","overlay-type":"","overlay-color":"","overlay-opacity":"","overlay-gradient":""}}},"product_brand":[145],"product_cat":[81],"product_tag":[84],"class_list":{"0":"post-2560","1":"product","2":"type-product","3":"status-publish","4":"has-post-thumbnail","6":"product_brand-xinjieyuan","7":"product_cat-water-treatment-equipment","8":"product_tag-brackish-water-reverse-osmosis-systems","9":"desktop-align-center","10":"tablet-align-center","11":"mobile-align-center","13":"first","14":"instock","15":"shipping-taxable","16":"purchasable","17":"product-type-simple"},"acf":[],"_links":{"self":[{"href":"https:\/\/xjyco.com\/fr\/wp-json\/wp\/v2\/product\/2560","targetHints":{"allow":["GET"]}}],"collection":[{"href":"https:\/\/xjyco.com\/fr\/wp-json\/wp\/v2\/product"}],"about":[{"href":"https:\/\/xjyco.com\/fr\/wp-json\/wp\/v2\/types\/product"}],"replies":[{"embeddable":true,"href":"https:\/\/xjyco.com\/fr\/wp-json\/wp\/v2\/comments?post=2560"}],"wp:featuredmedia":[{"embeddable":true,"href":"https:\/\/xjyco.com\/fr\/wp-json\/wp\/v2\/media\/6795"}],"wp:attachment":[{"href":"https:\/\/xjyco.com\/fr\/wp-json\/wp\/v2\/media?parent=2560"}],"wp:term":[{"taxonomy":"product_brand","embeddable":true,"href":"https:\/\/xjyco.com\/fr\/wp-json\/wp\/v2\/product_brand?post=2560"},{"taxonomy":"product_cat","embeddable":true,"href":"https:\/\/xjyco.com\/fr\/wp-json\/wp\/v2\/product_cat?post=2560"},{"taxonomy":"product_tag","embeddable":true,"href":"https:\/\/xjyco.com\/fr\/wp-json\/wp\/v2\/product_tag?post=2560"}],"curies":[{"name":"wp","href":"https:\/\/api.w.org\/{rel}","templated":true}]}}