{"id":2569,"date":"2025-09-09T02:57:47","date_gmt":"2025-09-09T02:57:47","guid":{"rendered":"https:\/\/xjyco.com\/?post_type=product&#038;p=2569"},"modified":"2026-04-26T13:31:26","modified_gmt":"2026-04-26T13:31:26","slug":"containerized-water-treatment-plant","status":"publish","type":"product","link":"https:\/\/xjyco.com\/fr\/product\/containerized-water-treatment-plant\/","title":{"rendered":"Station d'\u00e9puration conteneuris\u00e9e"},"content":{"rendered":"<p>La station d'\u00e9puration en conteneur illustr\u00e9e sur la photo a une capacit\u00e9 de production de 30 tonnes d'eau par heure. Sa technologie de base est le <a href=\"https:\/\/xjyco.com\/fr\/product\/reverse-osmosis-systems\/\">osmose inverse<\/a> technologie de s\u00e9paration par membrane. Sous une pression sup\u00e9rieure \u00e0 la pression osmotique de la solution, les impuret\u00e9s contenues dans l'eau sont s\u00e9par\u00e9es. La membrane d'osmose inverse ne laisse passer que les mol\u00e9cules d'eau. Elle permet ainsi de purifier la qualit\u00e9 de l'eau. Notre usine accepte la personnalisation de diff\u00e9rentes sp\u00e9cifications, de 250 LPH \u00e0 100 TLPH.<\/p>\n<p>En outre, les technologies utilis\u00e9es dans les \u00e9quipements de traitement de l'eau des conteneurs peuvent inclure l'ultrafiltration, le dessalement de l'eau de mer, etc. Le processus sp\u00e9cifique de purification de l'eau d\u00e9pend de la source d'eau.<\/p>\n<p>En ce qui concerne le secteur de l'\u00e9nergie, notre soci\u00e9t\u00e9 peut \u00e9galement personnaliser l'\u00e9quipement des conteneurs solaires si n\u00e9cessaire.<\/p>\n<h2><strong><b>Comment fonctionnent les stations d'\u00e9puration en conteneur ?<\/b><\/strong><\/h2>\n<p>Ci-dessous, je vais expliquer le principe de fonctionnement de l'\u00e9quipement d'osmose inverse en conteneur.<\/p>\n<p>Gr\u00e2ce aux caract\u00e9ristiques de la membrane semi-perm\u00e9able de la membrane RO, nous pouvons r\u00e9aliser une purification \u00e0 haut rendement sous pression. Elle peut r\u00e9duire consid\u00e9rablement la teneur en sel et le taux de purification peut atteindre 95% - 99% ou plus. Nous utilisons la membrane RO pour intercepter les bact\u00e9ries, les virus et d'autres micro-organismes RO \u00e0 grande \u00e9chelle afin de pr\u00e9venir la d\u00e9t\u00e9rioration de la qualit\u00e9 de l'eau. Selon le principe de la dissolution des mati\u00e8res similaires, nous \u00e9liminons la plupart des mati\u00e8res organiques afin d'am\u00e9liorer la qualit\u00e9 de l'eau. La qualit\u00e9 de l'eau est ajust\u00e9e \u00e0 l'aide de dispositifs de r\u00e9gulation dans les liens de pr\u00e9traitement ou de post-traitement pour r\u00e9pondre \u00e0 diff\u00e9rents besoins.<\/p>\n<p>La purification de l'eau peut \u00eatre divis\u00e9e en trois \u00e9tapes.<\/p>\n<h3>1. pr\u00e9traitement<\/h3>\n<p>Tout d'abord, l'eau brute passe par le r\u00e9servoir d'eau brute et la pompe d'eau brute. Elle passe ensuite par le filtre multim\u00e9dia (qui \u00e9limine les mati\u00e8res en suspension, etc.), le filtre \u00e0 charbon actif (qui \u00e9limine les mati\u00e8res organiques, etc. et limite le chlore r\u00e9siduel). Si l'eau brute pr\u00e9sente une duret\u00e9 \u00e9lev\u00e9e, elle doit \u00e9galement passer par l'adoucisseur (qui adsorbe les ions de calcium et de magn\u00e9sium).<\/p>\n<h3>2. traitement par osmose inverse<\/h3>\n<p>Ensuite, le filtre de s\u00e9curit\u00e9 filtre finement l'eau pr\u00e9trait\u00e9e pour \u00e9liminer les impuret\u00e9s avec diff\u00e9rentes pr\u00e9cisions afin de garantir la qualit\u00e9 de l'eau. La pompe \u00e0 haute pression est contr\u00f4l\u00e9e par de multiples facteurs pour fournir de la pression \u00e0 la membrane d'osmose inverse afin de r\u00e9aliser la s\u00e9paration des mat\u00e9riaux. La membrane d'osmose inverse permet de purifier une partie de l'eau et de la produire sous haute pression, en interceptant les impuret\u00e9s, et le taux de dessalement d\u00e9passe 98%.<\/p>\n<h3>3. post-traitement et stockage<\/h3>\n<p>Enfin, l'eau propre apr\u00e8s le traitement par osmose inverse peut contenir des micro-organismes r\u00e9siduels. Nous devons alors utiliser des lampes ultraviolettes, des st\u00e9rilisateurs \u00e0 l'ozone, etc. pour la d\u00e9sinfecter. L'eau d\u00e9sinfect\u00e9e est stock\u00e9e dans le r\u00e9servoir d'eau pure et transport\u00e9e vers le point d'eau par la pompe \u00e0 eau pure pour r\u00e9pondre \u00e0 la demande.<\/p>\n<p><img fetchpriority=\"high\" decoding=\"async\" class=\"wp-image-6016 size-full aligncenter\" src=\"https:\/\/xjyco.com\/wp-content\/uploads\/2025\/09\/reverse-osmosis-process.jpeg\" alt=\"processus d&#039;osmose inverse\" width=\"1024\" height=\"768\" title=\"\" srcset=\"https:\/\/xjyco.com\/wp-content\/uploads\/2025\/09\/reverse-osmosis-process.jpeg 1024w, https:\/\/xjyco.com\/wp-content\/uploads\/2025\/09\/reverse-osmosis-process-300x225.jpeg 300w, https:\/\/xjyco.com\/wp-content\/uploads\/2025\/09\/reverse-osmosis-process-512x384.jpeg 512w, https:\/\/xjyco.com\/wp-content\/uploads\/2025\/09\/reverse-osmosis-process-150x113.jpeg 150w, https:\/\/xjyco.com\/wp-content\/uploads\/2025\/09\/reverse-osmosis-process-768x576.jpeg 768w\" sizes=\"(max-width: 1024px) 100vw, 1024px\" \/><\/p>\n<h2>Avantages de la <strong><b>station d'\u00e9puration conteneuris\u00e9e<\/b><\/strong><\/h2>\n<p><strong>1. extension modulaire<\/strong><\/p>\n<p>Utilisant une structure de conteneur standard, il peut \u00eatre facilement transport\u00e9 par route, par rail et par mer. L'\u00e9quipement est enti\u00e8rement pr\u00e9-assembl\u00e9 et mis en service \u00e0 l'usine, ne n\u00e9cessitant que le raccordement des tuyaux d'entr\u00e9e et de sortie d'eau et du syst\u00e8me d'alimentation sur le site. Il peut \u00eatre d\u00e9marr\u00e9 et mis en service en 1 \u00e0 3 jours, ce qui am\u00e9liore l'efficacit\u00e9 de plus de 90% par rapport au cycle de construction des stations d'\u00e9puration traditionnelles, qui prend plusieurs mois.<\/p>\n<p><strong>2.Une forte capacit\u00e9 de production d'eau<\/strong><\/p>\n<p>La production d'eau par heure atteint 30 tonnes, ce qui permet de r\u00e9pondre \u00e0 la demande d'eau \u00e0 grande \u00e9chelle et en continu. Qu'il s'agisse de production industrielle \u00e0 grande \u00e9chelle ou d'approvisionnement en eau potable dans des zones dens\u00e9ment peupl\u00e9es, il peut fournir de mani\u00e8re stable des sources d'eau suffisantes.<\/p>\n<p><strong>3. excellente qualit\u00e9 de l'eau<\/strong><\/p>\n<p>L'usine de traitement de l'eau en conteneur a un taux de dessalement de plus de 95%, et comme la taille des pores de la membrane d'osmose inverse est aussi petite que 0,0001 micron, elle peut presque intercepter tous les micro-organismes pour garantir la s\u00e9curit\u00e9 des indicateurs microbiens de la qualit\u00e9 de l'eau. Elle peut \u00e9galement r\u00e9duire consid\u00e9rablement la teneur en mati\u00e8res organiques telles que l'acide humique et r\u00e9duire la DCO et la DBO.<\/p>\n<p><strong>4. fonctionnement stable<\/strong><\/p>\n<p>La machine pr\u00e9sente un haut degr\u00e9 d'automatisation, utilise un automate programmable pour r\u00e9gler les param\u00e8tres de fonctionnement, ajuste l'\u00e9tat en fonction de la valeur d\u00e9finie, dispose d'une protection contre la haute et la basse pression, d'une protection contre le manque d'eau et d'autres alarmes de d\u00e9faillance, peut fonctionner en continu et de mani\u00e8re stable, et produire de l'eau en continu et de mani\u00e8re stable.<\/p>\n<p><strong>5. \u00e9conomique et efficace<\/strong><\/p>\n<p>L'\u00e9quipement pr\u00e9sente l'avantage d'une faible consommation d'\u00e9nergie. La technologie avanc\u00e9e de l'osmose inverse optimise la consommation d'\u00e9nergie, r\u00e9duit les co\u00fbts \u00e0 long terme, a un taux de r\u00e9cup\u00e9ration \u00e9lev\u00e9, peut am\u00e9liorer l'utilisation des ressources en eau et r\u00e9duire les d\u00e9chets et les co\u00fbts de l'eau.<\/p>\n<p><strong>6. largement utilis\u00e9<\/strong><\/p>\n<p>Dans le domaine industriel, il convient \u00e0 l'\u00e9lectronique, aux produits pharmaceutiques, aux produits chimiques, aux produits alimentaires et aux boissons, en fournissant de l'eau de traitement de haute puret\u00e9 pour garantir la qualit\u00e9 des produits. Dans un autre domaine de la vie, nous pouvons utiliser des syst\u00e8mes d'\u00e9quipement conteneuris\u00e9s dans les communaut\u00e9s, les \u00e9coles, les h\u00f4pitaux, les h\u00f4tels et d'autres lieux pour fournir une eau potable de haute qualit\u00e9.<\/p>","protected":false},"excerpt":{"rendered":"<p>L'usine de traitement des eaux en conteneur est un \u00e9quipement hautement efficace et respectueux de l'environnement qui int\u00e8gre une technologie avanc\u00e9e de purification de l'eau \u00e0 une conception int\u00e9gr\u00e9e de conteneur standardis\u00e9. Elle int\u00e8gre le syst\u00e8me de pr\u00e9traitement, l'unit\u00e9 principale, le contr\u00f4le intelligent, le nettoyage et la maintenance ainsi que l'unit\u00e9 de stockage de l'eau dans un conteneur standard de 20 ou 40 pieds, r\u00e9alisant ainsi un processus en boucle ferm\u00e9e depuis la purification de l'eau brute jusqu'\u00e0 l'eau de production standard.<\/p>","protected":false},"featured_media":6794,"comment_status":"closed","ping_status":"closed","template":"","meta":{"_acf_changed":false,"site-sidebar-layout":"default","site-content-layout":"","ast-site-content-layout":"default","site-content-style":"default","site-sidebar-style":"default","ast-global-header-display":"","ast-banner-title-visibility":"","ast-main-header-display":"","ast-hfb-above-header-display":"","ast-hfb-below-header-display":"","ast-hfb-mobile-header-display":"","site-post-title":"","ast-breadcrumbs-content":"","ast-featured-img":"","footer-sml-layout":"","ast-disable-related-posts":"","theme-transparent-header-meta":"default","adv-header-id-meta":"","stick-header-meta":"default","header-above-stick-meta":"","header-main-stick-meta":"","header-below-stick-meta":"","astra-migrate-meta-layouts":"set","ast-page-background-enabled":"default","ast-page-background-meta":{"desktop":{"background-color":"var(--ast-global-color-5)","background-image":"","background-repeat":"repeat","background-position":"center center","background-size":"auto","background-attachment":"scroll","background-type":"","background-media":"","overlay-type":"","overlay-color":"","overlay-opacity":"","overlay-gradient":""},"tablet":{"background-color":"","background-image":"","background-repeat":"repeat","background-position":"center center","background-size":"auto","background-attachment":"scroll","background-type":"","background-media":"","overlay-type":"","overlay-color":"","overlay-opacity":"","overlay-gradient":""},"mobile":{"background-color":"","background-image":"","background-repeat":"repeat","background-position":"center center","background-size":"auto","background-attachment":"scroll","background-type":"","background-media":"","overlay-type":"","overlay-color":"","overlay-opacity":"","overlay-gradient":""}},"ast-content-background-meta":{"desktop":{"background-color":"var(--ast-global-color-4)","background-image":"","background-repeat":"repeat","background-position":"center center","background-size":"auto","background-attachment":"scroll","background-type":"","background-media":"","overlay-type":"","overlay-color":"","overlay-opacity":"","overlay-gradient":""},"tablet":{"background-color":"var(--ast-global-color-4)","background-image":"","background-repeat":"repeat","background-position":"center center","background-size":"auto","background-attachment":"scroll","background-type":"","background-media":"","overlay-type":"","overlay-color":"","overlay-opacity":"","overlay-gradient":""},"mobile":{"background-color":"var(--ast-global-color-4)","background-image":"","background-repeat":"repeat","background-position":"center center","background-size":"auto","background-attachment":"scroll","background-type":"","background-media":"","overlay-type":"","overlay-color":"","overlay-opacity":"","overlay-gradient":""}}},"product_brand":[145],"product_cat":[81],"product_tag":[155],"class_list":{"0":"post-2569","1":"product","2":"type-product","3":"status-publish","4":"has-post-thumbnail","6":"product_brand-xinjieyuan","7":"product_cat-water-treatment-equipment","8":"product_tag-containerized-water-treatment-plant","9":"desktop-align-center","10":"tablet-align-center","11":"mobile-align-center","13":"first","14":"instock","15":"shipping-taxable","16":"purchasable","17":"product-type-simple"},"acf":[],"_links":{"self":[{"href":"https:\/\/xjyco.com\/fr\/wp-json\/wp\/v2\/product\/2569","targetHints":{"allow":["GET"]}}],"collection":[{"href":"https:\/\/xjyco.com\/fr\/wp-json\/wp\/v2\/product"}],"about":[{"href":"https:\/\/xjyco.com\/fr\/wp-json\/wp\/v2\/types\/product"}],"replies":[{"embeddable":true,"href":"https:\/\/xjyco.com\/fr\/wp-json\/wp\/v2\/comments?post=2569"}],"wp:featuredmedia":[{"embeddable":true,"href":"https:\/\/xjyco.com\/fr\/wp-json\/wp\/v2\/media\/6794"}],"wp:attachment":[{"href":"https:\/\/xjyco.com\/fr\/wp-json\/wp\/v2\/media?parent=2569"}],"wp:term":[{"taxonomy":"product_brand","embeddable":true,"href":"https:\/\/xjyco.com\/fr\/wp-json\/wp\/v2\/product_brand?post=2569"},{"taxonomy":"product_cat","embeddable":true,"href":"https:\/\/xjyco.com\/fr\/wp-json\/wp\/v2\/product_cat?post=2569"},{"taxonomy":"product_tag","embeddable":true,"href":"https:\/\/xjyco.com\/fr\/wp-json\/wp\/v2\/product_tag?post=2569"}],"curies":[{"name":"wp","href":"https:\/\/api.w.org\/{rel}","templated":true}]}}