{"id":2589,"date":"2025-09-09T03:41:52","date_gmt":"2025-09-09T03:41:52","guid":{"rendered":"https:\/\/xjyco.com\/?post_type=product&#038;p=2589"},"modified":"2026-04-26T13:33:15","modified_gmt":"2026-04-26T13:33:15","slug":"edi-system-electrodeionization","status":"publish","type":"product","link":"https:\/\/xjyco.com\/fr\/product\/edi-system-electrodeionization\/","title":{"rendered":"Syst\u00e8me EDI Electrod\u00e9ionisation"},"content":{"rendered":"<p>Le syst\u00e8me d'\u00e9lectrod\u00e9ionisation EDI est un \u00e9quipement d'\u00e9lectrod\u00e9ionisation en continu. Il combine les caract\u00e9ristiques de la r\u00e9sine \u00e9changeuse d'ions et de la membrane perm\u00e9able s\u00e9lective d'ions. En d'autres termes, il peut \u00e9liminer en profondeur les impuret\u00e9s ioniques de l'eau et produire une eau de grande puret\u00e9.<\/p>\n<p>Notre usine accepte la personnalisation de diff\u00e9rentes sp\u00e9cifications, de 250 LPH \u00e0 100 TLPH. En ce qui concerne le secteur de l'\u00e9nergie, nous pouvons \u00e9galement personnaliser l'\u00e9quipement des conteneurs solaires si n\u00e9cessaire.<\/p>\n<h2><strong><b>Comment fonctionne l'\u00e9lectrod\u00e9ionisation du syst\u00e8me EDI ?<\/b><\/strong><\/h2>\n<p>Je vais expliquer ci-dessous le principe de fonctionnement du syst\u00e8me edi.<\/p>\n<p>Il combine l'\u00e9change d'ions et l'entra\u00eenement \u00e9lectrique. Sous l'effet de la force du champ \u00e9lectrique, les anions et les cations pr\u00e9sents dans l'eau migrent respectivement vers la chambre d'eau concentr\u00e9e \u00e0 travers des membranes d'\u00e9change d'ions s\u00e9lectives, \u00e9liminant ainsi en continu la quasi-totalit\u00e9 des impuret\u00e9s ioniques pr\u00e9sentes dans l'eau. On obtient ainsi une eau ultrapure de grande puret\u00e9, de mani\u00e8re efficace et stable, sans qu'il soit n\u00e9cessaire de r\u00e9g\u00e9n\u00e9rer de grandes quantit\u00e9s d'acides et d'alcalins.<\/p>\n<p>La purification de l'eau peut \u00eatre divis\u00e9e en quatre \u00e9tapes.<\/p>\n<h3><strong><b>1. pr\u00e9traitement<\/b><\/strong><\/h3>\n<p>Tout d'abord, le pr\u00e9traitement est la premi\u00e8re \u00e9tape du processus du syst\u00e8me EDI. Il a pour but d'\u00e9liminer les impuret\u00e9s telles que les solides en suspension, l'oxyg\u00e8ne dissous, les mati\u00e8res organiques et les bact\u00e9ries pr\u00e9sentes dans l'eau brute.<\/p>\n<h3><strong><b>2. traitement par osmose inverse (OI)<\/b><\/strong><\/h3>\n<p>Deuxi\u00e8mement, le syst\u00e8me d'osmose inverse utilise la perm\u00e9abilit\u00e9 s\u00e9lective de la membrane semi-perm\u00e9able pour \u00e9liminer les solides dissous, les sels inorganiques et les micro-organismes pr\u00e9sents dans l'eau afin de produire une eau dessal\u00e9e d'une grande puret\u00e9.<\/p>\n<h3><strong><b>3. syst\u00e8me EDI <\/b><\/strong><strong><b>\u00c9lectrod\u00e9ionisation <\/b><\/strong><strong><b>Traitement<\/b><\/strong><\/h3>\n<p>Troisi\u00e8mement, l'\u00e9lectrod\u00e9ionisation du syst\u00e8me EDI combine les principes de la r\u00e9action \u00e9lectrochimique et de l'\u00e9change d'ions pour r\u00e9aliser une \u00e9limination en profondeur des ions.<\/p>\n<h3><strong><b>4. traitement ult\u00e9rieur et stockage<\/b><\/strong><\/h3>\n<p>Enfin, pour pr\u00e9venir la contamination secondaire de l'eau pure pendant le stockage et la distribution, des st\u00e9rilisateurs \u00e0 ultraviolets sont g\u00e9n\u00e9ralement install\u00e9s. Apr\u00e8s le traitement ci-dessus, l'eau pure entre dans le r\u00e9servoir de stockage de l'eau ou dans le r\u00e9servoir d'eau pure pour y \u00eatre stock\u00e9e. Nous distribuons ensuite l'eau pure aux diff\u00e9rents points d'utilisation de l'eau en fonction des besoins.<\/p>\n<p><a href=\"https:\/\/xjyco.com\/wp-content\/uploads\/2025\/09\/EDI-Electrodeionization-Systems-process.png\"><img fetchpriority=\"high\" decoding=\"async\" class=\"aligncenter wp-image-2590 size-large\" src=\"https:\/\/xjyco.com\/wp-content\/uploads\/2025\/09\/EDI-Electrodeionization-Systems-process-1024x768.png\" alt=\"EDI Syst\u00e8mes d&#039;\u00e9lectrod\u00e9ionisation\" width=\"1024\" height=\"768\" title=\"\" srcset=\"https:\/\/xjyco.com\/wp-content\/uploads\/2025\/09\/EDI-Electrodeionization-Systems-process-1024x768.png 1024w, https:\/\/xjyco.com\/wp-content\/uploads\/2025\/09\/EDI-Electrodeionization-Systems-process-300x225.png 300w, https:\/\/xjyco.com\/wp-content\/uploads\/2025\/09\/EDI-Electrodeionization-Systems-process-768x576.png 768w, https:\/\/xjyco.com\/wp-content\/uploads\/2025\/09\/EDI-Electrodeionization-Systems-process.png 1265w\" sizes=\"(max-width: 1024px) 100vw, 1024px\" \/><\/a><\/p>\n<h2>Avantages de la\u00a0 <strong><b>Syst\u00e8me EDI \u00e9lectrod\u00e9ionisation<\/b><\/strong><\/h2>\n<p><strong>1. int\u00e9gration des technologies<\/strong><\/p>\n<p>Le syst\u00e8me EDI combine la technologie de l'\u00e9lectrodialyse et de l'\u00e9change d'ions, et entra\u00eene la migration des ions par le biais de champs \u00e9lectriques. Il utilise des r\u00e9sines \u00e9changeuses d'ions pour l'\u00e9limination et la r\u00e9g\u00e9n\u00e9ration des ions, ce qui permet d'obtenir un processus de dessalement efficace et continu.<\/p>\n<p><strong>2. conception modulaire<\/strong><\/p>\n<p>Le syst\u00e8me EDI adopte g\u00e9n\u00e9ralement une structure modulaire, qui est facile \u00e0 installer, \u00e0 mettre au point et \u00e0 entretenir. Gr\u00e2ce \u00e0 cette conception, l'\u00e9quipement peut \u00eatre configur\u00e9 de mani\u00e8re flexible en fonction des besoins r\u00e9els. Ainsi, il est possible de r\u00e9pondre \u00e0 diff\u00e9rentes \u00e9chelles de traitement et exigences en mati\u00e8re de qualit\u00e9 de l'eau.<\/p>\n<p><strong>3. qualit\u00e9 \u00e9lev\u00e9e des effluents<\/strong><\/p>\n<p>Les syst\u00e8mes d'\u00e9lectrod\u00e9ionisation EDI peuvent produire de l'eau ultrapure de haute qualit\u00e9 avec une qualit\u00e9 d'eau stable et une r\u00e9sistivit\u00e9 sup\u00e9rieure \u00e0 15M\u03a9-CM. Ils peuvent donc r\u00e9pondre aux besoins en eau ultra-pure des secteurs de l'\u00e9lectronique, de la m\u00e9decine, de l'industrie chimique, etc.<\/p>\n<p><strong>4. \u00e9conomie d'\u00e9nergie et protection de l'environnement<\/strong><\/p>\n<p>Par rapport aux \u00e9quipements d'\u00e9change d'ions traditionnels, le syst\u00e8me EDI n'a pas besoin d'utiliser d'acide et d'alcali pour la r\u00e9g\u00e9n\u00e9ration de la r\u00e9sine. Il permet donc de r\u00e9duire la consommation d'acide et d'alcali, les rejets d'eaux us\u00e9es et la pollution de l'environnement.<\/p>\n<p><strong>5. fonctionnement stable<\/strong><\/p>\n<p>Le syst\u00e8me EDI n'est pas affect\u00e9 par des conditions externes telles que le temps, la pression et la temp\u00e9rature pendant le fonctionnement, et la qualit\u00e9 de l'effluent est stable et fiable. Il n'y a pas de fluctuation ou de baisse de la qualit\u00e9 de l'eau.<\/p>","protected":false},"excerpt":{"rendered":"<p>L'\u00e9quipement EDI, en tant que dispositif \u00e9cologique et innovant int\u00e9grant les technologies d'\u00e9lectrod\u00e9ionisation et d'\u00e9change d'ions, peut produire en continu de l'eau ultrapure de haute puret\u00e9 sans n\u00e9cessiter de r\u00e9g\u00e9n\u00e9ration chimique acido-basique. Il r\u00e9sout compl\u00e8tement les probl\u00e8mes li\u00e9s aux processus traditionnels de traitement de l'eau, tels que l'interruption de la production d'eau, les rejets polluants et les co\u00fbts \u00e9lev\u00e9s, et est devenu le choix privil\u00e9gi\u00e9 pour les syst\u00e8mes industriels modernes de production d'eau ultrapure.<\/p>","protected":false},"featured_media":6796,"comment_status":"closed","ping_status":"closed","template":"","meta":{"_acf_changed":false,"site-sidebar-layout":"default","site-content-layout":"","ast-site-content-layout":"default","site-content-style":"default","site-sidebar-style":"default","ast-global-header-display":"","ast-banner-title-visibility":"","ast-main-header-display":"","ast-hfb-above-header-display":"","ast-hfb-below-header-display":"","ast-hfb-mobile-header-display":"","site-post-title":"","ast-breadcrumbs-content":"","ast-featured-img":"","footer-sml-layout":"","ast-disable-related-posts":"","theme-transparent-header-meta":"default","adv-header-id-meta":"","stick-header-meta":"default","header-above-stick-meta":"","header-main-stick-meta":"","header-below-stick-meta":"","astra-migrate-meta-layouts":"set","ast-page-background-enabled":"default","ast-page-background-meta":{"desktop":{"background-color":"var(--ast-global-color-5)","background-image":"","background-repeat":"repeat","background-position":"center center","background-size":"auto","background-attachment":"scroll","background-type":"","background-media":"","overlay-type":"","overlay-color":"","overlay-opacity":"","overlay-gradient":""},"tablet":{"background-color":"","background-image":"","background-repeat":"repeat","background-position":"center center","background-size":"auto","background-attachment":"scroll","background-type":"","background-media":"","overlay-type":"","overlay-color":"","overlay-opacity":"","overlay-gradient":""},"mobile":{"background-color":"","background-image":"","background-repeat":"repeat","background-position":"center center","background-size":"auto","background-attachment":"scroll","background-type":"","background-media":"","overlay-type":"","overlay-color":"","overlay-opacity":"","overlay-gradient":""}},"ast-content-background-meta":{"desktop":{"background-color":"var(--ast-global-color-4)","background-image":"","background-repeat":"repeat","background-position":"center center","background-size":"auto","background-attachment":"scroll","background-type":"","background-media":"","overlay-type":"","overlay-color":"","overlay-opacity":"","overlay-gradient":""},"tablet":{"background-color":"var(--ast-global-color-4)","background-image":"","background-repeat":"repeat","background-position":"center center","background-size":"auto","background-attachment":"scroll","background-type":"","background-media":"","overlay-type":"","overlay-color":"","overlay-opacity":"","overlay-gradient":""},"mobile":{"background-color":"var(--ast-global-color-4)","background-image":"","background-repeat":"repeat","background-position":"center center","background-size":"auto","background-attachment":"scroll","background-type":"","background-media":"","overlay-type":"","overlay-color":"","overlay-opacity":"","overlay-gradient":""}}},"product_brand":[145],"product_cat":[81],"product_tag":[97],"class_list":{"0":"post-2589","1":"product","2":"type-product","3":"status-publish","4":"has-post-thumbnail","6":"product_brand-xinjieyuan","7":"product_cat-water-treatment-equipment","8":"product_tag-edi-system-electrodeionization","9":"desktop-align-center","10":"tablet-align-center","11":"mobile-align-center","13":"first","14":"instock","15":"shipping-taxable","16":"purchasable","17":"product-type-simple"},"acf":[],"_links":{"self":[{"href":"https:\/\/xjyco.com\/fr\/wp-json\/wp\/v2\/product\/2589","targetHints":{"allow":["GET"]}}],"collection":[{"href":"https:\/\/xjyco.com\/fr\/wp-json\/wp\/v2\/product"}],"about":[{"href":"https:\/\/xjyco.com\/fr\/wp-json\/wp\/v2\/types\/product"}],"replies":[{"embeddable":true,"href":"https:\/\/xjyco.com\/fr\/wp-json\/wp\/v2\/comments?post=2589"}],"wp:featuredmedia":[{"embeddable":true,"href":"https:\/\/xjyco.com\/fr\/wp-json\/wp\/v2\/media\/6796"}],"wp:attachment":[{"href":"https:\/\/xjyco.com\/fr\/wp-json\/wp\/v2\/media?parent=2589"}],"wp:term":[{"taxonomy":"product_brand","embeddable":true,"href":"https:\/\/xjyco.com\/fr\/wp-json\/wp\/v2\/product_brand?post=2589"},{"taxonomy":"product_cat","embeddable":true,"href":"https:\/\/xjyco.com\/fr\/wp-json\/wp\/v2\/product_cat?post=2589"},{"taxonomy":"product_tag","embeddable":true,"href":"https:\/\/xjyco.com\/fr\/wp-json\/wp\/v2\/product_tag?post=2589"}],"curies":[{"name":"wp","href":"https:\/\/api.w.org\/{rel}","templated":true}]}}