{"id":4077,"date":"2025-09-18T07:55:30","date_gmt":"2025-09-18T07:55:30","guid":{"rendered":"https:\/\/xjyco.com\/?post_type=product&#038;p=4077"},"modified":"2026-04-26T13:34:28","modified_gmt":"2026-04-26T13:34:28","slug":"automatic-packing-machine","status":"publish","type":"product","link":"https:\/\/xjyco.com\/fr\/product\/automatic-packing-machine\/","title":{"rendered":"Machine \u00e0 emballer automatique"},"content":{"rendered":"<p>La machine d'emballage automatique de XinJieYuan est l'\u00e9tape finale du processus de fabrication. <a href=\"https:\/\/xjyco.com\/fr\/product\/water-filling-machine\/\"><span style=\"color: #0000ff;\"><strong>ligne de remplissage d'eau<\/strong><\/span><\/a>, Le syst\u00e8me de conditionnement de l'eau, sp\u00e9cialement con\u00e7u pour conditionner des liquides d'eau pure dans des sachets.<\/p>\n<p>Il effectue automatiquement les op\u00e9rations de scellage correspondantes pour les emballages en bouteille ou en sachet des produits de l'eau. Nous pouvons sceller l'eau en bouteille avec des bouchons \u00e0 vis ou des bouchons \u00e0 pression, tandis que les fabricants utilisent la technologie du thermoscellage pour sceller solidement les ouvertures de l'eau en sachet. Cette m\u00e9thode de scellage isole compl\u00e8tement l'eau de l'air et de la poussi\u00e8re, emp\u00eache les fuites d'eau et la contamination secondaire, et garantit la propret\u00e9 pendant le stockage et le transport de l'eau.<\/p>\n<p>Cet \u00e9quipement ne se contente pas de sceller efficacement les produits d'eau purifi\u00e9e et pure dans des sacs ou des bouteilles apr\u00e8s des processus pr\u00e9alables de purification et de remplissage. Il imprime \u00e9galement simultan\u00e9ment des informations telles que la date de production et le num\u00e9ro de lot. Nous pouvons donc vendre de l'eau conditionn\u00e9e aux collectivit\u00e9s, aux supermarch\u00e9s, aux a\u00e9roports, aux march\u00e9s de gros et \u00e0 d'autres environnements divers.<\/p>\n<h2><strong><b>Comment fonctionne une machine d'emballage automatique<\/b><\/strong><strong><b>\u00a0travail ?<\/b><\/strong><\/h2>\n<h3>1. Transport des mat\u00e9riaux<\/h3>\n<p>Tout d'abord, les produits \u00e0 emballer sont automatiquement transport\u00e9s vers la position de remplissage de l'eau via une bande transporteuse.<\/p>\n<h3>2. Mesure\/remplissage<\/h3>\n<p>Deuxi\u00e8mement, la conception automatis\u00e9e permet de contr\u00f4ler avec pr\u00e9cision la quantit\u00e9 de mat\u00e9riau utilis\u00e9 et de le remplir dans les conteneurs d'emballage (tels que les sacs, les bo\u00eetes, les bouteilles, etc.). Les entreprises l'utilisent donc couramment dans les secteurs des boissons, des produits laitiers, de l'eau min\u00e9rale et de l'eau conditionn\u00e9e.<\/p>\n<h3>3. formation\/approvisionnement des conteneurs<\/h3>\n<p>Troisi\u00e8mement, l'\u00e9quipement fournit automatiquement des contenants pr\u00e9fabriqu\u00e9s (tels que des bouteilles en verre, des bouteilles en plastique, des sacs (sacs en film composite) d'emballage).<\/p>\n<h3>4. Scellement<\/h3>\n<p>Enfin, le contenant d'emballage est scell\u00e9 par thermoscellage, scellage sous pression, bouchage \u00e0 vis, \u00e9tiquetage, etc. pour \u00e9viter les fuites, l'humidit\u00e9 ou la d\u00e9t\u00e9rioration du mat\u00e9riau (comme le bord thermoscell\u00e9 des snacks en sachets et le bouchage \u00e0 vis des boissons en bouteille).<a href=\"https:\/\/xjyco.com\/wp-content\/uploads\/2025\/09\/automatic-packing-machine-process.jpg\"><img fetchpriority=\"high\" decoding=\"async\" class=\"aligncenter wp-image-4080 size-large\" src=\"https:\/\/xjyco.com\/wp-content\/uploads\/2025\/09\/automatic-packing-machine-process-1024x1024.jpg\" alt=\"processus de la machine d&#039;emballage automatique\" width=\"1024\" height=\"1024\" title=\"\" srcset=\"https:\/\/xjyco.com\/wp-content\/uploads\/2025\/09\/automatic-packing-machine-process-1024x1024.jpg 1024w, https:\/\/xjyco.com\/wp-content\/uploads\/2025\/09\/automatic-packing-machine-process-300x300.jpg 300w, https:\/\/xjyco.com\/wp-content\/uploads\/2025\/09\/automatic-packing-machine-process-100x100.jpg 100w, https:\/\/xjyco.com\/wp-content\/uploads\/2025\/09\/automatic-packing-machine-process-150x150.jpg 150w, https:\/\/xjyco.com\/wp-content\/uploads\/2025\/09\/automatic-packing-machine-process-768x768.jpg 768w, https:\/\/xjyco.com\/wp-content\/uploads\/2025\/09\/automatic-packing-machine-process-1536x1536.jpg 1536w, https:\/\/xjyco.com\/wp-content\/uploads\/2025\/09\/automatic-packing-machine-process.jpg 2000w\" sizes=\"(max-width: 1024px) 100vw, 1024px\" \/><\/a><\/p>\n<h2><strong><b>Comment <\/b><\/strong><strong><b>machine d'emballage automatique <\/b><\/strong><strong><b>\u00e0 quoi ressemble-t-il ?<\/b><\/strong><\/h2>\n<p><a href=\"https:\/\/xjyco.com\/wp-content\/uploads\/2025\/09\/automatic-packing-machine.jpg\"><img decoding=\"async\" class=\"aligncenter wp-image-4079 size-large\" src=\"https:\/\/xjyco.com\/wp-content\/uploads\/2025\/09\/automatic-packing-machine-1024x1024.jpg\" alt=\"machine d&#039;emballage automatique\" width=\"1024\" height=\"1024\" title=\"\" srcset=\"https:\/\/xjyco.com\/wp-content\/uploads\/2025\/09\/automatic-packing-machine-1024x1024.jpg 1024w, https:\/\/xjyco.com\/wp-content\/uploads\/2025\/09\/automatic-packing-machine-300x300.jpg 300w, https:\/\/xjyco.com\/wp-content\/uploads\/2025\/09\/automatic-packing-machine-100x100.jpg 100w, https:\/\/xjyco.com\/wp-content\/uploads\/2025\/09\/automatic-packing-machine-150x150.jpg 150w, https:\/\/xjyco.com\/wp-content\/uploads\/2025\/09\/automatic-packing-machine-768x768.jpg 768w, https:\/\/xjyco.com\/wp-content\/uploads\/2025\/09\/automatic-packing-machine-1536x1536.jpg 1536w, https:\/\/xjyco.com\/wp-content\/uploads\/2025\/09\/automatic-packing-machine.jpg 2000w\" sizes=\"(max-width: 1024px) 100vw, 1024px\" \/><\/a><\/p>\n<h2><strong><b>Quels sont les avantages de <\/b><\/strong><strong><b>machine d'emballage automatique<\/b><\/strong><b><\/b><strong><b>?<\/b><\/strong><\/h2>\n<p><strong>1. Rendement \u00e9lev\u00e9<\/strong><br \/>\nIl peut emballer des dizaines, voire des centaines de produits par minute, ce qui d\u00e9passe de loin le travail manuel.<br \/>\n<strong>2. Pr\u00e9cision exacte<\/strong><br \/>\nLes erreurs de mesure sont contr\u00f4l\u00e9es \u00e0 \u00b11%. Ainsi, les probl\u00e8mes de \u201csur-remplissage\u201d et de \u201csous-remplissage\u201d souvent associ\u00e9s au remplissage manuel sont \u00e9limin\u00e9s.<br \/>\n<strong>3. Hygi\u00e8ne et s\u00e9curit\u00e9<\/strong><br \/>\nNous fabriquons des composants en contact avec le produit en acier inoxydable et les \u00e9quipons d'un syst\u00e8me de d\u00e9sinfection int\u00e9gr\u00e9, qui r\u00e9duit le risque de contamination par contact manuel (particuli\u00e8rement adapt\u00e9 aux produits alimentaires et pharmaceutiques).<br \/>\n<strong>4. R\u00e9duction des co\u00fbts<\/strong><br \/>\nL'utilisation \u00e0 long terme peut remplacer plusieurs travailleurs de l'emballage, ce qui r\u00e9duit les co\u00fbts de main-d'\u0153uvre, de gestion et de formation.<br \/>\n<strong>5. Codage simultan\u00e9 de l'information<\/strong><br \/>\nImprime automatiquement la date de production, la date d'expiration, le num\u00e9ro de lot et le code anti-contrefa\u00e7on sur la surface de l'emballage, conform\u00e9ment aux exigences de conformit\u00e9 de l'industrie alimentaire et des boissons.<br \/>\n<strong>6. Convivialit\u00e9<\/strong><br \/>\nL'appareil utilise une interface homme-machine visuelle (\u00e9cran tactile avec guidage graphique). En d'autres termes, aucun technicien sp\u00e9cialis\u00e9 n'est n\u00e9cessaire. Les travailleurs ordinaires peuvent l'utiliser de mani\u00e8re autonome apr\u00e8s 1 \u00e0 2 heures de formation.<\/p>\n<p>&nbsp;<\/p>","protected":false},"excerpt":{"rendered":"<p>Il peut st\u00e9riliser automatiquement aux rayons ultraviolets, former automatiquement des sacs en mat\u00e9riau de contre-scellage, remplir quantitativement, sceller et couper en une seule fois, et imprimer la date de comptage.<\/p>","protected":false},"featured_media":4082,"comment_status":"closed","ping_status":"closed","template":"","meta":{"_acf_changed":false,"site-sidebar-layout":"default","site-content-layout":"","ast-site-content-layout":"default","site-content-style":"default","site-sidebar-style":"default","ast-global-header-display":"","ast-banner-title-visibility":"","ast-main-header-display":"","ast-hfb-above-header-display":"","ast-hfb-below-header-display":"","ast-hfb-mobile-header-display":"","site-post-title":"","ast-breadcrumbs-content":"","ast-featured-img":"","footer-sml-layout":"","ast-disable-related-posts":"","theme-transparent-header-meta":"default","adv-header-id-meta":"","stick-header-meta":"default","header-above-stick-meta":"","header-main-stick-meta":"","header-below-stick-meta":"","astra-migrate-meta-layouts":"set","ast-page-background-enabled":"default","ast-page-background-meta":{"desktop":{"background-color":"var(--ast-global-color-5)","background-image":"","background-repeat":"repeat","background-position":"center center","background-size":"auto","background-attachment":"scroll","background-type":"","background-media":"","overlay-type":"","overlay-color":"","overlay-opacity":"","overlay-gradient":""},"tablet":{"background-color":"","background-image":"","background-repeat":"repeat","background-position":"center center","background-size":"auto","background-attachment":"scroll","background-type":"","background-media":"","overlay-type":"","overlay-color":"","overlay-opacity":"","overlay-gradient":""},"mobile":{"background-color":"","background-image":"","background-repeat":"repeat","background-position":"center center","background-size":"auto","background-attachment":"scroll","background-type":"","background-media":"","overlay-type":"","overlay-color":"","overlay-opacity":"","overlay-gradient":""}},"ast-content-background-meta":{"desktop":{"background-color":"var(--ast-global-color-4)","background-image":"","background-repeat":"repeat","background-position":"center center","background-size":"auto","background-attachment":"scroll","background-type":"","background-media":"","overlay-type":"","overlay-color":"","overlay-opacity":"","overlay-gradient":""},"tablet":{"background-color":"var(--ast-global-color-4)","background-image":"","background-repeat":"repeat","background-position":"center center","background-size":"auto","background-attachment":"scroll","background-type":"","background-media":"","overlay-type":"","overlay-color":"","overlay-opacity":"","overlay-gradient":""},"mobile":{"background-color":"var(--ast-global-color-4)","background-image":"","background-repeat":"repeat","background-position":"center center","background-size":"auto","background-attachment":"scroll","background-type":"","background-media":"","overlay-type":"","overlay-color":"","overlay-opacity":"","overlay-gradient":""}}},"product_brand":[145],"product_cat":[81],"product_tag":[113],"class_list":{"0":"post-4077","1":"product","2":"type-product","3":"status-publish","4":"has-post-thumbnail","6":"product_brand-xinjieyuan","7":"product_cat-water-treatment-equipment","8":"product_tag-automatic-packing-machine","9":"pa_product-pecifications-name","10":"desktop-align-center","11":"tablet-align-center","12":"mobile-align-center","14":"first","15":"instock","16":"shipping-taxable","17":"purchasable","18":"product-type-simple"},"acf":[],"_links":{"self":[{"href":"https:\/\/xjyco.com\/fr\/wp-json\/wp\/v2\/product\/4077","targetHints":{"allow":["GET"]}}],"collection":[{"href":"https:\/\/xjyco.com\/fr\/wp-json\/wp\/v2\/product"}],"about":[{"href":"https:\/\/xjyco.com\/fr\/wp-json\/wp\/v2\/types\/product"}],"replies":[{"embeddable":true,"href":"https:\/\/xjyco.com\/fr\/wp-json\/wp\/v2\/comments?post=4077"}],"wp:featuredmedia":[{"embeddable":true,"href":"https:\/\/xjyco.com\/fr\/wp-json\/wp\/v2\/media\/4082"}],"wp:attachment":[{"href":"https:\/\/xjyco.com\/fr\/wp-json\/wp\/v2\/media?parent=4077"}],"wp:term":[{"taxonomy":"product_brand","embeddable":true,"href":"https:\/\/xjyco.com\/fr\/wp-json\/wp\/v2\/product_brand?post=4077"},{"taxonomy":"product_cat","embeddable":true,"href":"https:\/\/xjyco.com\/fr\/wp-json\/wp\/v2\/product_cat?post=4077"},{"taxonomy":"product_tag","embeddable":true,"href":"https:\/\/xjyco.com\/fr\/wp-json\/wp\/v2\/product_tag?post=4077"}],"curies":[{"name":"wp","href":"https:\/\/api.w.org\/{rel}","templated":true}]}}