{"id":2469,"date":"2025-09-08T09:13:42","date_gmt":"2025-09-08T09:13:42","guid":{"rendered":"https:\/\/xjyco.com\/?post_type=product&#038;p=2469"},"modified":"2026-04-26T13:29:23","modified_gmt":"2026-04-26T13:29:23","slug":"ultrafiltration-uf-systems","status":"publish","type":"product","link":"https:\/\/xjyco.com\/it\/product\/ultrafiltration-uf-systems\/","title":{"rendered":"Sistemi di ultrafiltrazione UF"},"content":{"rendered":"<p>I sistemi di ultrafiltrazione UF sono dispositivi di separazione a membrana che utilizzano la tecnologia di ultrafiltrazione a membrana per purificare e separare le soluzioni.<\/p>\n<p>\u00c8 un dispositivo efficiente per il trattamento dei fluidi che utilizza la permeabilit\u00e0 selettiva delle membrane di ultrafiltrazione per ottenere una filtrazione e una separazione precise. Non solo \u00e8 in grado di rimuovere efficacemente particelle, colloidi, microrganismi e grandi molecole organiche dai fluidi. Inoltre, i sistemi UF possono essere utilizzati per la purificazione e la concentrazione di soluzioni, la separazione e il recupero di sostanze.<\/p>\n<h2><strong><b>Come funzionano i sistemi di ultrafiltrazione dell'acqua di mare?<\/b><\/strong><\/h2>\n<h3><strong><b>1.Pretrattamento dell'acqua grezza<\/b><\/strong><\/h3>\n<p>In primo luogo, attraverso apparecchiature di pretrattamento come filtri a sabbia di quarzo, filtri a carbone attivo e filtri di precisione, vengono rimossi i solidi sospesi, la materia organica, il cloro residuo e altre impurit\u00e0 presenti nell'acqua grezza per proteggere la membrana di ultrafiltrazione dalla contaminazione.<\/p>\n<h3><strong><b>2.Separazione a membrana per ultrafiltrazione<\/b><\/strong><\/h3>\n<p>In secondo luogo, dopo il pretrattamento, l'acqua entra nell'ospite di ultrafiltrazione e viene purificata grazie all'effetto setacciante della membrana di ultrafiltrazione.<\/p>\n<h3><b><\/b><strong><b>3. Seguire l'elaborazione<\/b><\/strong><\/h3>\n<p>Se necessario, l'acqua dopo l'ultrafiltrazione pu\u00f2 essere ulteriormente disinfettata, mineralizzata e trattata per migliorare la qualit\u00e0 dell'acqua.<\/p>\n<p><a href=\"https:\/\/xjyco.com\/wp-content\/uploads\/2025\/09\/Ultrafltration-UF-Systems-procress.png\"><img fetchpriority=\"high\" decoding=\"async\" class=\"aligncenter wp-image-2470 size-full\" src=\"https:\/\/xjyco.com\/wp-content\/uploads\/2025\/09\/Ultrafltration-UF-Systems-procress.png\" alt=\"Processo dei sistemi di ultrafltrazione UF\" width=\"750\" height=\"450\" title=\"\" srcset=\"https:\/\/xjyco.com\/wp-content\/uploads\/2025\/09\/Ultrafltration-UF-Systems-procress.png 750w, https:\/\/xjyco.com\/wp-content\/uploads\/2025\/09\/Ultrafltration-UF-Systems-procress-300x180.png 300w, https:\/\/xjyco.com\/wp-content\/uploads\/2025\/09\/Ultrafltration-UF-Systems-procress-512x307.png 512w\" sizes=\"(max-width: 750px) 100vw, 750px\" \/><\/a><\/p>\n<h2><strong><b>Come si fa <\/b><\/strong><strong><b>sistemi di ultrafiltrazione uf <\/b><\/strong><strong><b>aspetto?<\/b><\/strong><\/h2>\n<p><a href=\"https:\/\/xjyco.com\/wp-content\/uploads\/2025\/09\/Ultrafltration-UF-Systems.png\"><img decoding=\"async\" class=\"aligncenter wp-image-2471 size-large\" src=\"https:\/\/xjyco.com\/wp-content\/uploads\/2025\/09\/Ultrafltration-UF-Systems-1024x1024.png\" alt=\"Sistemi di ultrafltrazione UF\" width=\"1024\" height=\"1024\" title=\"\" srcset=\"https:\/\/xjyco.com\/wp-content\/uploads\/2025\/09\/Ultrafltration-UF-Systems-1024x1024.png 1024w, https:\/\/xjyco.com\/wp-content\/uploads\/2025\/09\/Ultrafltration-UF-Systems-300x300.png 300w, https:\/\/xjyco.com\/wp-content\/uploads\/2025\/09\/Ultrafltration-UF-Systems-100x100.png 100w, https:\/\/xjyco.com\/wp-content\/uploads\/2025\/09\/Ultrafltration-UF-Systems-150x150.png 150w, https:\/\/xjyco.com\/wp-content\/uploads\/2025\/09\/Ultrafltration-UF-Systems-768x768.png 768w, https:\/\/xjyco.com\/wp-content\/uploads\/2025\/09\/Ultrafltration-UF-Systems-1536x1536.png 1536w, https:\/\/xjyco.com\/wp-content\/uploads\/2025\/09\/Ultrafltration-UF-Systems.png 2000w\" sizes=\"(max-width: 1024px) 100vw, 1024px\" \/><\/a><\/p>\n<h2>Quali sono i vantaggi di <strong><b>sistemi di ultrafiltrazione uf?<\/b><\/strong><\/h2>\n<p><strong>1. Filtrazione efficiente<\/strong><\/p>\n<p>La dimensione dei pori della membrana di ultrafiltrazione \u00e8 estremamente piccola, solitamente compresa tra 0,002~0,1 \u03bc m, in grado di intercettare efficacemente sostanze molecolari di grandi dimensioni come solidi sospesi, colloidi, proteine, microrganismi, ecc. nella soluzione.<\/p>\n<p><strong>2. Facile da usare<\/strong><\/p>\n<p>I sistemi UF adottano solitamente un sistema di controllo automatizzato, facile da utilizzare e da mantenere.<\/p>\n<p><strong>3. Risparmio energetico e basso consumo<\/strong><\/p>\n<p>I sistemi UF non richiedono una grande quantit\u00e0 di elettricit\u00e0 durante il funzionamento e hanno un basso consumo energetico e costi operativi.<\/p>\n<p><strong>4. Lunga durata di vita<\/strong><\/p>\n<p>La durata delle membrane di ultrafiltrazione \u00e8 lunga, generalmente fino a 3-5 anni.<\/p>\n<p><strong>5. Alto tasso di recupero dell'acqua<\/strong><\/p>\n<p>Il tasso di utilizzo della soluzione originale \u00e8 elevato e gli scarti sono ridotti.<\/p>\n<p>Nel frattempo, il tasso di recupero dell'acqua di rubinetto trattata con i sistemi UF di ultrafiltrazione pu\u00f2 raggiungere oltre 97%, contribuendo al risparmio delle risorse idriche e alla riduzione dei costi dell'acqua.<\/p>\n<h2>Quali sono le specifiche che possono essere fornite?<\/h2>\n<p><a href=\"https:\/\/xjyco.com\/wp-content\/uploads\/2025\/09\/Ultrafltration-UF-Systems-Specifications.jpg\"><img decoding=\"async\" class=\"aligncenter wp-image-2472 size-full\" src=\"https:\/\/xjyco.com\/wp-content\/uploads\/2025\/09\/Ultrafltration-UF-Systems-Specifications.jpg\" alt=\"Specifiche dei sistemi UF di ultrafltrazione\" width=\"775\" height=\"345\" title=\"\" srcset=\"https:\/\/xjyco.com\/wp-content\/uploads\/2025\/09\/Ultrafltration-UF-Systems-Specifications.jpg 775w, https:\/\/xjyco.com\/wp-content\/uploads\/2025\/09\/Ultrafltration-UF-Systems-Specifications-300x134.jpg 300w, https:\/\/xjyco.com\/wp-content\/uploads\/2025\/09\/Ultrafltration-UF-Systems-Specifications-512x228.jpg 512w, https:\/\/xjyco.com\/wp-content\/uploads\/2025\/09\/Ultrafltration-UF-Systems-Specifications-768x342.jpg 768w\" sizes=\"(max-width: 775px) 100vw, 775px\" \/><\/a><\/p>","protected":false},"excerpt":{"rendered":"<p>Utilizza membrane di ultrafiltrazione per trattenere colloidi, sostanze macromolecolari e impurit\u00e0 particellari nell'acqua, ottenendo cos\u00ec la purificazione o il pretrattamento dell'acqua.<\/p>","protected":false},"featured_media":6792,"comment_status":"closed","ping_status":"closed","template":"","meta":{"_acf_changed":false,"site-sidebar-layout":"default","site-content-layout":"","ast-site-content-layout":"default","site-content-style":"default","site-sidebar-style":"default","ast-global-header-display":"","ast-banner-title-visibility":"","ast-main-header-display":"","ast-hfb-above-header-display":"","ast-hfb-below-header-display":"","ast-hfb-mobile-header-display":"","site-post-title":"","ast-breadcrumbs-content":"","ast-featured-img":"","footer-sml-layout":"","ast-disable-related-posts":"","theme-transparent-header-meta":"default","adv-header-id-meta":"","stick-header-meta":"default","header-above-stick-meta":"","header-main-stick-meta":"","header-below-stick-meta":"","astra-migrate-meta-layouts":"set","ast-page-background-enabled":"default","ast-page-background-meta":{"desktop":{"background-color":"var(--ast-global-color-5)","background-image":"","background-repeat":"repeat","background-position":"center center","background-size":"auto","background-attachment":"scroll","background-type":"","background-media":"","overlay-type":"","overlay-color":"","overlay-opacity":"","overlay-gradient":""},"tablet":{"background-color":"","background-image":"","background-repeat":"repeat","background-position":"center center","background-size":"auto","background-attachment":"scroll","background-type":"","background-media":"","overlay-type":"","overlay-color":"","overlay-opacity":"","overlay-gradient":""},"mobile":{"background-color":"","background-image":"","background-repeat":"repeat","background-position":"center center","background-size":"auto","background-attachment":"scroll","background-type":"","background-media":"","overlay-type":"","overlay-color":"","overlay-opacity":"","overlay-gradient":""}},"ast-content-background-meta":{"desktop":{"background-color":"var(--ast-global-color-4)","background-image":"","background-repeat":"repeat","background-position":"center center","background-size":"auto","background-attachment":"scroll","background-type":"","background-media":"","overlay-type":"","overlay-color":"","overlay-opacity":"","overlay-gradient":""},"tablet":{"background-color":"var(--ast-global-color-4)","background-image":"","background-repeat":"repeat","background-position":"center center","background-size":"auto","background-attachment":"scroll","background-type":"","background-media":"","overlay-type":"","overlay-color":"","overlay-opacity":"","overlay-gradient":""},"mobile":{"background-color":"var(--ast-global-color-4)","background-image":"","background-repeat":"repeat","background-position":"center center","background-size":"auto","background-attachment":"scroll","background-type":"","background-media":"","overlay-type":"","overlay-color":"","overlay-opacity":"","overlay-gradient":""}}},"product_brand":[145],"product_cat":[81],"product_tag":[96],"class_list":{"0":"post-2469","1":"product","2":"type-product","3":"status-publish","4":"has-post-thumbnail","6":"product_brand-xinjieyuan","7":"product_cat-water-treatment-equipment","8":"product_tag-ultrafiltration-uf-systems","9":"desktop-align-center","10":"tablet-align-center","11":"mobile-align-center","13":"first","14":"instock","15":"shipping-taxable","16":"purchasable","17":"product-type-simple"},"acf":[],"_links":{"self":[{"href":"https:\/\/xjyco.com\/it\/wp-json\/wp\/v2\/product\/2469","targetHints":{"allow":["GET"]}}],"collection":[{"href":"https:\/\/xjyco.com\/it\/wp-json\/wp\/v2\/product"}],"about":[{"href":"https:\/\/xjyco.com\/it\/wp-json\/wp\/v2\/types\/product"}],"replies":[{"embeddable":true,"href":"https:\/\/xjyco.com\/it\/wp-json\/wp\/v2\/comments?post=2469"}],"wp:featuredmedia":[{"embeddable":true,"href":"https:\/\/xjyco.com\/it\/wp-json\/wp\/v2\/media\/6792"}],"wp:attachment":[{"href":"https:\/\/xjyco.com\/it\/wp-json\/wp\/v2\/media?parent=2469"}],"wp:term":[{"taxonomy":"product_brand","embeddable":true,"href":"https:\/\/xjyco.com\/it\/wp-json\/wp\/v2\/product_brand?post=2469"},{"taxonomy":"product_cat","embeddable":true,"href":"https:\/\/xjyco.com\/it\/wp-json\/wp\/v2\/product_cat?post=2469"},{"taxonomy":"product_tag","embeddable":true,"href":"https:\/\/xjyco.com\/it\/wp-json\/wp\/v2\/product_tag?post=2469"}],"curies":[{"name":"wp","href":"https:\/\/api.w.org\/{rel}","templated":true}]}}