{"id":2560,"date":"2025-09-09T02:22:16","date_gmt":"2025-09-09T02:22:16","guid":{"rendered":"https:\/\/xjyco.com\/?post_type=product&#038;p=2560"},"modified":"2026-04-26T13:30:42","modified_gmt":"2026-04-26T13:30:42","slug":"brackish-water-desalination-plant","status":"publish","type":"product","link":"https:\/\/xjyco.com\/it\/product\/brackish-water-desalination-plant\/","title":{"rendered":"Impianto di desalinizzazione dell'acqua salmastra"},"content":{"rendered":"<p>Questo impianto di desalinizzazione dell'acqua salmastra \u00e8 in grado di rimuovere efficacemente componenti nocivi come sali inorganici, metalli pesanti, materia organica e batteri presenti nell'acqua salmastra. Pertanto, \u00e8 importante per ottenere la desalinizzazione dell'acqua attraverso lo screening. Inoltre, \u00e8 in grado di fornire acqua potabile conforme agli standard nazionali in materia di acqua potabile. Inoltre, il sistema di desalinizzazione ha un basso consumo energetico e non produce inquinamento secondario. Infatti, utilizziamo un sistema di controllo automatico avanzato per garantire un funzionamento stabile, un'elevata efficienza e un risparmio energetico.<\/p>\n<p>L'acqua salmastra si riferisce all'acqua con un elevato contenuto di sale (solitamente salinit\u00e0 compresa tra 0,5 e 3%). Ha un sapore amaro e non pu\u00f2 essere bevuta direttamente o utilizzata in molti processi produttivi industriali e agricoli. Tuttavia, possiamo utilizzare questo tipo di acqua salmastra per desalinizzarla, rimuovere il sale e le impurit\u00e0 e produrre acqua dolce.<\/p>\n<h2><strong><b>Come funzionano gli impianti di desalinizzazione dell'acqua salmastra?<\/b><\/strong><\/h2>\n<h3>1.Fase di pretrattamento<\/h3>\n<p>In primo luogo, un filtro multimediale filtra in sequenza l'acqua salmastra per rimuovere le particelle di grandi dimensioni e ridurre la torbidit\u00e0. Inoltre, un filtro a carboni attivi assorbe le sostanze nocive e protegge la membrana. Infine, un filtro di sicurezza intercetta le impurit\u00e0 fini per garantire la pulizia dell'acqua che entra nel sistema di osmosi inversa.<\/p>\n<h3>2.Stadio di trattamento a osmosi inversa<\/h3>\n<p>In secondo luogo, l'acqua salmastra pretrattata viene pressurizzata da una pompa ad alta pressione ed entra nel gruppo della membrana ad osmosi inversa. Sotto la differenza di pressione su entrambi i lati della membrana semipermeabile, le molecole d'acqua passano attraverso la membrana semipermeabile. In questo modo, si ottiene la separazione di acqua e impurit\u00e0 per ottenere acqua dolce a bassa salinit\u00e0.<\/p>\n<h3>3.Fase post-trattamento<\/h3>\n<p>Infine, l'acqua dolce dopo il trattamento a osmosi inversa, in base ai requisiti di qualit\u00e0 dell'acqua, utilizza un dispositivo di scambio ionico per rimuovere gli ioni di calcio e magnesio per prevenire le incrostazioni quando i requisiti di durezza sono severi, e utilizza sterilizzatori a raggi ultravioletti o generatori di ozono per sterilizzare e disinfettare quando ci sono requisiti di indicatori microbici per soddisfare gli standard igienici.<\/p>\n<h3><a href=\"https:\/\/xjyco.com\/wp-content\/uploads\/2025\/09\/Brackish-Water-Reverse-Osmosis-Systems-process.png\"><br \/>\n<img fetchpriority=\"high\" decoding=\"async\" class=\"aligncenter wp-image-2561 size-large\" src=\"https:\/\/xjyco.com\/wp-content\/uploads\/2025\/09\/Brackish-Water-Reverse-Osmosis-Systems-process-1024x719.png\" alt=\"Processo dei sistemi a osmosi inversa per acqua salmastra\" width=\"1024\" height=\"719\" title=\"\" srcset=\"https:\/\/xjyco.com\/wp-content\/uploads\/2025\/09\/Brackish-Water-Reverse-Osmosis-Systems-process-1024x719.png 1024w, https:\/\/xjyco.com\/wp-content\/uploads\/2025\/09\/Brackish-Water-Reverse-Osmosis-Systems-process-300x211.png 300w, https:\/\/xjyco.com\/wp-content\/uploads\/2025\/09\/Brackish-Water-Reverse-Osmosis-Systems-process-768x539.png 768w, https:\/\/xjyco.com\/wp-content\/uploads\/2025\/09\/Brackish-Water-Reverse-Osmosis-Systems-process.png 1264w\" sizes=\"(max-width: 1024px) 100vw, 1024px\" \/><\/a><\/h3>\n<h2><strong><b>Come si fa <\/b><\/strong><strong><b>impianto di desalinizzazione dell'acqua salmastra <\/b><\/strong><b><\/b><strong><b>aspetto?<\/b><\/strong><\/h2>\n<p><a href=\"https:\/\/xjyco.com\/wp-content\/uploads\/2025\/09\/Brackish-Water-Reverse-Osmosis-Systems.png\"><img decoding=\"async\" class=\"aligncenter wp-image-2562 size-large\" src=\"https:\/\/xjyco.com\/wp-content\/uploads\/2025\/09\/Brackish-Water-Reverse-Osmosis-Systems-1024x1024.png\" alt=\"Sistemi a osmosi inversa per acqua salmastra\" width=\"1024\" height=\"1024\" title=\"\" srcset=\"https:\/\/xjyco.com\/wp-content\/uploads\/2025\/09\/Brackish-Water-Reverse-Osmosis-Systems-1024x1024.png 1024w, https:\/\/xjyco.com\/wp-content\/uploads\/2025\/09\/Brackish-Water-Reverse-Osmosis-Systems-300x300.png 300w, https:\/\/xjyco.com\/wp-content\/uploads\/2025\/09\/Brackish-Water-Reverse-Osmosis-Systems-100x100.png 100w, https:\/\/xjyco.com\/wp-content\/uploads\/2025\/09\/Brackish-Water-Reverse-Osmosis-Systems-150x150.png 150w, https:\/\/xjyco.com\/wp-content\/uploads\/2025\/09\/Brackish-Water-Reverse-Osmosis-Systems-768x768.png 768w, https:\/\/xjyco.com\/wp-content\/uploads\/2025\/09\/Brackish-Water-Reverse-Osmosis-Systems-1536x1536.png 1536w, https:\/\/xjyco.com\/wp-content\/uploads\/2025\/09\/Brackish-Water-Reverse-Osmosis-Systems.png 2000w\" sizes=\"(max-width: 1024px) 100vw, 1024px\" \/><\/a><\/p>\n<h2>Quali sono i vantaggi di <strong><b>impianto di desalinizzazione dell'acqua<\/b><\/strong><strong><b>?<\/b><\/strong><\/h2>\n<p><strong>1.Capacit\u00e0 di desalinizzazione e depurazione efficienti<\/strong><\/p>\n<p>Il tasso di desalinizzazione dell'impianto di desalinizzazione dell'acqua salmastra \u00e8 pari a 97%, in grado di convertire l'acqua salmastra in acqua di alta qualit\u00e0 che soddisfa gli standard nazionali per l'acqua potabile e pu\u00f2 persino soddisfare gli standard nazionali per l'acqua pura.<\/p>\n<p><strong>2. Risparmio energetico, protezione dell'ambiente e basso consumo energetico<\/strong><\/p>\n<p>L'impianto di desalinizzazione dell'acqua salmastra si concentra sul risparmio energetico e sulla protezione dell'ambiente, adotta un design a risparmio energetico e riduce i costi di produzione dell'acqua. Allo stesso tempo, l'apparecchiatura ha un basso consumo energetico durante il funzionamento, che non solo soddisfa i requisiti di protezione ambientale, ma riduce anche i costi operativi degli utenti.<\/p>\n<p><strong>3. Materiali durevoli<\/strong><\/p>\n<p>Utilizziamo acciaio inossidabile e materiali resistenti alla corrosione per garantire che l'apparecchiatura possa continuare a funzionare stabilmente per lungo tempo in ambienti difficili e prolungare la vita utile dell'apparecchiatura.<\/p>\n<p><strong>4.Qualit\u00e0 dell'acqua stabile e sicura<\/strong><\/p>\n<p>Abbiamo dotato l'impianto di un sistema avanzato di rilevamento e controllo della qualit\u00e0 dell'acqua per garantire che la qualit\u00e0 dell'acqua sia stabile per lungo tempo e che soddisfi gli standard nazionali. Allo stesso tempo, abbiamo anche abbinato un processore di sterilizzazione per sterilizzare l'acqua immagazzinata, per garantire la sicurezza e l'igiene della qualit\u00e0 dell'acqua.<\/p>\n<p><strong>5.Tipi di combinazione e metodi di installazione flessibili e diversificati<\/strong><\/p>\n<p>L'impianto di desalinizzazione dell'acqua salmastra pu\u00f2 essere combinato in vari tipi a seconda delle esigenze dell'utente e delle condizioni del sito, come ad esempio il tipo a staffa, il tipo su skid, il tipo su skid, il tipo su container, ecc. Allo stesso tempo, anche il metodo di installazione dell'apparecchiatura \u00e8 molto flessibile. Finch\u00e9 c'\u00e8 energia e acqua grezza, pu\u00f2 trasformare l'acqua dolce.<\/p>\n<h2>Specifiche del prodotto<\/h2>\n<p><a href=\"https:\/\/xjyco.com\/wp-content\/uploads\/2025\/09\/Brackish-Water-Reverse-Osmosis-Systems-Specifications.jpg\"><img decoding=\"async\" class=\"aligncenter wp-image-2563 size-full\" src=\"https:\/\/xjyco.com\/wp-content\/uploads\/2025\/09\/Brackish-Water-Reverse-Osmosis-Systems-Specifications.jpg\" alt=\"Specifiche dei sistemi a osmosi inversa per acqua salmastra\" width=\"784\" height=\"581\" title=\"\" srcset=\"https:\/\/xjyco.com\/wp-content\/uploads\/2025\/09\/Brackish-Water-Reverse-Osmosis-Systems-Specifications.jpg 784w, https:\/\/xjyco.com\/wp-content\/uploads\/2025\/09\/Brackish-Water-Reverse-Osmosis-Systems-Specifications-300x222.jpg 300w, https:\/\/xjyco.com\/wp-content\/uploads\/2025\/09\/Brackish-Water-Reverse-Osmosis-Systems-Specifications-512x379.jpg 512w, https:\/\/xjyco.com\/wp-content\/uploads\/2025\/09\/Brackish-Water-Reverse-Osmosis-Systems-Specifications-768x569.jpg 768w\" sizes=\"(max-width: 784px) 100vw, 784px\" \/><\/a><\/p>\n<p>&nbsp;<\/p>","protected":false},"excerpt":{"rendered":"<p>Utilizza una membrana semipermeabile per separare sali e impurit\u00e0 dall'acqua salmastra sotto pressione, ottenendo la desalinizzazione dell'acqua salmastra per ottenere acqua dolce.<\/p>","protected":false},"featured_media":6795,"comment_status":"closed","ping_status":"closed","template":"","meta":{"_acf_changed":false,"site-sidebar-layout":"default","site-content-layout":"","ast-site-content-layout":"default","site-content-style":"default","site-sidebar-style":"default","ast-global-header-display":"","ast-banner-title-visibility":"","ast-main-header-display":"","ast-hfb-above-header-display":"","ast-hfb-below-header-display":"","ast-hfb-mobile-header-display":"","site-post-title":"","ast-breadcrumbs-content":"","ast-featured-img":"","footer-sml-layout":"","ast-disable-related-posts":"","theme-transparent-header-meta":"default","adv-header-id-meta":"","stick-header-meta":"default","header-above-stick-meta":"","header-main-stick-meta":"","header-below-stick-meta":"","astra-migrate-meta-layouts":"set","ast-page-background-enabled":"default","ast-page-background-meta":{"desktop":{"background-color":"var(--ast-global-color-5)","background-image":"","background-repeat":"repeat","background-position":"center center","background-size":"auto","background-attachment":"scroll","background-type":"","background-media":"","overlay-type":"","overlay-color":"","overlay-opacity":"","overlay-gradient":""},"tablet":{"background-color":"","background-image":"","background-repeat":"repeat","background-position":"center center","background-size":"auto","background-attachment":"scroll","background-type":"","background-media":"","overlay-type":"","overlay-color":"","overlay-opacity":"","overlay-gradient":""},"mobile":{"background-color":"","background-image":"","background-repeat":"repeat","background-position":"center center","background-size":"auto","background-attachment":"scroll","background-type":"","background-media":"","overlay-type":"","overlay-color":"","overlay-opacity":"","overlay-gradient":""}},"ast-content-background-meta":{"desktop":{"background-color":"var(--ast-global-color-4)","background-image":"","background-repeat":"repeat","background-position":"center center","background-size":"auto","background-attachment":"scroll","background-type":"","background-media":"","overlay-type":"","overlay-color":"","overlay-opacity":"","overlay-gradient":""},"tablet":{"background-color":"var(--ast-global-color-4)","background-image":"","background-repeat":"repeat","background-position":"center center","background-size":"auto","background-attachment":"scroll","background-type":"","background-media":"","overlay-type":"","overlay-color":"","overlay-opacity":"","overlay-gradient":""},"mobile":{"background-color":"var(--ast-global-color-4)","background-image":"","background-repeat":"repeat","background-position":"center center","background-size":"auto","background-attachment":"scroll","background-type":"","background-media":"","overlay-type":"","overlay-color":"","overlay-opacity":"","overlay-gradient":""}}},"product_brand":[145],"product_cat":[81],"product_tag":[84],"class_list":{"0":"post-2560","1":"product","2":"type-product","3":"status-publish","4":"has-post-thumbnail","6":"product_brand-xinjieyuan","7":"product_cat-water-treatment-equipment","8":"product_tag-brackish-water-reverse-osmosis-systems","9":"desktop-align-center","10":"tablet-align-center","11":"mobile-align-center","13":"first","14":"instock","15":"shipping-taxable","16":"purchasable","17":"product-type-simple"},"acf":[],"_links":{"self":[{"href":"https:\/\/xjyco.com\/it\/wp-json\/wp\/v2\/product\/2560","targetHints":{"allow":["GET"]}}],"collection":[{"href":"https:\/\/xjyco.com\/it\/wp-json\/wp\/v2\/product"}],"about":[{"href":"https:\/\/xjyco.com\/it\/wp-json\/wp\/v2\/types\/product"}],"replies":[{"embeddable":true,"href":"https:\/\/xjyco.com\/it\/wp-json\/wp\/v2\/comments?post=2560"}],"wp:featuredmedia":[{"embeddable":true,"href":"https:\/\/xjyco.com\/it\/wp-json\/wp\/v2\/media\/6795"}],"wp:attachment":[{"href":"https:\/\/xjyco.com\/it\/wp-json\/wp\/v2\/media?parent=2560"}],"wp:term":[{"taxonomy":"product_brand","embeddable":true,"href":"https:\/\/xjyco.com\/it\/wp-json\/wp\/v2\/product_brand?post=2560"},{"taxonomy":"product_cat","embeddable":true,"href":"https:\/\/xjyco.com\/it\/wp-json\/wp\/v2\/product_cat?post=2560"},{"taxonomy":"product_tag","embeddable":true,"href":"https:\/\/xjyco.com\/it\/wp-json\/wp\/v2\/product_tag?post=2560"}],"curies":[{"name":"wp","href":"https:\/\/api.w.org\/{rel}","templated":true}]}}