{"id":2569,"date":"2025-09-09T02:57:47","date_gmt":"2025-09-09T02:57:47","guid":{"rendered":"https:\/\/xjyco.com\/?post_type=product&#038;p=2569"},"modified":"2026-04-26T13:31:26","modified_gmt":"2026-04-26T13:31:26","slug":"containerized-water-treatment-plant","status":"publish","type":"product","link":"https:\/\/xjyco.com\/it\/product\/containerized-water-treatment-plant\/","title":{"rendered":"Impianto di trattamento delle acque in container"},"content":{"rendered":"<p>L'impianto di trattamento delle acque containerizzato mostrato nella foto ha una capacit\u00e0 produttiva di 30 tonnellate di acqua all'ora. La sua tecnologia di base \u00e8 la <a href=\"https:\/\/xjyco.com\/it\/product\/reverse-osmosis-systems\/\">osmosi inversa<\/a> tecnologia di separazione a membrana. Sotto una pressione superiore alla pressione osmotica della soluzione, le impurit\u00e0 presenti nell'acqua vengono separate. La membrana dell'osmosi inversa consente infatti il passaggio delle sole molecole d'acqua. In questo modo si raggiunge lo scopo di purificare la qualit\u00e0 dell'acqua. La nostra fabbrica accetta la personalizzazione di diverse specifiche, da 250 LPH a 100 TLPH.<\/p>\n<p>Inoltre, le tecnologie utilizzate nelle apparecchiature per il trattamento dell'acqua nei container possono includere l'ultrafiltrazione, la desalinizzazione dell'acqua di mare, ecc. Il processo specifico di purificazione dell'acqua dipende dalla fonte dell'acqua.<\/p>\n<p>Per quanto riguarda il settore dell'energia, la nostra azienda pu\u00f2 anche personalizzare le attrezzature del container solare, se necessario.<\/p>\n<h2><strong><b>Come funzionano gli impianti di trattamento delle acque in container?<\/b><\/strong><\/h2>\n<p>Di seguito, spiegher\u00f2 il principio di funzionamento degli impianti di osmosi inversa in container.<\/p>\n<p>Grazie alle caratteristiche di semipermeabilit\u00e0 della membrana RO, \u00e8 possibile ottenere una purificazione ad alta efficienza sotto pressione. \u00c8 in grado di ridurre significativamente il contenuto di sali e il tasso di purificazione pu\u00f2 raggiungere 95% - 99% o pi\u00f9. Utilizziamo la membrana RO per intercettare batteri, virus e altri microrganismi RO su larga scala per prevenire il deterioramento della qualit\u00e0 dell'acqua. Secondo il principio \"like dissolves like\", rimuoviamo la maggior parte della materia organica per migliorare la qualit\u00e0 dell'acqua. La qualit\u00e0 dell'acqua viene regolata con l'aiuto di dispositivi di regolazione nei collegamenti di pre-trattamento o post-trattamento per soddisfare le diverse esigenze.<\/p>\n<p>La depurazione dell'acqua pu\u00f2 essere suddivisa principalmente in tre fasi.<\/p>\n<h3>1.Pretrattamento<\/h3>\n<p>In primo luogo, l'acqua grezza passa attraverso il serbatoio dell'acqua grezza e la pompa dell'acqua grezza. Quindi passa attraverso il filtro multimediale (che rimuove le sostanze in sospensione, ecc.), il filtro a carboni attivi (che rimuove le sostanze organiche, ecc. e limita il cloro residuo). Se l'acqua grezza presenta una durezza elevata, \u00e8 necessario passare anche attraverso l'addolcitore (che assorbe gli ioni di calcio e magnesio).<\/p>\n<h3>2.Trattamento a osmosi inversa<\/h3>\n<p>In secondo luogo, il filtro di sicurezza filtra finemente l'acqua pretrattata per rimuovere le impurit\u00e0 con diverse precisioni per garantire la qualit\u00e0 dell'acqua. La pompa ad alta pressione \u00e8 controllata da pi\u00f9 fattori per fornire pressione alla membrana a osmosi inversa per ottenere la separazione dei materiali. Il gruppo della membrana a osmosi inversa consente di purificare parte dell'acqua e di produrla ad alta pressione, intercettando le impurit\u00e0, e il tasso di dissalazione supera i 98%.<\/p>\n<h3>3. Post-trattamento e stoccaggio<\/h3>\n<p>Infine, l'acqua pulita dopo il trattamento con osmosi inversa pu\u00f2 presentare microrganismi residui. A questo punto \u00e8 necessario utilizzare lampade a raggi ultravioletti, sterilizzatori a ozono, ecc. per disinfettare. L'acqua disinfettata viene immagazzinata nel serbatoio dell'acqua pura e trasportata al punto d'acqua dalla pompa dell'acqua pura per soddisfare la domanda.<\/p>\n<p><img fetchpriority=\"high\" decoding=\"async\" class=\"wp-image-6016 size-full aligncenter\" src=\"https:\/\/xjyco.com\/wp-content\/uploads\/2025\/09\/reverse-osmosis-process.jpeg\" alt=\"processo di osmosi inversa\" width=\"1024\" height=\"768\" title=\"\" srcset=\"https:\/\/xjyco.com\/wp-content\/uploads\/2025\/09\/reverse-osmosis-process.jpeg 1024w, https:\/\/xjyco.com\/wp-content\/uploads\/2025\/09\/reverse-osmosis-process-300x225.jpeg 300w, https:\/\/xjyco.com\/wp-content\/uploads\/2025\/09\/reverse-osmosis-process-512x384.jpeg 512w, https:\/\/xjyco.com\/wp-content\/uploads\/2025\/09\/reverse-osmosis-process-150x113.jpeg 150w, https:\/\/xjyco.com\/wp-content\/uploads\/2025\/09\/reverse-osmosis-process-768x576.jpeg 768w\" sizes=\"(max-width: 1024px) 100vw, 1024px\" \/><\/p>\n<h2>Vantaggi di <strong><b>impianto di trattamento acque in container<\/b><\/strong><\/h2>\n<p><strong>1.Estensione modulare<\/strong><\/p>\n<p>Utilizzando una struttura standard di container, pu\u00f2 essere trasportata comodamente su strada, ferrovia e mare. L'apparecchiatura viene completamente preassemblata e messa in funzione in fabbrica, richiedendo solo il collegamento dei tubi di ingresso e uscita dell'acqua e del sistema di alimentazione in loco. Pu\u00f2 essere avviato e messo in funzione in 1-3 giorni, migliorando l'efficienza di oltre 90% rispetto al ciclo di costruzione degli impianti di trattamento delle acque tradizionali, che richiede diversi mesi.<\/p>\n<p><strong>2.Forte capacit\u00e0 di produzione di acqua<\/strong><\/p>\n<p>La produzione di acqua all'ora raggiunge le 30 tonnellate, in grado di soddisfare una domanda idrica continua e su larga scala. Sia che si tratti di produzione industriale su larga scala o di approvvigionamento idrico in aree densamente popolate, \u00e8 in grado di fornire in modo stabile fonti d'acqua sufficienti.<\/p>\n<p><strong>3. Qualit\u00e0 dell'acqua eccellente<\/strong><\/p>\n<p>L'impianto di trattamento acque containerizzato ha un tasso di desalinizzazione di oltre 95% e, poich\u00e9 la dimensione dei pori della membrana a osmosi inversa \u00e8 di soli 0,0001 micron, \u00e8 in grado di intercettare quasi tutti i microrganismi per garantire la sicurezza degli indicatori microbici della qualit\u00e0 dell'acqua. Inoltre, \u00e8 in grado di ridurre notevolmente il contenuto di materia organica, come l'acido umico, e di ridurre il COD e il BOD.<\/p>\n<p><strong>4. Funzionamento stabile<\/strong><\/p>\n<p>La macchina ha un elevato grado di automazione, utilizza il PLC per regolare i parametri operativi, regola lo stato in base al valore impostato, ha una protezione contro l'alta e la bassa pressione, la mancanza d'acqua e altri allarmi di guasto, pu\u00f2 funzionare in modo continuo e stabile e produrre acqua in modo continuo e stabile.<\/p>\n<p><strong>5. Economico ed efficiente<\/strong><\/p>\n<p>L'apparecchiatura presenta il vantaggio di un basso consumo energetico. La tecnologia avanzata dell'osmosi inversa ottimizza il consumo energetico operativo, riduce i costi a lungo termine, ha un alto tasso di recupero, pu\u00f2 migliorare l'utilizzo delle risorse idriche e ridurre i rifiuti e i costi dell'acqua.<\/p>\n<p><strong>6.Ampiamente utilizzato<\/strong><\/p>\n<p>In campo industriale, \u00e8 adatto per l'industria elettronica, farmaceutica, chimica, alimentare e delle bevande, fornendo acqua di processo ad alta purezza per garantire la qualit\u00e0 del prodotto. In un altro campo della vita, possiamo utilizzare sistemi di apparecchiature containerizzate in comunit\u00e0, scuole, ospedali, hotel e altri luoghi per fornire acqua potabile di alta qualit\u00e0.<\/p>","protected":false},"excerpt":{"rendered":"<p>L'impianto di trattamento delle acque in container \u00e8 un'apparecchiatura altamente efficiente e rispettosa dell'ambiente che integra una tecnologia avanzata di depurazione delle acque con un design standardizzato integrato nel container. L'impianto integra il sistema di pretrattamento, l'unit\u00e0 principale, il controllo intelligente, la pulizia e la manutenzione e l'unit\u00e0 di stoccaggio dell'acqua in un container standard di 20 o 40 piedi, realizzando un processo a ciclo chiuso dalla purificazione dell'acqua grezza all'acqua prodotta standard.<\/p>","protected":false},"featured_media":6794,"comment_status":"closed","ping_status":"closed","template":"","meta":{"_acf_changed":false,"site-sidebar-layout":"default","site-content-layout":"","ast-site-content-layout":"default","site-content-style":"default","site-sidebar-style":"default","ast-global-header-display":"","ast-banner-title-visibility":"","ast-main-header-display":"","ast-hfb-above-header-display":"","ast-hfb-below-header-display":"","ast-hfb-mobile-header-display":"","site-post-title":"","ast-breadcrumbs-content":"","ast-featured-img":"","footer-sml-layout":"","ast-disable-related-posts":"","theme-transparent-header-meta":"default","adv-header-id-meta":"","stick-header-meta":"default","header-above-stick-meta":"","header-main-stick-meta":"","header-below-stick-meta":"","astra-migrate-meta-layouts":"set","ast-page-background-enabled":"default","ast-page-background-meta":{"desktop":{"background-color":"var(--ast-global-color-5)","background-image":"","background-repeat":"repeat","background-position":"center center","background-size":"auto","background-attachment":"scroll","background-type":"","background-media":"","overlay-type":"","overlay-color":"","overlay-opacity":"","overlay-gradient":""},"tablet":{"background-color":"","background-image":"","background-repeat":"repeat","background-position":"center center","background-size":"auto","background-attachment":"scroll","background-type":"","background-media":"","overlay-type":"","overlay-color":"","overlay-opacity":"","overlay-gradient":""},"mobile":{"background-color":"","background-image":"","background-repeat":"repeat","background-position":"center center","background-size":"auto","background-attachment":"scroll","background-type":"","background-media":"","overlay-type":"","overlay-color":"","overlay-opacity":"","overlay-gradient":""}},"ast-content-background-meta":{"desktop":{"background-color":"var(--ast-global-color-4)","background-image":"","background-repeat":"repeat","background-position":"center center","background-size":"auto","background-attachment":"scroll","background-type":"","background-media":"","overlay-type":"","overlay-color":"","overlay-opacity":"","overlay-gradient":""},"tablet":{"background-color":"var(--ast-global-color-4)","background-image":"","background-repeat":"repeat","background-position":"center center","background-size":"auto","background-attachment":"scroll","background-type":"","background-media":"","overlay-type":"","overlay-color":"","overlay-opacity":"","overlay-gradient":""},"mobile":{"background-color":"var(--ast-global-color-4)","background-image":"","background-repeat":"repeat","background-position":"center center","background-size":"auto","background-attachment":"scroll","background-type":"","background-media":"","overlay-type":"","overlay-color":"","overlay-opacity":"","overlay-gradient":""}}},"product_brand":[145],"product_cat":[81],"product_tag":[155],"class_list":{"0":"post-2569","1":"product","2":"type-product","3":"status-publish","4":"has-post-thumbnail","6":"product_brand-xinjieyuan","7":"product_cat-water-treatment-equipment","8":"product_tag-containerized-water-treatment-plant","9":"desktop-align-center","10":"tablet-align-center","11":"mobile-align-center","13":"first","14":"instock","15":"shipping-taxable","16":"purchasable","17":"product-type-simple"},"acf":[],"_links":{"self":[{"href":"https:\/\/xjyco.com\/it\/wp-json\/wp\/v2\/product\/2569","targetHints":{"allow":["GET"]}}],"collection":[{"href":"https:\/\/xjyco.com\/it\/wp-json\/wp\/v2\/product"}],"about":[{"href":"https:\/\/xjyco.com\/it\/wp-json\/wp\/v2\/types\/product"}],"replies":[{"embeddable":true,"href":"https:\/\/xjyco.com\/it\/wp-json\/wp\/v2\/comments?post=2569"}],"wp:featuredmedia":[{"embeddable":true,"href":"https:\/\/xjyco.com\/it\/wp-json\/wp\/v2\/media\/6794"}],"wp:attachment":[{"href":"https:\/\/xjyco.com\/it\/wp-json\/wp\/v2\/media?parent=2569"}],"wp:term":[{"taxonomy":"product_brand","embeddable":true,"href":"https:\/\/xjyco.com\/it\/wp-json\/wp\/v2\/product_brand?post=2569"},{"taxonomy":"product_cat","embeddable":true,"href":"https:\/\/xjyco.com\/it\/wp-json\/wp\/v2\/product_cat?post=2569"},{"taxonomy":"product_tag","embeddable":true,"href":"https:\/\/xjyco.com\/it\/wp-json\/wp\/v2\/product_tag?post=2569"}],"curies":[{"name":"wp","href":"https:\/\/api.w.org\/{rel}","templated":true}]}}