{"id":2579,"date":"2025-09-09T03:20:27","date_gmt":"2025-09-09T03:20:27","guid":{"rendered":"https:\/\/xjyco.com\/?post_type=product&#038;p=2579"},"modified":"2026-04-26T13:32:25","modified_gmt":"2026-04-26T13:32:25","slug":"water-filling-machine","status":"publish","type":"product","link":"https:\/\/xjyco.com\/it\/product\/water-filling-machine\/","title":{"rendered":"Macchina per il riempimento dell'acqua"},"content":{"rendered":"<p>La macchina di riempimento dell'acqua RO tratta l'acqua di partenza o altri liquidi, riempie quelli trattati in contenitori a sacchetto designati e infine completa l'imballaggio automatico.<\/p>\n<p>La linea di assemblaggio delle macchine per il riempimento dell'acqua integra le funzioni di trattamento e riempimento dell'acqua. Per quanto riguarda il trattamento dell'acqua, rimuoviamo le particelle in sospensione attraverso un sistema di pretrattamento, quindi utilizziamo resine a scambio ionico per addolcire l'acqua. La disinfezione a raggi ultravioletti, ozono o cloro viene utilizzata per sterilizzare e disinfettare. Per quanto riguarda la funzione di riempimento, si adatta a varie forme di imballaggio e ha capacit\u00e0 di riempimento ad alta velocit\u00e0.<\/p>\n<h2><strong><b>Come funziona la macchina per il riempimento dell'acqua?<\/b><\/strong><\/h2>\n<p>La linea di assemblaggio delle macchine per il riempimento dell'acqua integra le funzioni di trattamento e riempimento dell'acqua. Rimuoviamo le particelle in sospensione attraverso il sistema di pretrattamento e utilizziamo i raggi ultravioletti, l'ozono o la disinfezione con cloro per sterilizzare e disinfettare.<\/p>\n<h3><strong><b>1.Pretrattamento dell'acqua grezza:<\/b><\/strong><\/h3>\n<p>In primo luogo, l'acqua grezza viene sottoposta a una serie di fasi di pretrattamento, come la filtrazione e la sedimentazione, per rimuovere le particelle di grandi dimensioni. In questo modo, si ottiene una fonte d'acqua relativamente pulita per il successivo trattamento in profondit\u00e0.<\/p>\n<h3><strong><b>2. Trattamento delle acque profonde:<\/b><\/strong><\/h3>\n<p>Successivamente, l'acqua grezza entra nella fase di trattamento delle acque profonde, di solito utilizzando la tecnologia RO (osmosi inversa). Le membrane RO sono in grado di intercettare efficacemente le impurit\u00e0 presenti nell'acqua, come i sali solubili, la materia organica, i batteri, i virus e cos\u00ec via, ottenendo acqua pura di alta qualit\u00e0.<\/p>\n<h3><strong><b>3.Miglioramento della qualit\u00e0 dell'acqua e regolamentazione:<\/b><\/strong><\/h3>\n<p>Dopo aver ottenuto acqua pura, \u00e8 necessario migliorare ulteriormente la qualit\u00e0 dell'acqua, ad esempio aumentando il contenuto di ossigeno nell'acqua per migliorarne il gusto e l'attivit\u00e0. in base alle necessit\u00e0, possiamo anche regolare il valore del pH dell'acqua, la durezza e altri parametri per soddisfare i requisiti di prodotti specifici.<\/p>\n<h3><strong><b>4. Stoccaggio e distribuzione di acqua depurata:<\/b><\/strong><\/h3>\n<p>Inoltre, conserviamo l'acqua pura dopo il trattamento profondo e il miglioramento della qualit\u00e0 dell'acqua in un apposito serbatoio di stoccaggio in acciaio inossidabile, per garantire che la qualit\u00e0 dell'acqua non sia inquinata dal mondo esterno. In base alle esigenze di produzione, possiamo trasportare l'acqua depurata all'area di riempimento attraverso un sistema di tubazioni.<\/p>\n<h3><strong><b>5.Riempimento e sigillatura:<\/b><\/strong><\/h3>\n<p>Infine, nell'area di riempimento, riempiamo accuratamente l'acqua depurata in vari contenitori, come bottiglie, sacchi e barili. Durante il processo di riempimento, la macchina completa automaticamente il posizionamento dei contenitori, il riempimento, la sigillatura e altre operazioni per garantire che ogni contenitore contenga una quantit\u00e0 specifica di acqua purificata e sia saldamente sigillato senza perdite.<\/p>\n<p><a href=\"https:\/\/xjyco.com\/wp-content\/uploads\/2025\/09\/Water-Filling-Line-process-scaled.jpg\"><img fetchpriority=\"high\" decoding=\"async\" class=\"aligncenter wp-image-2580 size-large\" src=\"https:\/\/xjyco.com\/wp-content\/uploads\/2025\/09\/Water-Filling-Line-process-1024x575.jpg\" alt=\"Processo della linea di riempimento dell&#039;acqua\" width=\"1024\" height=\"575\" title=\"\" srcset=\"https:\/\/xjyco.com\/wp-content\/uploads\/2025\/09\/Water-Filling-Line-process-1024x575.jpg 1024w, https:\/\/xjyco.com\/wp-content\/uploads\/2025\/09\/Water-Filling-Line-process-300x168.jpg 300w, https:\/\/xjyco.com\/wp-content\/uploads\/2025\/09\/Water-Filling-Line-process-768x431.jpg 768w, https:\/\/xjyco.com\/wp-content\/uploads\/2025\/09\/Water-Filling-Line-process-1536x862.jpg 1536w, https:\/\/xjyco.com\/wp-content\/uploads\/2025\/09\/Water-Filling-Line-process-2048x1149.jpg 2048w\" sizes=\"(max-width: 1024px) 100vw, 1024px\" \/><\/a><\/p>\n<h2 style=\"text-align: left;\"><strong><b>Come sono fatte le macchine per il riempimento dell'acqua?<\/b><\/strong><\/h2>\n<p><a href=\"https:\/\/xjyco.com\/wp-content\/uploads\/2025\/09\/Water-Filling-Line.png\"><img decoding=\"async\" class=\"aligncenter wp-image-2581 size-large\" src=\"https:\/\/xjyco.com\/wp-content\/uploads\/2025\/09\/Water-Filling-Line-1024x1024.png\" alt=\"Linea di riempimento dell&#039;acqua\" width=\"1024\" height=\"1024\" title=\"\" srcset=\"https:\/\/xjyco.com\/wp-content\/uploads\/2025\/09\/Water-Filling-Line-1024x1024.png 1024w, https:\/\/xjyco.com\/wp-content\/uploads\/2025\/09\/Water-Filling-Line-300x300.png 300w, https:\/\/xjyco.com\/wp-content\/uploads\/2025\/09\/Water-Filling-Line-100x100.png 100w, https:\/\/xjyco.com\/wp-content\/uploads\/2025\/09\/Water-Filling-Line-150x150.png 150w, https:\/\/xjyco.com\/wp-content\/uploads\/2025\/09\/Water-Filling-Line-768x768.png 768w, https:\/\/xjyco.com\/wp-content\/uploads\/2025\/09\/Water-Filling-Line-1536x1536.png 1536w, https:\/\/xjyco.com\/wp-content\/uploads\/2025\/09\/Water-Filling-Line.png 2000w\" sizes=\"(max-width: 1024px) 100vw, 1024px\" \/><\/a><\/p>\n<h2 style=\"text-align: left;\">Quali sono i vantaggi di\u00a0<strong><b>macchina per il riempimento dell'acqua<\/b><\/strong>?<\/h2>\n<p><strong>1. Processo integrato<\/strong><\/p>\n<p>Dallo stoccaggio dell'acqua grezza, al trattamento, al miglioramento della qualit\u00e0 dell'acqua, al riempimento e alla sigillatura, integriamo l'intero processo per formare una macchina completa per il riempimento dell'acqua.<\/p>\n<p><strong>2.Trattamento efficiente<\/strong><\/p>\n<p>Adottando l'avanzata tecnologia di trattamento dell'acqua RO (osmosi inversa), \u00e8 in grado di rimuovere efficacemente le impurit\u00e0, i microrganismi e le sostanze nocive presenti nell'acqua per garantirne la qualit\u00e0 pura.<\/p>\n<p><strong>3.Miglioramento della qualit\u00e0 dell'acqua<\/strong><\/p>\n<p>Dotato di un generatore di ossigeno per aumentare il contenuto di ossigeno nell'acqua, migliorare il gusto e l'attivit\u00e0 dell'acqua e renderla pi\u00f9 fresca e deliziosa.<\/p>\n<p><strong>4.Imballaggio diversificato<\/strong><\/p>\n<p>Supporta vari tipi di confezioni di sacchetti d'acqua per soddisfare le esigenze dei diversi consumatori.<\/p>\n<p><strong>5.Produzione automatizzata<\/strong><\/p>\n<p>La macchina per il riempimento e la sigillatura dei liquidi realizza operazioni di riempimento e sigillatura automatizzate, migliora l'efficienza produttiva e riduce l'intervento manuale.<\/p>\n<p><strong>6.Diversificazione dei prodotti<\/strong><\/p>\n<p>Supporta diversi tipi di imballaggio, pu\u00f2 soddisfare le esigenze di diversi mercati e consumatori e migliorare la competitivit\u00e0 dei prodotti sul mercato.<\/p>\n<h2>Quali sono le specifiche che possono essere fornite?<\/h2>\n<p><a href=\"https:\/\/xjyco.com\/wp-content\/uploads\/2025\/09\/Water-Filling-Line-Product-Specifications.jpg\"><img decoding=\"async\" class=\"aligncenter wp-image-2582 size-full\" src=\"https:\/\/xjyco.com\/wp-content\/uploads\/2025\/09\/Water-Filling-Line-Product-Specifications.jpg\" alt=\"Linea di riempimento dell&#039;acqua Specifiche di prodotto\" width=\"586\" height=\"256\" title=\"\" srcset=\"https:\/\/xjyco.com\/wp-content\/uploads\/2025\/09\/Water-Filling-Line-Product-Specifications.jpg 586w, https:\/\/xjyco.com\/wp-content\/uploads\/2025\/09\/Water-Filling-Line-Product-Specifications-300x131.jpg 300w, https:\/\/xjyco.com\/wp-content\/uploads\/2025\/09\/Water-Filling-Line-Product-Specifications-512x224.jpg 512w\" sizes=\"(max-width: 586px) 100vw, 586px\" \/><\/a><\/p>","protected":false},"excerpt":{"rendered":"<p>Si tratta di una linea di produzione automatizzata o semi-automatizzata che esegue una serie di operazioni come il riempimento, la sigillatura, l'etichettatura e il confezionamento su acqua trattata.<\/p>","protected":false},"featured_media":2583,"comment_status":"closed","ping_status":"closed","template":"","meta":{"_acf_changed":false,"site-sidebar-layout":"default","site-content-layout":"","ast-site-content-layout":"default","site-content-style":"default","site-sidebar-style":"default","ast-global-header-display":"","ast-banner-title-visibility":"","ast-main-header-display":"","ast-hfb-above-header-display":"","ast-hfb-below-header-display":"","ast-hfb-mobile-header-display":"","site-post-title":"","ast-breadcrumbs-content":"","ast-featured-img":"","footer-sml-layout":"","ast-disable-related-posts":"","theme-transparent-header-meta":"default","adv-header-id-meta":"","stick-header-meta":"default","header-above-stick-meta":"","header-main-stick-meta":"","header-below-stick-meta":"","astra-migrate-meta-layouts":"set","ast-page-background-enabled":"default","ast-page-background-meta":{"desktop":{"background-color":"var(--ast-global-color-5)","background-image":"","background-repeat":"repeat","background-position":"center center","background-size":"auto","background-attachment":"scroll","background-type":"","background-media":"","overlay-type":"","overlay-color":"","overlay-opacity":"","overlay-gradient":""},"tablet":{"background-color":"","background-image":"","background-repeat":"repeat","background-position":"center center","background-size":"auto","background-attachment":"scroll","background-type":"","background-media":"","overlay-type":"","overlay-color":"","overlay-opacity":"","overlay-gradient":""},"mobile":{"background-color":"","background-image":"","background-repeat":"repeat","background-position":"center center","background-size":"auto","background-attachment":"scroll","background-type":"","background-media":"","overlay-type":"","overlay-color":"","overlay-opacity":"","overlay-gradient":""}},"ast-content-background-meta":{"desktop":{"background-color":"var(--ast-global-color-4)","background-image":"","background-repeat":"repeat","background-position":"center center","background-size":"auto","background-attachment":"scroll","background-type":"","background-media":"","overlay-type":"","overlay-color":"","overlay-opacity":"","overlay-gradient":""},"tablet":{"background-color":"var(--ast-global-color-4)","background-image":"","background-repeat":"repeat","background-position":"center center","background-size":"auto","background-attachment":"scroll","background-type":"","background-media":"","overlay-type":"","overlay-color":"","overlay-opacity":"","overlay-gradient":""},"mobile":{"background-color":"var(--ast-global-color-4)","background-image":"","background-repeat":"repeat","background-position":"center center","background-size":"auto","background-attachment":"scroll","background-type":"","background-media":"","overlay-type":"","overlay-color":"","overlay-opacity":"","overlay-gradient":""}}},"product_brand":[145],"product_cat":[81],"product_tag":[86],"class_list":{"0":"post-2579","1":"product","2":"type-product","3":"status-publish","4":"has-post-thumbnail","6":"product_brand-xinjieyuan","7":"product_cat-water-treatment-equipment","8":"product_tag-water-filling-line","9":"desktop-align-center","10":"tablet-align-center","11":"mobile-align-center","13":"first","14":"instock","15":"shipping-taxable","16":"purchasable","17":"product-type-simple"},"acf":[],"_links":{"self":[{"href":"https:\/\/xjyco.com\/it\/wp-json\/wp\/v2\/product\/2579","targetHints":{"allow":["GET"]}}],"collection":[{"href":"https:\/\/xjyco.com\/it\/wp-json\/wp\/v2\/product"}],"about":[{"href":"https:\/\/xjyco.com\/it\/wp-json\/wp\/v2\/types\/product"}],"replies":[{"embeddable":true,"href":"https:\/\/xjyco.com\/it\/wp-json\/wp\/v2\/comments?post=2579"}],"wp:featuredmedia":[{"embeddable":true,"href":"https:\/\/xjyco.com\/it\/wp-json\/wp\/v2\/media\/2583"}],"wp:attachment":[{"href":"https:\/\/xjyco.com\/it\/wp-json\/wp\/v2\/media?parent=2579"}],"wp:term":[{"taxonomy":"product_brand","embeddable":true,"href":"https:\/\/xjyco.com\/it\/wp-json\/wp\/v2\/product_brand?post=2579"},{"taxonomy":"product_cat","embeddable":true,"href":"https:\/\/xjyco.com\/it\/wp-json\/wp\/v2\/product_cat?post=2579"},{"taxonomy":"product_tag","embeddable":true,"href":"https:\/\/xjyco.com\/it\/wp-json\/wp\/v2\/product_tag?post=2579"}],"curies":[{"name":"wp","href":"https:\/\/api.w.org\/{rel}","templated":true}]}}