{"id":2589,"date":"2025-09-09T03:41:52","date_gmt":"2025-09-09T03:41:52","guid":{"rendered":"https:\/\/xjyco.com\/?post_type=product&#038;p=2589"},"modified":"2026-04-26T13:33:15","modified_gmt":"2026-04-26T13:33:15","slug":"edi-system-electrodeionization","status":"publish","type":"product","link":"https:\/\/xjyco.com\/it\/product\/edi-system-electrodeionization\/","title":{"rendered":"Sistema EDI Elettrodeionizzazione"},"content":{"rendered":"<p>Il sistema EDI di elettrodeionizzazione \u00e8 un'apparecchiatura di elettrodeionizzazione continua. Combina le caratteristiche della resina a scambio ionico e della membrana permeabile selettiva agli ioni. In altre parole, \u00e8 in grado di rimuovere in profondit\u00e0 le impurit\u00e0 ioniche presenti nell'acqua e di produrre acqua di elevata purezza.<\/p>\n<p>La nostra fabbrica accetta la personalizzazione di diverse specifiche, da 250 LPH a 100 TLPH. Per quanto riguarda il settore dell'energia, possiamo anche personalizzare le attrezzature del container solare, se necessario.<\/p>\n<h2><strong><b>Come funziona l'elettrodeionizzazione del sistema EDI?<\/b><\/strong><\/h2>\n<p>Di seguito spiegher\u00f2 il principio di funzionamento del sistema edi.<\/p>\n<p>Combina lo scambio ionico con l'azionamento elettrico. Sotto la trazione del campo elettrico, gli anioni e i cationi presenti nell'acqua migrano rispettivamente verso la camera dell'acqua concentrata attraverso le membrane selettive a scambio ionico, rimuovendo in modo continuo quasi tutte le impurit\u00e0 ioniche presenti nell'acqua. In questo modo si ottiene acqua ultrapura di elevata purezza in modo efficiente e stabile, senza la necessit\u00e0 di rigenerare grandi quantit\u00e0 di acidi e alcali.<\/p>\n<p>La depurazione dell'acqua pu\u00f2 essere suddivisa principalmente in quattro fasi.<\/p>\n<h3><strong><b>1.Pretrattamento<\/b><\/strong><\/h3>\n<p>In primo luogo, il pretrattamento \u00e8 la prima fase del flusso di lavoro del sistema EDI. Il suo scopo \u00e8 quello di rimuovere le impurit\u00e0 come i solidi sospesi, l'ossigeno disciolto, la materia organica e i batteri presenti nell'acqua grezza.<\/p>\n<h3><strong><b>2. Trattamento del sistema a osmosi inversa (RO)<\/b><\/strong><\/h3>\n<p>In secondo luogo, il sistema a osmosi inversa sfrutta la permeabilit\u00e0 selettiva della membrana semipermeabile per rimuovere i solidi disciolti, i sali inorganici e i microrganismi presenti nell'acqua e produrre acqua desalinizzata di elevata purezza.<\/p>\n<h3><strong><b>3.Sistema EDI <\/b><\/strong><strong><b>Elettrodeionizzazione <\/b><\/strong><strong><b>Trattamento<\/b><\/strong><\/h3>\n<p>In terzo luogo, il sistema EDI di elettrodeionizzazione combina i principi della reazione elettrochimica e dello scambio ionico per ottenere una rimozione profonda degli ioni.<\/p>\n<h3><strong><b>4.Trattamento e conservazione successivi<\/b><\/strong><\/h3>\n<p>Infine, per prevenire la contaminazione secondaria dell'acqua pura durante lo stoccaggio e la distribuzione, vengono solitamente installati sterilizzatori a raggi ultravioletti. Dopo il trattamento di cui sopra, l'acqua pura entra nel serbatoio di stoccaggio dell'acqua o nel serbatoio dell'acqua pura per essere conservata. E l'acqua pura viene distribuita ai vari punti di utilizzo dell'acqua, a seconda delle necessit\u00e0.<\/p>\n<p><a href=\"https:\/\/xjyco.com\/wp-content\/uploads\/2025\/09\/EDI-Electrodeionization-Systems-process.png\"><img fetchpriority=\"high\" decoding=\"async\" class=\"aligncenter wp-image-2590 size-large\" src=\"https:\/\/xjyco.com\/wp-content\/uploads\/2025\/09\/EDI-Electrodeionization-Systems-process-1024x768.png\" alt=\"Processo dei sistemi di elettrodeionizzazione EDI\" width=\"1024\" height=\"768\" title=\"\" srcset=\"https:\/\/xjyco.com\/wp-content\/uploads\/2025\/09\/EDI-Electrodeionization-Systems-process-1024x768.png 1024w, https:\/\/xjyco.com\/wp-content\/uploads\/2025\/09\/EDI-Electrodeionization-Systems-process-300x225.png 300w, https:\/\/xjyco.com\/wp-content\/uploads\/2025\/09\/EDI-Electrodeionization-Systems-process-768x576.png 768w, https:\/\/xjyco.com\/wp-content\/uploads\/2025\/09\/EDI-Electrodeionization-Systems-process.png 1265w\" sizes=\"(max-width: 1024px) 100vw, 1024px\" \/><\/a><\/p>\n<h2>Vantaggi di\u00a0 <strong><b>Sistema EDI a elettrodeionizzazione<\/b><\/strong><\/h2>\n<p><strong>1.Integrazione tecnologica<\/strong><\/p>\n<p>Il sistema EDI combina la tecnologia dell'elettrodialisi e dello scambio ionico, guidando la migrazione degli ioni attraverso i campi elettrici. Utilizza resine a scambio ionico per la rimozione e la rigenerazione degli ioni, ottenendo un processo di desalinizzazione efficiente e continuo.<\/p>\n<p><strong>2. Design modulare<\/strong><\/p>\n<p>Il sistema EDI adotta di solito una struttura modulare, facile da installare, da debuggare e da mantenere. Grazie a questa struttura, l'apparecchiatura pu\u00f2 essere configurata in modo flessibile in base alle esigenze reali. In questo modo, \u00e8 possibile soddisfare le diverse scale di trattamento e i requisiti di qualit\u00e0 dell'acqua.<\/p>\n<p><strong>3. Alta qualit\u00e0 dell'effluente<\/strong><\/p>\n<p>I sistemi di elettrodeionizzazione EDI sono in grado di produrre acqua ultrapura di alta qualit\u00e0 con una qualit\u00e0 dell'acqua stabile e una resistivit\u00e0 superiore a 15M\u03a9-CM. Possono quindi soddisfare le esigenze di acqua ad alta purezza dell'elettronica, della medicina, dell'industria chimica, ecc.<\/p>\n<p><strong>4. Risparmio energetico e protezione dell'ambiente<\/strong><\/p>\n<p>Rispetto alle tradizionali apparecchiature a scambio ionico, il sistema EDI non richiede l'uso di acidi e alcali per la rigenerazione della resina. Pertanto, \u00e8 in grado di ridurre il consumo di acidi e alcali e lo scarico delle acque reflue, riducendo l'inquinamento ambientale.<\/p>\n<p><strong>5. Funzionamento stabile<\/strong><\/p>\n<p>Il sistema EDI non \u00e8 influenzato da condizioni esterne quali tempo, pressione e temperatura durante il funzionamento e la qualit\u00e0 dell'effluente \u00e8 stabile e affidabile. Non ci saranno fluttuazioni o cali nella qualit\u00e0 dell'acqua.<\/p>","protected":false},"excerpt":{"rendered":"<p>L'apparecchiatura EDI, in quanto dispositivo ecologico e innovativo che integra le tecnologie di elettrodeionizzazione e di scambio ionico, \u00e8 in grado di produrre continuamente acqua ultrapura di elevata purezza senza la necessit\u00e0 di rigenerazione chimica acido-base. Risolve completamente i problemi dei processi tradizionali di trattamento dell'acqua, come l'interruzione della produzione, lo scarico dell'inquinamento e i costi elevati, ed \u00e8 diventata la scelta principale per i moderni sistemi industriali di acqua ultrapura.<\/p>","protected":false},"featured_media":6796,"comment_status":"closed","ping_status":"closed","template":"","meta":{"_acf_changed":false,"site-sidebar-layout":"default","site-content-layout":"","ast-site-content-layout":"default","site-content-style":"default","site-sidebar-style":"default","ast-global-header-display":"","ast-banner-title-visibility":"","ast-main-header-display":"","ast-hfb-above-header-display":"","ast-hfb-below-header-display":"","ast-hfb-mobile-header-display":"","site-post-title":"","ast-breadcrumbs-content":"","ast-featured-img":"","footer-sml-layout":"","ast-disable-related-posts":"","theme-transparent-header-meta":"default","adv-header-id-meta":"","stick-header-meta":"default","header-above-stick-meta":"","header-main-stick-meta":"","header-below-stick-meta":"","astra-migrate-meta-layouts":"set","ast-page-background-enabled":"default","ast-page-background-meta":{"desktop":{"background-color":"var(--ast-global-color-5)","background-image":"","background-repeat":"repeat","background-position":"center center","background-size":"auto","background-attachment":"scroll","background-type":"","background-media":"","overlay-type":"","overlay-color":"","overlay-opacity":"","overlay-gradient":""},"tablet":{"background-color":"","background-image":"","background-repeat":"repeat","background-position":"center center","background-size":"auto","background-attachment":"scroll","background-type":"","background-media":"","overlay-type":"","overlay-color":"","overlay-opacity":"","overlay-gradient":""},"mobile":{"background-color":"","background-image":"","background-repeat":"repeat","background-position":"center center","background-size":"auto","background-attachment":"scroll","background-type":"","background-media":"","overlay-type":"","overlay-color":"","overlay-opacity":"","overlay-gradient":""}},"ast-content-background-meta":{"desktop":{"background-color":"var(--ast-global-color-4)","background-image":"","background-repeat":"repeat","background-position":"center center","background-size":"auto","background-attachment":"scroll","background-type":"","background-media":"","overlay-type":"","overlay-color":"","overlay-opacity":"","overlay-gradient":""},"tablet":{"background-color":"var(--ast-global-color-4)","background-image":"","background-repeat":"repeat","background-position":"center center","background-size":"auto","background-attachment":"scroll","background-type":"","background-media":"","overlay-type":"","overlay-color":"","overlay-opacity":"","overlay-gradient":""},"mobile":{"background-color":"var(--ast-global-color-4)","background-image":"","background-repeat":"repeat","background-position":"center center","background-size":"auto","background-attachment":"scroll","background-type":"","background-media":"","overlay-type":"","overlay-color":"","overlay-opacity":"","overlay-gradient":""}}},"product_brand":[145],"product_cat":[81],"product_tag":[97],"class_list":{"0":"post-2589","1":"product","2":"type-product","3":"status-publish","4":"has-post-thumbnail","6":"product_brand-xinjieyuan","7":"product_cat-water-treatment-equipment","8":"product_tag-edi-system-electrodeionization","9":"desktop-align-center","10":"tablet-align-center","11":"mobile-align-center","13":"first","14":"instock","15":"shipping-taxable","16":"purchasable","17":"product-type-simple"},"acf":[],"_links":{"self":[{"href":"https:\/\/xjyco.com\/it\/wp-json\/wp\/v2\/product\/2589","targetHints":{"allow":["GET"]}}],"collection":[{"href":"https:\/\/xjyco.com\/it\/wp-json\/wp\/v2\/product"}],"about":[{"href":"https:\/\/xjyco.com\/it\/wp-json\/wp\/v2\/types\/product"}],"replies":[{"embeddable":true,"href":"https:\/\/xjyco.com\/it\/wp-json\/wp\/v2\/comments?post=2589"}],"wp:featuredmedia":[{"embeddable":true,"href":"https:\/\/xjyco.com\/it\/wp-json\/wp\/v2\/media\/6796"}],"wp:attachment":[{"href":"https:\/\/xjyco.com\/it\/wp-json\/wp\/v2\/media?parent=2589"}],"wp:term":[{"taxonomy":"product_brand","embeddable":true,"href":"https:\/\/xjyco.com\/it\/wp-json\/wp\/v2\/product_brand?post=2589"},{"taxonomy":"product_cat","embeddable":true,"href":"https:\/\/xjyco.com\/it\/wp-json\/wp\/v2\/product_cat?post=2589"},{"taxonomy":"product_tag","embeddable":true,"href":"https:\/\/xjyco.com\/it\/wp-json\/wp\/v2\/product_tag?post=2589"}],"curies":[{"name":"wp","href":"https:\/\/api.w.org\/{rel}","templated":true}]}}