{"id":2459,"date":"2025-09-08T08:56:32","date_gmt":"2025-09-08T08:56:32","guid":{"rendered":"https:\/\/xjyco.com\/?post_type=product&#038;p=2459"},"modified":"2026-04-28T03:21:14","modified_gmt":"2026-04-28T03:21:14","slug":"seawater-reverse-osmosis-systems","status":"publish","type":"product","link":"https:\/\/xjyco.com\/pt\/product\/seawater-reverse-osmosis-systems\/","title":{"rendered":"Sistemas de Osmose Inversa de \u00c1gua do Mar"},"content":{"rendered":"<h2 style=\"text-align: center;\">1. O que s\u00e3o sistemas de osmose inversa de \u00e1gua do mar?<\/h2>\n<p>Os sistemas de osmose inversa de \u00e1gua do mar de n\u00edvel industrial utilizam a tecnologia de separa\u00e7\u00e3o f\u00edsica por osmose inversa para produzir \u00e1gua pura especificamente para aplica\u00e7\u00f5es industriais e de abastecimento de \u00e1gua em grande escala. Concebidos para lidar com as caracter\u00edsticas \u00fanicas da \u00e1gua do mar \u2014 incluindo a elevada salinidade, a forte corrosividade e os perfis complexos de impurezas \u2014, estes sistemas n\u00e3o requerem mudan\u00e7as de fase qu\u00edmicas. Em vez disso, dependem exclusivamente de processos impulsionados pela press\u00e3o para converter a \u00e1gua do mar e a \u00e1gua salobra em \u00e1gua doce com baixo teor de s\u00f3lidos totais dissolvidos (TDS) que cumpre as normas regulamentares. Desta forma, constituem equipamentos essenciais e ecologicamente corretos para resolver a escassez de \u00e1gua doce nas regi\u00f5es costeiras e mar\u00edtimas.<\/p>\n<p><img fetchpriority=\"high\" decoding=\"async\" class=\"aligncenter wp-image-8590 size-full\" src=\"https:\/\/xjyco.com\/wp-content\/uploads\/2025\/09\/reverse-osmosis-equipment-manufacturer.jpg\" alt=\"Fabricante de sistemas de osmose inversa\" width=\"1024\" height=\"400\" title=\"\" srcset=\"https:\/\/xjyco.com\/wp-content\/uploads\/2025\/09\/reverse-osmosis-equipment-manufacturer.jpg 1024w, https:\/\/xjyco.com\/wp-content\/uploads\/2025\/09\/reverse-osmosis-equipment-manufacturer-300x117.jpg 300w, https:\/\/xjyco.com\/wp-content\/uploads\/2025\/09\/reverse-osmosis-equipment-manufacturer-150x59.jpg 150w, https:\/\/xjyco.com\/wp-content\/uploads\/2025\/09\/reverse-osmosis-equipment-manufacturer-768x300.jpg 768w, https:\/\/xjyco.com\/wp-content\/uploads\/2025\/09\/reverse-osmosis-equipment-manufacturer-18x7.jpg 18w\" sizes=\"(max-width: 1024px) 100vw, 1024px\" \/><\/p>\n<h3>Cen\u00e1rios aplic\u00e1veis<\/h3>\n<p>Este sistema de osmose inversa da \u00e1gua do mar \u00e9 adequado para utiliza\u00e7\u00e3o sempre que haja escassez de \u00e1gua doce, os custos da \u00e1gua da torneira municipal sejam proibitivos, os n\u00edveis de salinidade da \u00e1gua subterr\u00e2nea excedam os limites permitidos, especificamente quando o TDS (S\u00f3lidos Totais Dissolvidos) da \u00e1gua bruta exceda 10.000 ppm (o intervalo t\u00edpico para \u00e1gua do mar ou \u00e1gua salobra) e n\u00e3o possa ser tratado eficazmente pelos sistemas convencionais de purifica\u00e7\u00e3o de \u00e1gua.<br \/>\nEste sistema \u00e9 particularmente adequado para cen\u00e1rios sem infraestruturas h\u00eddricas municipais ou localizados em ambientes remotos e em alto mar. Concebido para satisfazer as exig\u00eancias de condi\u00e7\u00f5es mar\u00edtimas extremas, opera\u00e7\u00f5es de abastecimento de \u00e1gua de emerg\u00eancia e necessidades cr\u00edticas de produ\u00e7\u00e3o industrial, \u00e9 capaz de fornecer um fluxo est\u00e1vel de \u00e1gua purificada at\u00e9 20 horas cont\u00ednuas. Ao transformar \u00e1gua do mar com alto teor de s\u00f3lidos totais dissolvidos (TDS) em \u00e1gua doce com baixo teor de TDS e que cumpre as normas regulamentares, apresenta-se como uma alternativa superior aos m\u00e9todos tradicionais de transporte e armazenamento de \u00e1gua doce, reduzindo significativamente os custos de abastecimento de \u00e1gua.<\/p>\n<p><img decoding=\"async\" class=\"aligncenter wp-image-8587 size-full\" src=\"https:\/\/xjyco.com\/wp-content\/uploads\/2025\/09\/application.jpg\" alt=\"aplica\u00e7\u00e3o\" width=\"1024\" height=\"1024\" title=\"\" srcset=\"https:\/\/xjyco.com\/wp-content\/uploads\/2025\/09\/application.jpg 1024w, https:\/\/xjyco.com\/wp-content\/uploads\/2025\/09\/application-300x300.jpg 300w, https:\/\/xjyco.com\/wp-content\/uploads\/2025\/09\/application-150x150.jpg 150w, https:\/\/xjyco.com\/wp-content\/uploads\/2025\/09\/application-768x768.jpg 768w, https:\/\/xjyco.com\/wp-content\/uploads\/2025\/09\/application-12x12.jpg 12w, https:\/\/xjyco.com\/wp-content\/uploads\/2025\/09\/application-100x100.jpg 100w\" sizes=\"(max-width: 1024px) 100vw, 1024px\" \/><\/p>\n<h2 style=\"text-align: center;\">2.\u00ba Em que consiste um sistema de osmose inversa de \u00e1gua do mar?<\/h2>\n<p>Os sistemas de osmose inversa para \u00e1gua do mar apresentam um design modular e integrado, utilizando componentes principais de marcas l\u00edderes. N\u00e3o cont\u00eam pe\u00e7as OEM de qualidade inferior, garantindo total rastreabilidade e apoio p\u00f3s-venda. Uma descri\u00e7\u00e3o detalhada dos componentes principais \u00e9 apresentada de seguida:<\/p>\n<ul>\n<li><strong>Unidade de capta\u00e7\u00e3o de \u00e1gua bruta<\/strong>: Compreender um <strong><span style=\"color: #339966;\"><em>Lingxiao<\/em><\/span><\/strong> com uma bomba centr\u00edfuga de grau mar\u00edtimo, uma v\u00e1lvula de p\u00e9 em a\u00e7o inoxid\u00e1vel, um pr\u00e9-filtro e juntas antivibra\u00e7\u00e3o, esta unidade \u00e9 respons\u00e1vel pela extra\u00e7\u00e3o est\u00e1vel de \u00e1gua do mar, oferecendo resist\u00eancia ao entupimento e prote\u00e7\u00e3o contra a corros\u00e3o, especificamente adaptadas para fontes de \u00e1gua marinha.<\/li>\n<li><strong>Unidade de filtra\u00e7\u00e3o de pr\u00e9-tratamento<\/strong>: Composta por um filtro de areia de quartzo, um filtro de carv\u00e3o ativado, um filtro de seguran\u00e7a de precis\u00e3o de 5 \u03bcm e um sistema autom\u00e1tico de dosagem de anticalc\u00e1rio, esta unidade realiza uma purifica\u00e7\u00e3o profunda da \u00e1gua bruta para proteger as membranas de osmose inversa e o corpo da bomba.<\/li>\n<li><strong>Unidade de pot\u00eancia de alta press\u00e3o<\/strong>: Apresentando uma bomba de alta press\u00e3o de m\u00faltiplos est\u00e1gios da <em><span style=\"color: #339966;\"><strong>CNP<\/strong><\/span><\/em> Equipada com um painel de controlo de frequ\u00eancia vari\u00e1vel, sensores de press\u00e3o e interruptores de prote\u00e7\u00e3o de alta\/baixa press\u00e3o, esta unidade fornece a energia de alta press\u00e3o necess\u00e1ria para o processo de dessaliniza\u00e7\u00e3o da \u00e1gua do mar.<\/li>\n<li><strong>Unidade Central de Dessaliniza\u00e7\u00e3o<\/strong>: Equipado com <strong><span style=\"color: #339966;\"><em>DOW<\/em><\/span><\/strong> com membranas de osmose inversa de grau mar\u00edtimo, inv\u00f3lucros de membrana resistentes \u00e0 corros\u00e3o, suportes de membrana e v\u00e1lvulas de reten\u00e7\u00e3o, esta unidade realiza a separa\u00e7\u00e3o precisa das mol\u00e9culas de \u00e1gua dos sais e impurezas.<\/li>\n<li><strong>Unidade de p\u00f3s-tratamento e tubagem:<\/strong> Inclui um tanque de armazenamento de \u00e1gua doce, um esterilizador UV (opcional), uma linha de descarga de concentrado, uma estrutura de equipamento resistente \u00e0 corros\u00e3o e tubagens e v\u00e1lvulas em a\u00e7o inoxid\u00e1vel\/UPVC resistentes \u00e0 corros\u00e3o \u2014 todos concebidos para suportar ambientes marinhos corrosivos e de elevada salinidade.<\/li>\n<\/ul>\n<p><img decoding=\"async\" class=\"aligncenter wp-image-8585 size-full\" src=\"https:\/\/xjyco.com\/wp-content\/uploads\/2025\/09\/reverse-osmosis-systems-components.jpg\" alt=\"Componentes de sistemas de osmose inversa\" width=\"1024\" height=\"1341\" title=\"\" srcset=\"https:\/\/xjyco.com\/wp-content\/uploads\/2025\/09\/reverse-osmosis-systems-components.jpg 1024w, https:\/\/xjyco.com\/wp-content\/uploads\/2025\/09\/reverse-osmosis-systems-components-229x300.jpg 229w, https:\/\/xjyco.com\/wp-content\/uploads\/2025\/09\/reverse-osmosis-systems-components-782x1024.jpg 782w, https:\/\/xjyco.com\/wp-content\/uploads\/2025\/09\/reverse-osmosis-systems-components-115x150.jpg 115w, https:\/\/xjyco.com\/wp-content\/uploads\/2025\/09\/reverse-osmosis-systems-components-768x1006.jpg 768w, https:\/\/xjyco.com\/wp-content\/uploads\/2025\/09\/reverse-osmosis-systems-components-9x12.jpg 9w, https:\/\/xjyco.com\/wp-content\/uploads\/2025\/09\/reverse-osmosis-systems-components-300x393.jpg 300w\" sizes=\"(max-width: 1024px) 100vw, 1024px\" \/><\/p>\n<p><strong>Detalhes do servi\u00e7o de personaliza\u00e7\u00e3o:<\/strong> Todos os componentes dos sistemas de osmose inversa de \u00e1gua do mar podem ser personalizados para marcas espec\u00edficas, de acordo com as necessidades do cliente, indo al\u00e9m da nossa gama padr\u00e3o de componentes das principais marcas. Al\u00e9m disso, suportamos a personaliza\u00e7\u00e3o para diversas tens\u00f5es e frequ\u00eancias (Hz), garantindo uma perfeita compatibilidade com as normas das redes el\u00e9tricas em todo o mundo, sistemas de energia mar\u00edtima especializados e ambientes de funcionamento \u00fanicos \u2014 proporcionando a m\u00e1xima adaptabilidade.<\/p>\n<p><img loading=\"lazy\" decoding=\"async\" class=\"aligncenter wp-image-8588 size-full\" src=\"https:\/\/xjyco.com\/wp-content\/uploads\/2025\/09\/customized-water-treatment-equipment.jpg\" alt=\"Equipamentos de tratamento de \u00e1gua personalizados\" width=\"1024\" height=\"1024\" title=\"\" srcset=\"https:\/\/xjyco.com\/wp-content\/uploads\/2025\/09\/customized-water-treatment-equipment.jpg 1024w, https:\/\/xjyco.com\/wp-content\/uploads\/2025\/09\/customized-water-treatment-equipment-300x300.jpg 300w, https:\/\/xjyco.com\/wp-content\/uploads\/2025\/09\/customized-water-treatment-equipment-150x150.jpg 150w, https:\/\/xjyco.com\/wp-content\/uploads\/2025\/09\/customized-water-treatment-equipment-768x768.jpg 768w, https:\/\/xjyco.com\/wp-content\/uploads\/2025\/09\/customized-water-treatment-equipment-12x12.jpg 12w, https:\/\/xjyco.com\/wp-content\/uploads\/2025\/09\/customized-water-treatment-equipment-100x100.jpg 100w\" sizes=\"(max-width: 1024px) 100vw, 1024px\" \/><\/p>\n<h2 style=\"text-align: center;\">3. Fluxo de trabalho normalizado para sistemas de osmose inversa de \u00e1gua do mar<\/h2>\n<h3>3.1 Princ\u00edpios Operacionais Essenciais<\/h3>\n<p>O sistema de osmose inversa da \u00e1gua do mar utiliza a tecnologia de OR: na natureza, as mol\u00e9culas de \u00e1gua passam espontaneamente atrav\u00e9s de uma membrana semiperme\u00e1vel, fluindo de uma \u00e1rea de menor concentra\u00e7\u00e3o de soluto para uma de maior concentra\u00e7\u00e3o \u2014 um fen\u00f3meno conhecido como osmose. A osmose inversa, por sua vez, emprega uma bomba de alta press\u00e3o para aplicar uma press\u00e3o significativamente superior \u00e0 press\u00e3o osm\u00f3tica da \u00e1gua do mar (tipicamente 50\u201365 bar), revertendo assim este processo natural.<br \/>\nImpulsionadas por esta elevada press\u00e3o, apenas as mol\u00e9culas de \u00e1gua \u2014 devido ao seu di\u00e2metro extremamente pequeno \u2014 conseguem passar atrav\u00e9s dos poros microsc\u00f3picos das membranas de osmose inversa para \u00e1gua do mar da DOW. As impurezas presentes na \u00e1gua do mar \u2014 como o cloreto de s\u00f3dio, os metais pesados, os microrganismos e os col\u00f3ides \u2014 s\u00e3o completamente retidas, resultando numa separa\u00e7\u00e3o eficiente da \u00e1gua doce da salmoura concentrada. Todo o processo n\u00e3o gera polui\u00e7\u00e3o secund\u00e1ria e mant\u00e9m uma taxa de dessaliniza\u00e7\u00e3o est\u00e1vel de \u226597%. \u00c9 capaz de purificar \u00e1gua do mar bruta com um n\u00edvel de S\u00f3lidos Totais Dissolvidos (STD) que varia entre 10.000 a 35.000 ppm, transformando-a em \u00e1gua com STD \u2264200 ppm, cumprindo assim os padr\u00f5es de \u00e1gua pot\u00e1vel para uso dom\u00e9stico e industrial. De facto, o n\u00edvel de STD da \u00e1gua tratada est\u00e1 muito abaixo dos limites estabelecidos para a \u00e1gua pot\u00e1vel e para a \u00e1gua pura para uso industrial.<\/p>\n<h3>3.2 Fluxo de trabalho totalmente automatizado<\/h3>\n<ol>\n<li><strong>Extra\u00e7\u00e3o e pr\u00e9-tratamento de \u00e1gua bruta<\/strong>: A \u00e1gua do mar \u00e9 extra\u00edda e submetida a um processo de filtra\u00e7\u00e3o em tr\u00eas etapas, juntamente com a inje\u00e7\u00e3o de um antincrustante, para remover sedimentos, algas e mat\u00e9ria org\u00e2nica. Isto garante que a turbidez da \u00e1gua de entrada se mant\u00e9m \u2264 1 NTU, cumprindo assim os requisitos espec\u00edficos de entrada para o sistema de osmose inversa.<\/li>\n<li><strong>Aumento e fornecimento de alta press\u00e3o<\/strong>: A \u00e1gua do mar pr\u00e9-tratada \u2014 que agora cumpre as normas de qualidade \u2014 \u00e9 pressurizada at\u00e9 \u00e0 sua press\u00e3o nominal de funcionamento por uma bomba de alta press\u00e3o e fornecida suavemente aos m\u00f3dulos de membrana, garantindo um fluxo livre de flutua\u00e7\u00f5es de press\u00e3o.<\/li>\n<li><strong>Dessaliniza\u00e7\u00e3o e produ\u00e7\u00e3o de \u00e1gua por osmose inversa<\/strong>: A \u00e1gua do mar sob alta press\u00e3o passa atrav\u00e9s das membranas de osmose inversa para gerar \u00e1gua doce, enquanto a salmoura concentrada \u00e9 descartada atrav\u00e9s de uma conduta espec\u00edfica, em conformidade com as normas ambientais.<\/li>\n<li><strong>Prote\u00e7\u00e3o e descarga automatizadas<\/strong>: O sistema realiza automaticamente uma lavagem a baixa press\u00e3o das superf\u00edcies da membrana durante as sequ\u00eancias de arranque e paragem. Al\u00e9m disso, inicia automaticamente uma paragem de emerg\u00eancia em caso de anomalias de alta ou baixa press\u00e3o, sobrecargas do motor ou interrup\u00e7\u00f5es no abastecimento de \u00e1gua, protegendo assim os componentes principais.<\/li>\n<li><strong>Manuten\u00e7\u00e3o e limpeza peri\u00f3dicas<\/strong>: Com base nas condi\u00e7\u00f5es operacionais em tempo real, \u00e9 iniciado um ciclo de limpeza qu\u00edmica para remover os contaminantes persistentes acumulados nas superf\u00edcies da membrana, restaurando assim o desempenho de dessaliniza\u00e7\u00e3o do sistema.<\/li>\n<\/ol>\n<p><img loading=\"lazy\" decoding=\"async\" class=\"aligncenter wp-image-4390 size-large\" src=\"https:\/\/xjyco.com\/wp-content\/uploads\/2025\/10\/solar-seawater-desalination-machine-process-1024x768.jpg\" alt=\"processo da m\u00e1quina solar de dessaliniza\u00e7\u00e3o da \u00e1gua do mar\" width=\"1024\" height=\"768\" title=\"\" srcset=\"https:\/\/xjyco.com\/wp-content\/uploads\/2025\/10\/solar-seawater-desalination-machine-process-1024x768.jpg 1024w, https:\/\/xjyco.com\/wp-content\/uploads\/2025\/10\/solar-seawater-desalination-machine-process-300x225.jpg 300w, https:\/\/xjyco.com\/wp-content\/uploads\/2025\/10\/solar-seawater-desalination-machine-process-150x113.jpg 150w, https:\/\/xjyco.com\/wp-content\/uploads\/2025\/10\/solar-seawater-desalination-machine-process-768x576.jpg 768w, https:\/\/xjyco.com\/wp-content\/uploads\/2025\/10\/solar-seawater-desalination-machine-process-1536x1152.jpg 1536w, https:\/\/xjyco.com\/wp-content\/uploads\/2025\/10\/solar-seawater-desalination-machine-process-2048x1536.jpg 2048w\" sizes=\"(max-width: 1024px) 100vw, 1024px\" \/><\/p>\n<h2 style=\"text-align: center;\">4. Ind\u00fastrias aplic\u00e1veis \u200b\u200baos sistemas de osmose inversa de \u00e1gua do mar<\/h2>\n<p>Ambientes insulares\/mar\u00edtimos: \u00c1gua pot\u00e1vel para os residentes das ilhas (cumprindo as normas TDS para consumo direto), abastecimento de \u00e1gua \u00e0s guarni\u00e7\u00f5es militares e apoio \u00e0 infraestrutura h\u00eddrica para o desenvolvimento do turismo insular.<\/p>\n<p>Setor Mar\u00edtimo\/Portu\u00e1rio: Reabastecimento de \u00e1gua doce para embarca\u00e7\u00f5es de longo curso, abastecimento de \u00e1gua para opera\u00e7\u00f5es portu\u00e1rias e atividades industriais, e fornecimento di\u00e1rio de \u00e1gua para manuten\u00e7\u00e3o e gest\u00e3o de cais.<\/p>\n<p>Produ\u00e7\u00e3o Industrial Costeira: Prepara\u00e7\u00e3o de \u00e1gua de processo (alta pureza) e \u00e1gua de alimenta\u00e7\u00e3o de caldeiras para as ind\u00fastrias qu\u00edmica, de galvanoplastia, eletr\u00f3nica e de alimentos e bebidas.<\/p>\n<p>Aquacultura e Pesca: \u00c1gua purificada para aquacultura em \u00e1gua salgada e abastecimento de \u00e1gua doce para processamento e produ\u00e7\u00e3o de produtos do mar.<\/p>\n<p>Resposta e apoio de emerg\u00eancia: Fornecimento de \u00e1gua de emerg\u00eancia \u00e0s regi\u00f5es costeiras afetadas pela seca, fornecimento tempor\u00e1rio de \u00e1gua doce ap\u00f3s desastres naturais e abastecimento de \u00e1gua a estaleiros de constru\u00e7\u00e3o remotos.<\/p>\n<p>Purifica\u00e7\u00e3o de \u00e1gua salobra: Dessaliniza\u00e7\u00e3o e purifica\u00e7\u00e3o de \u00e1guas subterr\u00e2neas costeiras com elevada salinidade e de fontes de \u00e1gua que se encontram em solos salino-alcalinos.<\/p>\n<h2 style=\"text-align: center;\">5. Porqu\u00ea escolher XinJieYuan?<\/h2>\n<div style=\"display: inline-flex; align-items: center; background-color: #fff3e6; border: 2px solid #a5e9a5; border-radius: 12px; padding: 16px 24px; gap: 12px; margin: 20px 0;\">\n<p><!-- \u7eff\u8272\u5bf9\u52fe\u56fe\u6807 --><\/p>\n<div style=\"width: 36px; height: 36px; background-color: #00b800; border: 2px solid #000; border-radius: 4px; display: flex; align-items: center; justify-content: center; flex-shrink: 0;\">\n<div style=\"width: 18px; height: 9px; border-left: 3px solid #fff; border-bottom: 3px solid #fff; transform: rotate(-45deg);\"><\/div>\n<\/div>\n<p><!-- \u6838\u5fc3\u4f18\u52bf\u6587\u5b57\uff08\u5b57\u4f53\u5927\u5c0f\u8c03\u6574\u4e3a20px\uff0c\u66f4\u9002\u4e2d\uff09 --><\/p>\n<div style=\"font-size: 15px; font-weight: bold; color: #000; line-height: 1.4; text-shadow: 1px 1px 2px rgba(0,0,0,0.1);\">Principais vantagens: Componentes de alta especifica\u00e7\u00e3o + Fabrico profissional + Suporte p\u00f3s-venda sem preocupa\u00e7\u00f5es + Est\u00e1vel e dur\u00e1vel<\/div>\n<\/div>\n<p><!-- \u79fb\u52a8\u7aef\u9002\u914d\uff08\u79fb\u52a8\u7aef\u5b57\u4f53\u518d\u7f29\u5c0f\u523016px\uff09 --><\/p>\n<p><strong>Componentes principais de marcas premium<\/strong>: Equipado com componentes de alta qualidade \u2014 incluindo membranas de osmose inversa de \u00e1gua do mar da DOW para dessaliniza\u00e7\u00e3o, bombas de alta press\u00e3o multiest\u00e1gio da CNP e bombas de \u00e1gua bruta da Lingxiao para capta\u00e7\u00e3o \u2014 o nosso sistema utiliza pe\u00e7as genu\u00ednas com certifica\u00e7\u00e3o de f\u00e1brica. Estes componentes s\u00e3o altamente resistentes \u00e0 corros\u00e3o da \u00e1gua do mar e apresentam uma taxa de falhas excecionalmente baixa.<\/p>\n<p><strong>Desempenho de dessaliniza\u00e7\u00e3o est\u00e1vel e fi\u00e1vel<\/strong>: Com uma taxa de dessaliniza\u00e7\u00e3o de \u226597%, os sistemas de osmose inversa de \u00e1gua do mar fornecem \u00e1gua de alta qualidade de forma consistente, com n\u00edveis de TDS (s\u00f3lidos totais dissolvidos) control\u00e1veis \u200b\u200bque cumprem todas as normas regulamentares. S\u00e3o ideais para uma vasta gama de aplica\u00e7\u00f5es exigentes em termos de qualidade da \u00e1gua, desde o abastecimento direto de \u00e1gua pot\u00e1vel at\u00e9 \u00e0 \u00e1gua para processos industriais.<\/p>\n<p><strong>Design abrangente anticorrosivo<\/strong>: Todas as tubagens, estruturas e v\u00e1lvulas s\u00e3o constru\u00eddas com materiais resistentes \u00e0 corros\u00e3o para suportar eficazmente os efeitos corrosivos dos i\u00f5es cloreto na \u00e1gua do mar. Este design robusto garante um funcionamento est\u00e1vel e a longo prazo, mesmo em ambientes exteriores agressivos, caracterizados por elevadas concentra\u00e7\u00f5es de n\u00e9voa salina.<\/p>\n<p><strong>Altamente adapt\u00e1vel e personaliz\u00e1vel<\/strong>: Os sistemas de osmose inversa de \u00e1gua do mar oferecem amplas op\u00e7\u00f5es de personaliza\u00e7\u00e3o para satisfazer diferentes capacidades de produ\u00e7\u00e3o e requisitos de instala\u00e7\u00e3o. Seja em configura\u00e7\u00f5es contentorizadas, m\u00f3veis ou fixas, s\u00e3o concebidos para satisfazer as necessidades espec\u00edficas de qualquer local de opera\u00e7\u00e3o.<\/p>\n<p><strong>Suporte p\u00f3s-venda para todo o ciclo de vida do produto<\/strong>: Cada unidade passa por rigorosos testes operacionais simulados antes do envio. Oferecemos visitas t\u00e9cnicas, forma\u00e7\u00e3o de operadores e assist\u00eancia t\u00e9cnica gratuitos, com o suporte de um servi\u00e7o de resposta r\u00e1pida 24 horas e garantia total para todos os componentes principais.<\/p>\n<p><strong>Custo-benef\u00edcio e efici\u00eancia energ\u00e9tica<\/strong>: Com uma elevada taxa de recupera\u00e7\u00e3o de \u00e1gua e um baixo consumo de energia, o sistema requer a substitui\u00e7\u00e3o pouco frequente de consum\u00edveis. Consequentemente, os seus custos totais de opera\u00e7\u00e3o e manuten\u00e7\u00e3o ao longo do ciclo de vida s\u00e3o significativamente inferiores aos dos produtos similares existentes no mercado.<\/p>\n<p><span style=\"color: #339966;\"><em>Nota: Capacidades n\u00e3o normalizadas, n\u00edveis de resist\u00eancia \u00e0 corros\u00e3o, precis\u00e3o de controlo e padr\u00f5es de TDS (s\u00f3lidos totais dissolvidos) mais baixos na \u00e1gua produzida podem ser personalizados de acordo com as condi\u00e7\u00f5es do local do cliente, os n\u00edveis de TDS da \u00e1gua bruta e as especifica\u00e7\u00f5es da fonte de alimenta\u00e7\u00e3o. Est\u00e3o dispon\u00edveis caracter\u00edsticas opcionais, como osmose inversa de duas fases e dispositivos de recupera\u00e7\u00e3o de energia, para satisfazer os requisitos de projetos de alta tecnologia.<\/em><\/span><\/p>\n<p><img loading=\"lazy\" decoding=\"async\" class=\"aligncenter wp-image-8589 size-full\" src=\"https:\/\/xjyco.com\/wp-content\/uploads\/2025\/09\/certificate.jpeg\" alt=\"certificado\" width=\"1024\" height=\"410\" title=\"\" srcset=\"https:\/\/xjyco.com\/wp-content\/uploads\/2025\/09\/certificate.jpeg 1024w, https:\/\/xjyco.com\/wp-content\/uploads\/2025\/09\/certificate-300x120.jpeg 300w, https:\/\/xjyco.com\/wp-content\/uploads\/2025\/09\/certificate-150x60.jpeg 150w, https:\/\/xjyco.com\/wp-content\/uploads\/2025\/09\/certificate-768x308.jpeg 768w, https:\/\/xjyco.com\/wp-content\/uploads\/2025\/09\/certificate-18x7.jpeg 18w\" sizes=\"(max-width: 1024px) 100vw, 1024px\" \/><\/p>\n<p>Se tiver interesse nestes sistemas de osmose inversa de \u00e1gua do mar, por favor contacte-nos <a href=\"https:\/\/xjyco.com\/pt\/contact\/\" target=\"_blank\" rel=\"noopener\"><span style=\"color: #339966;\"><strong>XinJieYuan<\/strong><\/span><\/a> a qualquer hora.<\/p>","protected":false},"excerpt":{"rendered":"<p>Os sistemas de osmose inversa de \u00e1gua do mar de n\u00edvel industrial empregam a tecnologia de separa\u00e7\u00e3o f\u00edsica RO para converter \u00e1gua do mar e \u00e1gua salobra em \u00e1gua doce pot\u00e1vel \u2014 sem sofrer quaisquer transi\u00e7\u00f5es de fase qu\u00edmica \u2014 servindo como um equipamento ecol\u00f3gico essencial para lidar com a escassez de \u00e1gua em regi\u00f5es costeiras e mar\u00edtimas.<\/p>","protected":false},"featured_media":8614,"comment_status":"open","ping_status":"closed","template":"","meta":{"_acf_changed":false,"site-sidebar-layout":"default","site-content-layout":"","ast-site-content-layout":"full-width-container","site-content-style":"boxed","site-sidebar-style":"default","ast-global-header-display":"","ast-banner-title-visibility":"","ast-main-header-display":"","ast-hfb-above-header-display":"","ast-hfb-below-header-display":"","ast-hfb-mobile-header-display":"","site-post-title":"","ast-breadcrumbs-content":"","ast-featured-img":"","footer-sml-layout":"","ast-disable-related-posts":"","theme-transparent-header-meta":"default","adv-header-id-meta":"","stick-header-meta":"default","header-above-stick-meta":"","header-main-stick-meta":"","header-below-stick-meta":"","astra-migrate-meta-layouts":"set","ast-page-background-enabled":"default","ast-page-background-meta":{"desktop":{"background-color":"var(--ast-global-color-5)","background-image":"","background-repeat":"repeat","background-position":"center center","background-size":"auto","background-attachment":"scroll","background-type":"","background-media":"","overlay-type":"","overlay-color":"","overlay-opacity":"","overlay-gradient":""},"tablet":{"background-color":"","background-image":"","background-repeat":"repeat","background-position":"center center","background-size":"auto","background-attachment":"scroll","background-type":"","background-media":"","overlay-type":"","overlay-color":"","overlay-opacity":"","overlay-gradient":""},"mobile":{"background-color":"","background-image":"","background-repeat":"repeat","background-position":"center center","background-size":"auto","background-attachment":"scroll","background-type":"","background-media":"","overlay-type":"","overlay-color":"","overlay-opacity":"","overlay-gradient":""}},"ast-content-background-meta":{"desktop":{"background-color":"var(--ast-global-color-4)","background-image":"","background-repeat":"repeat","background-position":"center center","background-size":"auto","background-attachment":"scroll","background-type":"","background-media":"","overlay-type":"","overlay-color":"","overlay-opacity":"","overlay-gradient":""},"tablet":{"background-color":"var(--ast-global-color-4)","background-image":"","background-repeat":"repeat","background-position":"center center","background-size":"auto","background-attachment":"scroll","background-type":"","background-media":"","overlay-type":"","overlay-color":"","overlay-opacity":"","overlay-gradient":""},"mobile":{"background-color":"var(--ast-global-color-4)","background-image":"","background-repeat":"repeat","background-position":"center center","background-size":"auto","background-attachment":"scroll","background-type":"","background-media":"","overlay-type":"","overlay-color":"","overlay-opacity":"","overlay-gradient":""}}},"product_brand":[145],"product_cat":[81],"product_tag":[83],"class_list":{"0":"post-2459","1":"product","2":"type-product","3":"status-publish","4":"has-post-thumbnail","6":"product_brand-xinjieyuan","7":"product_cat-water-treatment-equipment","8":"product_tag-seawater-reverse-osmosis-systems","9":"desktop-align-center","10":"tablet-align-center","11":"mobile-align-center","13":"first","14":"instock","15":"shipping-taxable","16":"purchasable","17":"product-type-simple"},"acf":[],"_links":{"self":[{"href":"https:\/\/xjyco.com\/pt\/wp-json\/wp\/v2\/product\/2459","targetHints":{"allow":["GET"]}}],"collection":[{"href":"https:\/\/xjyco.com\/pt\/wp-json\/wp\/v2\/product"}],"about":[{"href":"https:\/\/xjyco.com\/pt\/wp-json\/wp\/v2\/types\/product"}],"replies":[{"embeddable":true,"href":"https:\/\/xjyco.com\/pt\/wp-json\/wp\/v2\/comments?post=2459"}],"wp:featuredmedia":[{"embeddable":true,"href":"https:\/\/xjyco.com\/pt\/wp-json\/wp\/v2\/media\/8614"}],"wp:attachment":[{"href":"https:\/\/xjyco.com\/pt\/wp-json\/wp\/v2\/media?parent=2459"}],"wp:term":[{"taxonomy":"product_brand","embeddable":true,"href":"https:\/\/xjyco.com\/pt\/wp-json\/wp\/v2\/product_brand?post=2459"},{"taxonomy":"product_cat","embeddable":true,"href":"https:\/\/xjyco.com\/pt\/wp-json\/wp\/v2\/product_cat?post=2459"},{"taxonomy":"product_tag","embeddable":true,"href":"https:\/\/xjyco.com\/pt\/wp-json\/wp\/v2\/product_tag?post=2459"}],"curies":[{"name":"wp","href":"https:\/\/api.w.org\/{rel}","templated":true}]}}