{"id":2560,"date":"2025-09-09T02:22:16","date_gmt":"2025-09-09T02:22:16","guid":{"rendered":"https:\/\/xjyco.com\/?post_type=product&#038;p=2560"},"modified":"2026-04-26T13:30:42","modified_gmt":"2026-04-26T13:30:42","slug":"brackish-water-desalination-plant","status":"publish","type":"product","link":"https:\/\/xjyco.com\/pt\/product\/brackish-water-desalination-plant\/","title":{"rendered":"Instala\u00e7\u00e3o de dessaliniza\u00e7\u00e3o de \u00e1gua salobra"},"content":{"rendered":"<p>Esta instala\u00e7\u00e3o de dessaliniza\u00e7\u00e3o de \u00e1gua salobra pode efetivamente remover componentes nocivos, tais como sais inorg\u00e2nicos, metais pesados, mat\u00e9ria org\u00e2nica e bact\u00e9rias na \u00e1gua salobra. Por isso, \u00e9 importante conseguir a dessaliniza\u00e7\u00e3o da \u00e1gua atrav\u00e9s da triagem. E \u00e9 capaz de fornecer \u00e1gua pot\u00e1vel que atende aos padr\u00f5es nacionais de \u00e1gua pot\u00e1vel. Entretanto, o sistema de dessaliniza\u00e7\u00e3o tem baixo consumo de energia, sem polui\u00e7\u00e3o secund\u00e1ria. Porque utilizamos um sistema de controlo autom\u00e1tico avan\u00e7ado para garantir um funcionamento est\u00e1vel e uma elevada efici\u00eancia e poupan\u00e7a de energia.<\/p>\n<p>A \u00e1gua salobra refere-se \u00e0 \u00e1gua com um elevado teor de sal (normalmente salinidade entre 0,5 - 3%). Tem um sabor amargo e n\u00e3o pode ser bebida diretamente ou utilizada em muitos processos de produ\u00e7\u00e3o industrial e agr\u00edcola. No entanto, \u00e9 poss\u00edvel dessalinizar este tipo de \u00e1gua salobra, remover o sal e as impurezas e produzir \u00e1gua doce.<\/p>\n<h2><strong><b>Como funcionam as instala\u00e7\u00f5es de dessaliniza\u00e7\u00e3o da \u00e1gua do mar e da \u00e1gua salobra?<\/b><\/strong><\/h2>\n<h3>1. fase de pr\u00e9-tratamento<\/h3>\n<p>Em primeiro lugar, um filtro multim\u00e9dia filtra sequencialmente a \u00e1gua salobra para remover part\u00edculas grandes e reduzir a turva\u00e7\u00e3o. Al\u00e9m disso, um filtro de carv\u00e3o ativado absorve as subst\u00e2ncias nocivas e protege a membrana. Por \u00faltimo, um filtro de seguran\u00e7a intercepta as impurezas finas para garantir a limpeza da \u00e1gua que entra no sistema de osmose inversa.<\/p>\n<h3>2. fase de tratamento por osmose inversa<\/h3>\n<p>Em segundo lugar, a \u00e1gua salobra pr\u00e9-tratada \u00e9 pressurizada por uma bomba de alta press\u00e3o e entra no conjunto da membrana de osmose inversa. Sob a diferen\u00e7a de press\u00e3o em ambos os lados da membrana semiperme\u00e1vel, as mol\u00e9culas de \u00e1gua passam atrav\u00e9s da membrana semiperme\u00e1vel. Assim, consegue-se a separa\u00e7\u00e3o da \u00e1gua e das impurezas para obter \u00e1gua doce de baixa salinidade.<\/p>\n<h3>3. fase p\u00f3s-tratamento<\/h3>\n<p>Por \u00faltimo, a \u00e1gua doce ap\u00f3s o tratamento por osmose inversa, de acordo com os requisitos de qualidade da \u00e1gua, utiliza um dispositivo de permuta i\u00f3nica para remover i\u00f5es de c\u00e1lcio e magn\u00e9sio para evitar incrusta\u00e7\u00f5es quando os requisitos de dureza s\u00e3o rigorosos, e utiliza esterilizadores ultravioleta ou geradores de ozono para esterilizar e desinfetar quando existem requisitos de indicadores microbianos para cumprir as normas de higiene.<\/p>\n<h3><a href=\"https:\/\/xjyco.com\/wp-content\/uploads\/2025\/09\/Brackish-Water-Reverse-Osmosis-Systems-process.png\"><br \/>\n<img fetchpriority=\"high\" decoding=\"async\" class=\"aligncenter wp-image-2561 size-large\" src=\"https:\/\/xjyco.com\/wp-content\/uploads\/2025\/09\/Brackish-Water-Reverse-Osmosis-Systems-process-1024x719.png\" alt=\"Sistemas de osmose inversa para \u00e1gua salobra processo\" width=\"1024\" height=\"719\" title=\"\" srcset=\"https:\/\/xjyco.com\/wp-content\/uploads\/2025\/09\/Brackish-Water-Reverse-Osmosis-Systems-process-1024x719.png 1024w, https:\/\/xjyco.com\/wp-content\/uploads\/2025\/09\/Brackish-Water-Reverse-Osmosis-Systems-process-300x211.png 300w, https:\/\/xjyco.com\/wp-content\/uploads\/2025\/09\/Brackish-Water-Reverse-Osmosis-Systems-process-768x539.png 768w, https:\/\/xjyco.com\/wp-content\/uploads\/2025\/09\/Brackish-Water-Reverse-Osmosis-Systems-process.png 1264w\" sizes=\"(max-width: 1024px) 100vw, 1024px\" \/><\/a><\/h3>\n<h2><strong><b>Como \u00e9 que <\/b><\/strong><strong><b>f\u00e1brica de dessaliniza\u00e7\u00e3o de \u00e1gua salobra <\/b><\/strong><b><\/b><strong><b>como \u00e9?<\/b><\/strong><\/h2>\n<p><a href=\"https:\/\/xjyco.com\/wp-content\/uploads\/2025\/09\/Brackish-Water-Reverse-Osmosis-Systems.png\"><img decoding=\"async\" class=\"aligncenter wp-image-2562 size-large\" src=\"https:\/\/xjyco.com\/wp-content\/uploads\/2025\/09\/Brackish-Water-Reverse-Osmosis-Systems-1024x1024.png\" alt=\"Sistemas de osmose inversa para \u00e1gua salobra\" width=\"1024\" height=\"1024\" title=\"\" srcset=\"https:\/\/xjyco.com\/wp-content\/uploads\/2025\/09\/Brackish-Water-Reverse-Osmosis-Systems-1024x1024.png 1024w, https:\/\/xjyco.com\/wp-content\/uploads\/2025\/09\/Brackish-Water-Reverse-Osmosis-Systems-300x300.png 300w, https:\/\/xjyco.com\/wp-content\/uploads\/2025\/09\/Brackish-Water-Reverse-Osmosis-Systems-100x100.png 100w, https:\/\/xjyco.com\/wp-content\/uploads\/2025\/09\/Brackish-Water-Reverse-Osmosis-Systems-150x150.png 150w, https:\/\/xjyco.com\/wp-content\/uploads\/2025\/09\/Brackish-Water-Reverse-Osmosis-Systems-768x768.png 768w, https:\/\/xjyco.com\/wp-content\/uploads\/2025\/09\/Brackish-Water-Reverse-Osmosis-Systems-1536x1536.png 1536w, https:\/\/xjyco.com\/wp-content\/uploads\/2025\/09\/Brackish-Water-Reverse-Osmosis-Systems.png 2000w\" sizes=\"(max-width: 1024px) 100vw, 1024px\" \/><\/a><\/p>\n<h2>Quais s\u00e3o as vantagens de <strong><b>f\u00e1brica de dessaliniza\u00e7\u00e3o de \u00e1gua<\/b><\/strong><strong><b>?<\/b><\/strong><\/h2>\n<p><strong>1. capacidades eficientes de dessaliniza\u00e7\u00e3o e purifica\u00e7\u00e3o<\/strong><\/p>\n<p>A taxa de dessaliniza\u00e7\u00e3o da f\u00e1brica de dessaliniza\u00e7\u00e3o de \u00e1gua salobra \u00e9 t\u00e3o elevada como 97%, que pode converter \u00e1gua salobra em \u00e1gua de alta qualidade que cumpre as normas nacionais para \u00e1gua pot\u00e1vel, e pode mesmo cumprir as normas nacionais para \u00e1gua pura.<\/p>\n<p><strong>2. poupan\u00e7a de energia, prote\u00e7\u00e3o ambiental e baixo consumo de energia<\/strong><\/p>\n<p>A instala\u00e7\u00e3o de dessaliniza\u00e7\u00e3o de \u00e1gua salobra centra-se na poupan\u00e7a de energia e na prote\u00e7\u00e3o ambiental na conce\u00e7\u00e3o, adopta uma conce\u00e7\u00e3o de poupan\u00e7a de energia e reduz os custos de produ\u00e7\u00e3o de \u00e1gua. Ao mesmo tempo, o equipamento tem um baixo consumo de energia durante o funcionamento, o que n\u00e3o s\u00f3 cumpre os requisitos de prote\u00e7\u00e3o ambiental, mas tamb\u00e9m reduz os custos operacionais dos utilizadores.<\/p>\n<p><strong>3. materiais dur\u00e1veis<\/strong><\/p>\n<p>Utilizamos a\u00e7o inoxid\u00e1vel e materiais resistentes \u00e0 corros\u00e3o para garantir que o equipamento pode continuar a funcionar de forma est\u00e1vel durante muito tempo em ambientes adversos e prolongar a vida \u00fatil do equipamento.<\/p>\n<p><strong>4. qualidade da \u00e1gua est\u00e1vel e segura<\/strong><\/p>\n<p>Temos equipado um sistema avan\u00e7ado de dete\u00e7\u00e3o e controlo da qualidade da \u00e1gua para garantir que a qualidade da \u00e1gua \u00e9 est\u00e1vel durante muito tempo e cumpre as normas nacionais. Ao mesmo tempo, tamb\u00e9m combin\u00e1mos um processador de esteriliza\u00e7\u00e3o para esterilizar a \u00e1gua armazenada para garantir a seguran\u00e7a e a higiene da qualidade da \u00e1gua.<\/p>\n<p><strong>5. tipos de combina\u00e7\u00e3o e m\u00e9todos de instala\u00e7\u00e3o flex\u00edveis e diversificados<\/strong><\/p>\n<p>A f\u00e1brica de dessaliniza\u00e7\u00e3o de \u00e1gua salobra pode ser combinada em v\u00e1rios tipos, de acordo com as necessidades do utilizador e as condi\u00e7\u00f5es do local, como o tipo de suporte, o tipo montado em patins, o tipo montado em patins, o tipo de contentor, etc. Ao mesmo tempo, o m\u00e9todo de instala\u00e7\u00e3o do equipamento tamb\u00e9m \u00e9 muito flex\u00edvel. Desde que haja energia el\u00e9ctrica e \u00e1gua bruta, pode transformar \u00e1gua doce.<\/p>\n<h2>Especifica\u00e7\u00f5es do produto<\/h2>\n<p><a href=\"https:\/\/xjyco.com\/wp-content\/uploads\/2025\/09\/Brackish-Water-Reverse-Osmosis-Systems-Specifications.jpg\"><img decoding=\"async\" class=\"aligncenter wp-image-2563 size-full\" src=\"https:\/\/xjyco.com\/wp-content\/uploads\/2025\/09\/Brackish-Water-Reverse-Osmosis-Systems-Specifications.jpg\" alt=\"Especifica\u00e7\u00f5es dos sistemas de osmose inversa para \u00e1gua salobra\" width=\"784\" height=\"581\" title=\"\" srcset=\"https:\/\/xjyco.com\/wp-content\/uploads\/2025\/09\/Brackish-Water-Reverse-Osmosis-Systems-Specifications.jpg 784w, https:\/\/xjyco.com\/wp-content\/uploads\/2025\/09\/Brackish-Water-Reverse-Osmosis-Systems-Specifications-300x222.jpg 300w, https:\/\/xjyco.com\/wp-content\/uploads\/2025\/09\/Brackish-Water-Reverse-Osmosis-Systems-Specifications-512x379.jpg 512w, https:\/\/xjyco.com\/wp-content\/uploads\/2025\/09\/Brackish-Water-Reverse-Osmosis-Systems-Specifications-768x569.jpg 768w\" sizes=\"(max-width: 784px) 100vw, 784px\" \/><\/a><\/p>\n<p>&nbsp;<\/p>","protected":false},"excerpt":{"rendered":"<p>Utiliza uma membrana semiperme\u00e1vel para separar os sais e as impurezas da \u00e1gua salobra sob press\u00e3o, conseguindo dessalinizar a \u00e1gua salobra para obter \u00e1gua doce.<\/p>","protected":false},"featured_media":6795,"comment_status":"closed","ping_status":"closed","template":"","meta":{"_acf_changed":false,"site-sidebar-layout":"default","site-content-layout":"","ast-site-content-layout":"default","site-content-style":"default","site-sidebar-style":"default","ast-global-header-display":"","ast-banner-title-visibility":"","ast-main-header-display":"","ast-hfb-above-header-display":"","ast-hfb-below-header-display":"","ast-hfb-mobile-header-display":"","site-post-title":"","ast-breadcrumbs-content":"","ast-featured-img":"","footer-sml-layout":"","ast-disable-related-posts":"","theme-transparent-header-meta":"default","adv-header-id-meta":"","stick-header-meta":"default","header-above-stick-meta":"","header-main-stick-meta":"","header-below-stick-meta":"","astra-migrate-meta-layouts":"set","ast-page-background-enabled":"default","ast-page-background-meta":{"desktop":{"background-color":"var(--ast-global-color-5)","background-image":"","background-repeat":"repeat","background-position":"center center","background-size":"auto","background-attachment":"scroll","background-type":"","background-media":"","overlay-type":"","overlay-color":"","overlay-opacity":"","overlay-gradient":""},"tablet":{"background-color":"","background-image":"","background-repeat":"repeat","background-position":"center center","background-size":"auto","background-attachment":"scroll","background-type":"","background-media":"","overlay-type":"","overlay-color":"","overlay-opacity":"","overlay-gradient":""},"mobile":{"background-color":"","background-image":"","background-repeat":"repeat","background-position":"center center","background-size":"auto","background-attachment":"scroll","background-type":"","background-media":"","overlay-type":"","overlay-color":"","overlay-opacity":"","overlay-gradient":""}},"ast-content-background-meta":{"desktop":{"background-color":"var(--ast-global-color-4)","background-image":"","background-repeat":"repeat","background-position":"center center","background-size":"auto","background-attachment":"scroll","background-type":"","background-media":"","overlay-type":"","overlay-color":"","overlay-opacity":"","overlay-gradient":""},"tablet":{"background-color":"var(--ast-global-color-4)","background-image":"","background-repeat":"repeat","background-position":"center center","background-size":"auto","background-attachment":"scroll","background-type":"","background-media":"","overlay-type":"","overlay-color":"","overlay-opacity":"","overlay-gradient":""},"mobile":{"background-color":"var(--ast-global-color-4)","background-image":"","background-repeat":"repeat","background-position":"center center","background-size":"auto","background-attachment":"scroll","background-type":"","background-media":"","overlay-type":"","overlay-color":"","overlay-opacity":"","overlay-gradient":""}}},"product_brand":[145],"product_cat":[81],"product_tag":[84],"class_list":{"0":"post-2560","1":"product","2":"type-product","3":"status-publish","4":"has-post-thumbnail","6":"product_brand-xinjieyuan","7":"product_cat-water-treatment-equipment","8":"product_tag-brackish-water-reverse-osmosis-systems","9":"desktop-align-center","10":"tablet-align-center","11":"mobile-align-center","13":"first","14":"instock","15":"shipping-taxable","16":"purchasable","17":"product-type-simple"},"acf":[],"_links":{"self":[{"href":"https:\/\/xjyco.com\/pt\/wp-json\/wp\/v2\/product\/2560","targetHints":{"allow":["GET"]}}],"collection":[{"href":"https:\/\/xjyco.com\/pt\/wp-json\/wp\/v2\/product"}],"about":[{"href":"https:\/\/xjyco.com\/pt\/wp-json\/wp\/v2\/types\/product"}],"replies":[{"embeddable":true,"href":"https:\/\/xjyco.com\/pt\/wp-json\/wp\/v2\/comments?post=2560"}],"wp:featuredmedia":[{"embeddable":true,"href":"https:\/\/xjyco.com\/pt\/wp-json\/wp\/v2\/media\/6795"}],"wp:attachment":[{"href":"https:\/\/xjyco.com\/pt\/wp-json\/wp\/v2\/media?parent=2560"}],"wp:term":[{"taxonomy":"product_brand","embeddable":true,"href":"https:\/\/xjyco.com\/pt\/wp-json\/wp\/v2\/product_brand?post=2560"},{"taxonomy":"product_cat","embeddable":true,"href":"https:\/\/xjyco.com\/pt\/wp-json\/wp\/v2\/product_cat?post=2560"},{"taxonomy":"product_tag","embeddable":true,"href":"https:\/\/xjyco.com\/pt\/wp-json\/wp\/v2\/product_tag?post=2560"}],"curies":[{"name":"wp","href":"https:\/\/api.w.org\/{rel}","templated":true}]}}