{"id":2569,"date":"2025-09-09T02:57:47","date_gmt":"2025-09-09T02:57:47","guid":{"rendered":"https:\/\/xjyco.com\/?post_type=product&#038;p=2569"},"modified":"2026-04-26T13:31:26","modified_gmt":"2026-04-26T13:31:26","slug":"containerized-water-treatment-plant","status":"publish","type":"product","link":"https:\/\/xjyco.com\/pt\/product\/containerized-water-treatment-plant\/","title":{"rendered":"Esta\u00e7\u00e3o de tratamento de \u00e1gua em contentores"},"content":{"rendered":"<p>A esta\u00e7\u00e3o de tratamento de \u00e1gua em contentor mostrada na imagem tem uma capacidade de produ\u00e7\u00e3o de 30 toneladas de \u00e1gua por hora. A sua tecnologia principal \u00e9 a <a href=\"https:\/\/xjyco.com\/pt\/product\/reverse-osmosis-systems\/\">osmose inversa<\/a> tecnologia de separa\u00e7\u00e3o por membrana. Sob uma press\u00e3o superior \u00e0 press\u00e3o osm\u00f3tica da solu\u00e7\u00e3o, as impurezas da \u00e1gua s\u00e3o separadas. Porque a membrana de osmose inversa apenas permite a passagem das mol\u00e9culas de \u00e1gua. Alcan\u00e7ando assim o objetivo de purificar a qualidade da \u00e1gua. A nossa f\u00e1brica aceita a personaliza\u00e7\u00e3o de diferentes especifica\u00e7\u00f5es, desde 250 LPH a 100 TLPH.<\/p>\n<p>Al\u00e9m disso, as tecnologias utilizadas no equipamento de tratamento de \u00e1gua em contentores podem incluir a ultrafiltra\u00e7\u00e3o, a dessaliniza\u00e7\u00e3o da \u00e1gua do mar, etc. O processo espec\u00edfico de purifica\u00e7\u00e3o da \u00e1gua depende da fonte de \u00e1gua.<\/p>\n<p>No que diz respeito ao sector da energia, a nossa empresa tamb\u00e9m pode personalizar o equipamento de contentores solares, se necess\u00e1rio.<\/p>\n<h2><strong><b>Como funcionam as esta\u00e7\u00f5es de tratamento de \u00e1gua em contentores?<\/b><\/strong><\/h2>\n<p>Em seguida, explicarei o princ\u00edpio de funcionamento do equipamento de osmose inversa em contentor.<\/p>\n<p>Devido \u00e0s carater\u00edsticas da membrana semiperme\u00e1vel da membrana RO, podemos efetuar uma purifica\u00e7\u00e3o de alta efici\u00eancia sob press\u00e3o. Pode reduzir significativamente o teor de sal e a taxa de purifica\u00e7\u00e3o pode atingir 95% - 99% ou mais. Utilizamos a membrana RO para intercetar bact\u00e9rias, v\u00edrus e outros microorganismos RO em grande escala para evitar a deteriora\u00e7\u00e3o da qualidade da \u00e1gua. De acordo com o princ\u00edpio da dissolu\u00e7\u00e3o de subst\u00e2ncias semelhantes, removemos a maior parte da mat\u00e9ria org\u00e2nica para melhorar a qualidade da \u00e1gua. A qualidade da \u00e1gua \u00e9 ajustada com a ajuda de dispositivos de regula\u00e7\u00e3o nas liga\u00e7\u00f5es de pr\u00e9-tratamento ou p\u00f3s-tratamento para satisfazer diferentes necessidades.<\/p>\n<p>A purifica\u00e7\u00e3o da \u00e1gua pode ser dividida principalmente em tr\u00eas etapas.<\/p>\n<h3>1. pr\u00e9-tratamento<\/h3>\n<p>Em primeiro lugar, a \u00e1gua bruta passa pelo tanque de \u00e1gua bruta, bomba de \u00e1gua bruta. Em seguida, passa pelo filtro multim\u00e9dia (remo\u00e7\u00e3o de mat\u00e9ria em suspens\u00e3o, etc.), filtro de carv\u00e3o ativado (remo\u00e7\u00e3o de mat\u00e9ria org\u00e2nica, etc. e limita\u00e7\u00e3o do cloro residual). Se a \u00e1gua bruta tiver uma dureza elevada, tamb\u00e9m \u00e9 necess\u00e1rio passar pelo amaciador (adsorvendo i\u00f5es de c\u00e1lcio e magn\u00e9sio).<\/p>\n<h3>2. tratamento por osmose inversa<\/h3>\n<p>Em segundo lugar, o filtro de seguran\u00e7a filtra finamente a \u00e1gua pr\u00e9-tratada para remover as impurezas com diferentes precis\u00f5es para garantir a qualidade da \u00e1gua. A bomba de alta press\u00e3o \u00e9 controlada por m\u00faltiplos factores para fornecer press\u00e3o \u00e0 membrana de osmose inversa para conseguir a separa\u00e7\u00e3o dos materiais. O conjunto da membrana de osmose inversa permite que parte da \u00e1gua seja purificada e produzida sob alta press\u00e3o, interceptando as impurezas, e a taxa de dessaliniza\u00e7\u00e3o excede 98%.<\/p>\n<h3>3. p\u00f3s-tratamento e armazenamento<\/h3>\n<p>Finalmente, a \u00e1gua limpa ap\u00f3s o tratamento por osmose inversa pode ter microrganismos residuais. Nesse caso, \u00e9 necess\u00e1rio utilizar l\u00e2mpadas ultravioletas, esterilizadores de ozono, etc., para desinfetar. A \u00e1gua desinfectada \u00e9 armazenada no tanque de \u00e1gua pura e transportada para o ponto de \u00e1gua pela bomba de \u00e1gua pura para satisfazer a procura.<\/p>\n<p><img fetchpriority=\"high\" decoding=\"async\" class=\"wp-image-6016 size-full aligncenter\" src=\"https:\/\/xjyco.com\/wp-content\/uploads\/2025\/09\/reverse-osmosis-process.jpeg\" alt=\"processo de osmose inversa\" width=\"1024\" height=\"768\" title=\"\" srcset=\"https:\/\/xjyco.com\/wp-content\/uploads\/2025\/09\/reverse-osmosis-process.jpeg 1024w, https:\/\/xjyco.com\/wp-content\/uploads\/2025\/09\/reverse-osmosis-process-300x225.jpeg 300w, https:\/\/xjyco.com\/wp-content\/uploads\/2025\/09\/reverse-osmosis-process-512x384.jpeg 512w, https:\/\/xjyco.com\/wp-content\/uploads\/2025\/09\/reverse-osmosis-process-150x113.jpeg 150w, https:\/\/xjyco.com\/wp-content\/uploads\/2025\/09\/reverse-osmosis-process-768x576.jpeg 768w\" sizes=\"(max-width: 1024px) 100vw, 1024px\" \/><\/p>\n<h2>Vantagens de <strong><b>esta\u00e7\u00e3o de tratamento de \u00e1gua em contentor<\/b><\/strong><\/h2>\n<p><strong>1. extens\u00e3o modular<\/strong><\/p>\n<p>Utilizando uma estrutura de contentor padr\u00e3o, pode ser convenientemente transportado por estrada, comboio e mar. O equipamento \u00e9 totalmente pr\u00e9-montado e colocado em funcionamento na f\u00e1brica, exigindo apenas a liga\u00e7\u00e3o dos tubos de entrada e sa\u00edda de \u00e1gua e do sistema el\u00e9trico no local. Pode ser iniciado e colocado em funcionamento em 1-3 dias, melhorando a efici\u00eancia em mais de 90% em compara\u00e7\u00e3o com o ciclo de constru\u00e7\u00e3o das esta\u00e7\u00f5es de tratamento de \u00e1gua tradicionais, que demora v\u00e1rios meses.<\/p>\n<p><strong>2.Forte capacidade de produ\u00e7\u00e3o de \u00e1gua<\/strong><\/p>\n<p>A produ\u00e7\u00e3o de \u00e1gua por hora atinge 30 toneladas, o que pode satisfazer a procura de \u00e1gua cont\u00ednua e em grande escala. Quer se trate de produ\u00e7\u00e3o industrial em grande escala ou de abastecimento de \u00e1gua viva em \u00e1reas densamente povoadas, pode fornecer de forma est\u00e1vel fontes de \u00e1gua suficientes.<\/p>\n<p><strong>3. excelente qualidade da \u00e1gua<\/strong><\/p>\n<p>A esta\u00e7\u00e3o de tratamento de \u00e1gua em contentor tem uma taxa de dessaliniza\u00e7\u00e3o superior a 95% e, uma vez que a dimens\u00e3o dos poros da membrana de osmose inversa \u00e9 t\u00e3o pequena como 0,0001 microns, pode quase intercetar todos os microrganismos para garantir a seguran\u00e7a dos indicadores microbianos da qualidade da \u00e1gua. Tamb\u00e9m pode reduzir significativamente o conte\u00fado de mat\u00e9ria org\u00e2nica, como o \u00e1cido h\u00famico, e reduzir a DQO e a CBO.<\/p>\n<p><strong>4. funcionamento est\u00e1vel<\/strong><\/p>\n<p>A m\u00e1quina tem um elevado grau de automatiza\u00e7\u00e3o, utiliza PLC para ajustar os par\u00e2metros de funcionamento, ajusta o estado de acordo com o valor definido, tem prote\u00e7\u00e3o contra alta e baixa press\u00e3o, prote\u00e7\u00e3o contra falta de \u00e1gua e outros alarmes de avaria, pode funcionar de forma cont\u00ednua e est\u00e1vel, e produzir \u00e1gua de forma cont\u00ednua e est\u00e1vel<\/p>\n<p><strong>5. econ\u00f3mico e eficiente<\/strong><\/p>\n<p>O equipamento tem a vantagem de ter um baixo consumo de energia. A tecnologia avan\u00e7ada de osmose inversa optimiza o consumo de energia operacional, reduz os custos a longo prazo, tem uma elevada taxa de recupera\u00e7\u00e3o, pode melhorar a utiliza\u00e7\u00e3o dos recursos h\u00eddricos e reduzir os res\u00edduos e os custos da \u00e1gua.<\/p>\n<p><strong>6. amplamente utilizado<\/strong><\/p>\n<p>No campo industrial, \u00e9 adequado para as ind\u00fastrias eletr\u00f3nica, farmac\u00eautica, qu\u00edmica, alimentar e de bebidas, fornecendo \u00e1gua de processo de alta pureza para garantir a qualidade do produto. Noutro dom\u00ednio da vida, podemos utilizar sistemas de equipamento em contentores em comunidades, escolas, hospitais, hot\u00e9is e outros locais para fornecer \u00e1gua pot\u00e1vel de alta qualidade.<\/p>","protected":false},"excerpt":{"rendered":"<p>A esta\u00e7\u00e3o de tratamento de \u00e1gua em contentor \u00e9 um equipamento altamente eficiente e amigo do ambiente que integra tecnologia avan\u00e7ada de purifica\u00e7\u00e3o de \u00e1gua com design integrado em contentor normalizado. Integra altamente o sistema de pr\u00e9-tratamento, a unidade principal, o controlo inteligente, a limpeza e manuten\u00e7\u00e3o e a unidade de armazenamento de \u00e1gua num contentor padr\u00e3o de 20 ou 40 p\u00e9s, realizando um processo de ciclo fechado desde a purifica\u00e7\u00e3o da \u00e1gua bruta at\u00e9 \u00e0 \u00e1gua produzida padr\u00e3o.<\/p>","protected":false},"featured_media":6794,"comment_status":"closed","ping_status":"closed","template":"","meta":{"_acf_changed":false,"site-sidebar-layout":"default","site-content-layout":"","ast-site-content-layout":"default","site-content-style":"default","site-sidebar-style":"default","ast-global-header-display":"","ast-banner-title-visibility":"","ast-main-header-display":"","ast-hfb-above-header-display":"","ast-hfb-below-header-display":"","ast-hfb-mobile-header-display":"","site-post-title":"","ast-breadcrumbs-content":"","ast-featured-img":"","footer-sml-layout":"","ast-disable-related-posts":"","theme-transparent-header-meta":"default","adv-header-id-meta":"","stick-header-meta":"default","header-above-stick-meta":"","header-main-stick-meta":"","header-below-stick-meta":"","astra-migrate-meta-layouts":"set","ast-page-background-enabled":"default","ast-page-background-meta":{"desktop":{"background-color":"var(--ast-global-color-5)","background-image":"","background-repeat":"repeat","background-position":"center center","background-size":"auto","background-attachment":"scroll","background-type":"","background-media":"","overlay-type":"","overlay-color":"","overlay-opacity":"","overlay-gradient":""},"tablet":{"background-color":"","background-image":"","background-repeat":"repeat","background-position":"center center","background-size":"auto","background-attachment":"scroll","background-type":"","background-media":"","overlay-type":"","overlay-color":"","overlay-opacity":"","overlay-gradient":""},"mobile":{"background-color":"","background-image":"","background-repeat":"repeat","background-position":"center center","background-size":"auto","background-attachment":"scroll","background-type":"","background-media":"","overlay-type":"","overlay-color":"","overlay-opacity":"","overlay-gradient":""}},"ast-content-background-meta":{"desktop":{"background-color":"var(--ast-global-color-4)","background-image":"","background-repeat":"repeat","background-position":"center center","background-size":"auto","background-attachment":"scroll","background-type":"","background-media":"","overlay-type":"","overlay-color":"","overlay-opacity":"","overlay-gradient":""},"tablet":{"background-color":"var(--ast-global-color-4)","background-image":"","background-repeat":"repeat","background-position":"center center","background-size":"auto","background-attachment":"scroll","background-type":"","background-media":"","overlay-type":"","overlay-color":"","overlay-opacity":"","overlay-gradient":""},"mobile":{"background-color":"var(--ast-global-color-4)","background-image":"","background-repeat":"repeat","background-position":"center center","background-size":"auto","background-attachment":"scroll","background-type":"","background-media":"","overlay-type":"","overlay-color":"","overlay-opacity":"","overlay-gradient":""}}},"product_brand":[145],"product_cat":[81],"product_tag":[155],"class_list":{"0":"post-2569","1":"product","2":"type-product","3":"status-publish","4":"has-post-thumbnail","6":"product_brand-xinjieyuan","7":"product_cat-water-treatment-equipment","8":"product_tag-containerized-water-treatment-plant","9":"desktop-align-center","10":"tablet-align-center","11":"mobile-align-center","13":"first","14":"instock","15":"shipping-taxable","16":"purchasable","17":"product-type-simple"},"acf":[],"_links":{"self":[{"href":"https:\/\/xjyco.com\/pt\/wp-json\/wp\/v2\/product\/2569","targetHints":{"allow":["GET"]}}],"collection":[{"href":"https:\/\/xjyco.com\/pt\/wp-json\/wp\/v2\/product"}],"about":[{"href":"https:\/\/xjyco.com\/pt\/wp-json\/wp\/v2\/types\/product"}],"replies":[{"embeddable":true,"href":"https:\/\/xjyco.com\/pt\/wp-json\/wp\/v2\/comments?post=2569"}],"wp:featuredmedia":[{"embeddable":true,"href":"https:\/\/xjyco.com\/pt\/wp-json\/wp\/v2\/media\/6794"}],"wp:attachment":[{"href":"https:\/\/xjyco.com\/pt\/wp-json\/wp\/v2\/media?parent=2569"}],"wp:term":[{"taxonomy":"product_brand","embeddable":true,"href":"https:\/\/xjyco.com\/pt\/wp-json\/wp\/v2\/product_brand?post=2569"},{"taxonomy":"product_cat","embeddable":true,"href":"https:\/\/xjyco.com\/pt\/wp-json\/wp\/v2\/product_cat?post=2569"},{"taxonomy":"product_tag","embeddable":true,"href":"https:\/\/xjyco.com\/pt\/wp-json\/wp\/v2\/product_tag?post=2569"}],"curies":[{"name":"wp","href":"https:\/\/api.w.org\/{rel}","templated":true}]}}