{"id":2589,"date":"2025-09-09T03:41:52","date_gmt":"2025-09-09T03:41:52","guid":{"rendered":"https:\/\/xjyco.com\/?post_type=product&#038;p=2589"},"modified":"2026-04-26T13:33:15","modified_gmt":"2026-04-26T13:33:15","slug":"edi-system-electrodeionization","status":"publish","type":"product","link":"https:\/\/xjyco.com\/pt\/product\/edi-system-electrodeionization\/","title":{"rendered":"Sistema EDI Electrodeioniza\u00e7\u00e3o"},"content":{"rendered":"<p>A electrodeioniza\u00e7\u00e3o do sistema EDI \u00e9 um equipamento cont\u00ednuo de electrodeioniza\u00e7\u00e3o. Na verdade, combina as carater\u00edsticas da resina de permuta i\u00f3nica e da membrana perme\u00e1vel selectiva de i\u00f5es. Por outras palavras, pode remover profundamente as impurezas i\u00f3nicas da \u00e1gua e produzir \u00e1gua de alta pureza.<\/p>\n<p>A nossa f\u00e1brica aceita a personaliza\u00e7\u00e3o de diferentes especifica\u00e7\u00f5es, desde 250 LPH a 100 TLPH. No que diz respeito ao sector da energia, tamb\u00e9m podemos personalizar o equipamento de contentores solares, se necess\u00e1rio.<\/p>\n<h2><strong><b>Como funciona a electrodeioniza\u00e7\u00e3o do sistema EDI?<\/b><\/strong><\/h2>\n<p>Em seguida, explicarei o princ\u00edpio de funcionamento do sistema edi.<\/p>\n<p>Combina a permuta i\u00f3nica com o acionamento el\u00e9trico. Sob a tra\u00e7\u00e3o da for\u00e7a do campo el\u00e9trico, os ani\u00f5es e cati\u00f5es da \u00e1gua migram para a c\u00e2mara de \u00e1gua concentrada atrav\u00e9s de membranas selectivas de permuta i\u00f3nica, respetivamente, removendo continuamente quase todas as impurezas i\u00f3nicas da \u00e1gua. Deste modo, prepara-se \u00e1gua ultrapura de elevada pureza de forma eficiente e est\u00e1vel, sem necessidade de grandes quantidades de regenera\u00e7\u00e3o de \u00e1cidos e \u00e1lcalis.<\/p>\n<p>A purifica\u00e7\u00e3o da \u00e1gua pode ser dividida principalmente em quatro etapas.<\/p>\n<h3><strong><b>1. pr\u00e9-tratamento<\/b><\/strong><\/h3>\n<p>Em primeiro lugar, o pr\u00e9-tratamento \u00e9 o primeiro passo no fluxo de trabalho do sistema EDI. O seu objetivo \u00e9 remover impurezas como s\u00f3lidos em suspens\u00e3o, oxig\u00e9nio dissolvido, mat\u00e9ria org\u00e2nica e bact\u00e9rias na \u00e1gua bruta.<\/p>\n<h3><strong><b>2. tratamento do sistema de osmose inversa (RO)<\/b><\/strong><\/h3>\n<p>Em segundo lugar, o sistema de osmose inversa utiliza a permeabilidade selectiva da membrana semiperme\u00e1vel para remover os s\u00f3lidos dissolvidos, os sais inorg\u00e2nicos e os microrganismos presentes na \u00e1gua, produzindo \u00e1gua dessalinizada de elevada pureza.<\/p>\n<h3><strong><b>3. sistema EDI <\/b><\/strong><strong><b>Electrodeioniza\u00e7\u00e3o <\/b><\/strong><strong><b>Tratamento<\/b><\/strong><\/h3>\n<p>Em terceiro lugar, a electrodeioniza\u00e7\u00e3o do sistema EDI combina os princ\u00edpios da rea\u00e7\u00e3o eletroqu\u00edmica e da troca i\u00f3nica para conseguir uma remo\u00e7\u00e3o profunda dos i\u00f5es.<\/p>\n<h3><strong><b>4. tratamento subsequente e armazenamento<\/b><\/strong><\/h3>\n<p>Finalmente, para evitar a contamina\u00e7\u00e3o secund\u00e1ria da \u00e1gua pura durante o armazenamento e a distribui\u00e7\u00e3o, s\u00e3o normalmente instalados esterilizadores ultravioleta UV. Ap\u00f3s o tratamento acima referido, a \u00e1gua pura entra no tanque de armazenamento de \u00e1gua ou no tanque de \u00e1gua pura para armazenamento. E distribuiremos \u00e1gua pura para v\u00e1rios pontos de utiliza\u00e7\u00e3o de \u00e1gua, conforme necess\u00e1rio.<\/p>\n<p><a href=\"https:\/\/xjyco.com\/wp-content\/uploads\/2025\/09\/EDI-Electrodeionization-Systems-process.png\"><img fetchpriority=\"high\" decoding=\"async\" class=\"aligncenter wp-image-2590 size-large\" src=\"https:\/\/xjyco.com\/wp-content\/uploads\/2025\/09\/EDI-Electrodeionization-Systems-process-1024x768.png\" alt=\"Processo EDI Electrodeionization Systems\" width=\"1024\" height=\"768\" title=\"\" srcset=\"https:\/\/xjyco.com\/wp-content\/uploads\/2025\/09\/EDI-Electrodeionization-Systems-process-1024x768.png 1024w, https:\/\/xjyco.com\/wp-content\/uploads\/2025\/09\/EDI-Electrodeionization-Systems-process-300x225.png 300w, https:\/\/xjyco.com\/wp-content\/uploads\/2025\/09\/EDI-Electrodeionization-Systems-process-768x576.png 768w, https:\/\/xjyco.com\/wp-content\/uploads\/2025\/09\/EDI-Electrodeionization-Systems-process.png 1265w\" sizes=\"(max-width: 1024px) 100vw, 1024px\" \/><\/a><\/p>\n<h2>Vantagens de\u00a0 <strong><b>Sistema EDI electrodeioniza\u00e7\u00e3o<\/b><\/strong><\/h2>\n<p><strong>1. integra\u00e7\u00e3o tecnol\u00f3gica<\/strong><\/p>\n<p>O sistema EDI combina a eletrodi\u00e1lise e a tecnologia de permuta i\u00f3nica, impulsionando a migra\u00e7\u00e3o de i\u00f5es atrav\u00e9s de campos el\u00e9ctricos. Utiliza resinas de permuta i\u00f3nica para a remo\u00e7\u00e3o e regenera\u00e7\u00e3o de i\u00f5es, conseguindo um processo de dessaliniza\u00e7\u00e3o eficiente e cont\u00ednuo.<\/p>\n<p><strong>2. conce\u00e7\u00e3o modular<\/strong><\/p>\n<p>O sistema EDI adopta geralmente uma estrutura modular, que \u00e9 f\u00e1cil de instalar, depurar e manter. Devido a esta conce\u00e7\u00e3o, permite que o equipamento seja configurado de forma flex\u00edvel de acordo com as necessidades reais. Assim, satisfaz diferentes escalas de tratamento e requisitos de qualidade da \u00e1gua.<\/p>\n<p><strong>3. elevada qualidade dos efluentes<\/strong><\/p>\n<p>Os sistemas de electrodeioniza\u00e7\u00e3o EDI podem produzir \u00e1gua ultrapura de alta qualidade com qualidade de \u00e1gua est\u00e1vel e resistividade de mais de 15M\u03a9-CM. Assim, pode satisfazer as necessidades de \u00e1gua de alta pureza da eletr\u00f3nica, medicina, ind\u00fastria qu\u00edmica, etc.<\/p>\n<p><strong>4. poupan\u00e7a de energia e prote\u00e7\u00e3o ambiental<\/strong><\/p>\n<p>Em compara\u00e7\u00e3o com o equipamento tradicional de permuta i\u00f3nica, o sistema EDI n\u00e3o necessita de utilizar \u00e1cidos e \u00e1lcalis para a regenera\u00e7\u00e3o da resina. Por conseguinte, \u00e9 capaz de reduzir o consumo de \u00e1cidos e \u00e1lcalis e a descarga de \u00e1guas residuais, bem como a polui\u00e7\u00e3o ambiental.<\/p>\n<p><strong>5. funcionamento est\u00e1vel<\/strong><\/p>\n<p>Porque o sistema EDI n\u00e3o \u00e9 afetado por condi\u00e7\u00f5es externas como o tempo, a press\u00e3o e a temperatura durante o funcionamento, e a qualidade do efluente \u00e9 est\u00e1vel e fi\u00e1vel. N\u00e3o haver\u00e1 flutua\u00e7\u00e3o ou decl\u00ednio na qualidade da \u00e1gua.<\/p>","protected":false},"excerpt":{"rendered":"<p>O equipamento EDI, como dispositivo ecol\u00f3gico e inovador que integra as tecnologias de electrodeioniza\u00e7\u00e3o e de permuta i\u00f3nica, pode produzir continuamente \u00e1gua ultrapura de elevada pureza sem a necessidade de regenera\u00e7\u00e3o qu\u00edmica \u00e1cido-base. Resolve completamente os problemas dos processos tradicionais de tratamento de \u00e1gua, como a interrup\u00e7\u00e3o da produ\u00e7\u00e3o de \u00e1gua, a descarga de polui\u00e7\u00e3o e os custos elevados, e tornou-se a principal escolha preferida para os modernos sistemas industriais de \u00e1gua ultrapura.<\/p>","protected":false},"featured_media":6796,"comment_status":"closed","ping_status":"closed","template":"","meta":{"_acf_changed":false,"site-sidebar-layout":"default","site-content-layout":"","ast-site-content-layout":"default","site-content-style":"default","site-sidebar-style":"default","ast-global-header-display":"","ast-banner-title-visibility":"","ast-main-header-display":"","ast-hfb-above-header-display":"","ast-hfb-below-header-display":"","ast-hfb-mobile-header-display":"","site-post-title":"","ast-breadcrumbs-content":"","ast-featured-img":"","footer-sml-layout":"","ast-disable-related-posts":"","theme-transparent-header-meta":"default","adv-header-id-meta":"","stick-header-meta":"default","header-above-stick-meta":"","header-main-stick-meta":"","header-below-stick-meta":"","astra-migrate-meta-layouts":"set","ast-page-background-enabled":"default","ast-page-background-meta":{"desktop":{"background-color":"var(--ast-global-color-5)","background-image":"","background-repeat":"repeat","background-position":"center center","background-size":"auto","background-attachment":"scroll","background-type":"","background-media":"","overlay-type":"","overlay-color":"","overlay-opacity":"","overlay-gradient":""},"tablet":{"background-color":"","background-image":"","background-repeat":"repeat","background-position":"center center","background-size":"auto","background-attachment":"scroll","background-type":"","background-media":"","overlay-type":"","overlay-color":"","overlay-opacity":"","overlay-gradient":""},"mobile":{"background-color":"","background-image":"","background-repeat":"repeat","background-position":"center center","background-size":"auto","background-attachment":"scroll","background-type":"","background-media":"","overlay-type":"","overlay-color":"","overlay-opacity":"","overlay-gradient":""}},"ast-content-background-meta":{"desktop":{"background-color":"var(--ast-global-color-4)","background-image":"","background-repeat":"repeat","background-position":"center center","background-size":"auto","background-attachment":"scroll","background-type":"","background-media":"","overlay-type":"","overlay-color":"","overlay-opacity":"","overlay-gradient":""},"tablet":{"background-color":"var(--ast-global-color-4)","background-image":"","background-repeat":"repeat","background-position":"center center","background-size":"auto","background-attachment":"scroll","background-type":"","background-media":"","overlay-type":"","overlay-color":"","overlay-opacity":"","overlay-gradient":""},"mobile":{"background-color":"var(--ast-global-color-4)","background-image":"","background-repeat":"repeat","background-position":"center center","background-size":"auto","background-attachment":"scroll","background-type":"","background-media":"","overlay-type":"","overlay-color":"","overlay-opacity":"","overlay-gradient":""}}},"product_brand":[145],"product_cat":[81],"product_tag":[97],"class_list":{"0":"post-2589","1":"product","2":"type-product","3":"status-publish","4":"has-post-thumbnail","6":"product_brand-xinjieyuan","7":"product_cat-water-treatment-equipment","8":"product_tag-edi-system-electrodeionization","9":"desktop-align-center","10":"tablet-align-center","11":"mobile-align-center","13":"first","14":"instock","15":"shipping-taxable","16":"purchasable","17":"product-type-simple"},"acf":[],"_links":{"self":[{"href":"https:\/\/xjyco.com\/pt\/wp-json\/wp\/v2\/product\/2589","targetHints":{"allow":["GET"]}}],"collection":[{"href":"https:\/\/xjyco.com\/pt\/wp-json\/wp\/v2\/product"}],"about":[{"href":"https:\/\/xjyco.com\/pt\/wp-json\/wp\/v2\/types\/product"}],"replies":[{"embeddable":true,"href":"https:\/\/xjyco.com\/pt\/wp-json\/wp\/v2\/comments?post=2589"}],"wp:featuredmedia":[{"embeddable":true,"href":"https:\/\/xjyco.com\/pt\/wp-json\/wp\/v2\/media\/6796"}],"wp:attachment":[{"href":"https:\/\/xjyco.com\/pt\/wp-json\/wp\/v2\/media?parent=2589"}],"wp:term":[{"taxonomy":"product_brand","embeddable":true,"href":"https:\/\/xjyco.com\/pt\/wp-json\/wp\/v2\/product_brand?post=2589"},{"taxonomy":"product_cat","embeddable":true,"href":"https:\/\/xjyco.com\/pt\/wp-json\/wp\/v2\/product_cat?post=2589"},{"taxonomy":"product_tag","embeddable":true,"href":"https:\/\/xjyco.com\/pt\/wp-json\/wp\/v2\/product_tag?post=2589"}],"curies":[{"name":"wp","href":"https:\/\/api.w.org\/{rel}","templated":true}]}}